{"id":145644,"date":"2025-05-18T23:34:19","date_gmt":"2025-05-18T23:34:19","guid":{"rendered":"https:\/\/staging2.stylingagenten.com\/fi\/produkt\/nyx-prof-makeup-define-refine-powder-foundation-deep\/"},"modified":"2025-11-30T15:01:43","modified_gmt":"2025-11-30T15:01:43","slug":"nyx-prof-makeup-define-refine-powder-foundation-deep","status":"publish","type":"product","link":"https:\/\/stylingagenten.com\/fi\/tuote\/nyx-prof-makeup-define-refine-powder-foundation-deep\/","title":{"rendered":"NYX PROF. MAKEUP Define &amp; Refine Powder Foundation &#8211; Deep"},"content":{"rendered":"<p>NYX PROFESSIONAL MAKEUP Define &amp; Refine Powder Foundation \u2013 Deep on fantastinen puuterimeikkivoide, joka peitt\u00e4\u00e4 keskipitk\u00e4st\u00e4 t\u00e4ydelliseen. R\u00e4\u00e4t\u00e4l\u00f6i persoonallinen ilme sen kahdella eri s\u00e4vyll\u00e4 ja luo t\u00e4ydellisyytt\u00e4 ymp\u00e4ri vuoden!<\/p>\n","protected":false},"excerpt":{"rendered":"<p>NYX PROFESSIONAL MAKEUP Define &amp; Refine Powder Foundation \u2013 Deep on fantastinen puuterimeikkivoide, joka peitt\u00e4\u00e4 keskipitk\u00e4st\u00e4 t\u00e4ydelliseen. R\u00e4\u00e4t\u00e4l\u00f6i persoonallinen ilme sen kahdella eri s\u00e4vyll\u00e4 ja luo t\u00e4ydellisyytt\u00e4 ymp\u00e4ri vuoden!<\/p>\n","protected":false},"featured_media":145642,"comment_status":"open","ping_status":"closed","template":"","meta":{"_trash_the_other_posts":false},"product_brand":[],"product_cat":[625],"product_tag":[],"berocket_brand":[1025],"class_list":{"0":"post-145644","1":"product","2":"type-product","3":"status-publish","4":"has-post-thumbnail","6":"product_cat-kulmakyna","7":"pa_brand-nyx","8":"berocket_brand-nyx","10":"first","11":"instock","12":"sale","13":"taxable","14":"shipping-taxable","15":"purchasable","16":"product-type-simple"},"_links":{"self":[{"href":"https:\/\/stylingagenten.com\/fi\/wp-json\/wp\/v2\/product\/145644","targetHints":{"allow":["GET"]}}],"collection":[{"href":"https:\/\/stylingagenten.com\/fi\/wp-json\/wp\/v2\/product"}],"about":[{"href":"https:\/\/stylingagenten.com\/fi\/wp-json\/wp\/v2\/types\/product"}],"replies":[{"embeddable":true,"href":"https:\/\/stylingagenten.com\/fi\/wp-json\/wp\/v2\/comments?post=145644"}],"version-history":[{"count":0,"href":"https:\/\/stylingagenten.com\/fi\/wp-json\/wp\/v2\/product\/145644\/revisions"}],"wp:featuredmedia":[{"embeddable":true,"href":"https:\/\/stylingagenten.com\/fi\/wp-json\/wp\/v2\/media\/145642"}],"wp:attachment":[{"href":"https:\/\/stylingagenten.com\/fi\/wp-json\/wp\/v2\/media?parent=145644"}],"wp:term":[{"taxonomy":"product_brand","embeddable":true,"href":"https:\/\/stylingagenten.com\/fi\/wp-json\/wp\/v2\/product_brand?post=145644"},{"taxonomy":"product_cat","embeddable":true,"href":"https:\/\/stylingagenten.com\/fi\/wp-json\/wp\/v2\/product_cat?post=145644"},{"taxonomy":"product_tag","embeddable":true,"href":"https:\/\/stylingagenten.com\/fi\/wp-json\/wp\/v2\/product_tag?post=145644"},{"taxonomy":"berocket_brand","embeddable":true,"href":"https:\/\/stylingagenten.com\/fi\/wp-json\/wp\/v2\/berocket_brand?post=145644"}],"curies":[{"name":"wp","href":"https:\/\/api.w.org\/{rel}","templated":true}]}}