{"id":145641,"date":"2025-05-18T23:34:18","date_gmt":"2025-05-18T23:34:18","guid":{"rendered":"https:\/\/staging2.stylingagenten.com\/fi\/produkt\/maybelline-brow-ultra-slim-eyebrow-pencil-6-black-brown\/"},"modified":"2026-03-29T08:48:31","modified_gmt":"2026-03-29T08:48:31","slug":"maybelline-brow-ultra-slim-eyebrow-pencil-6-black-brown","status":"publish","type":"product","link":"https:\/\/stylingagenten.com\/fi\/tuote\/maybelline-brow-ultra-slim-eyebrow-pencil-6-black-brown\/","title":{"rendered":"Maybelline Brow Ultra Slim Eyebrow Pencil 6 Black Brown"},"content":{"rendered":"<p>Maybelline Brow Ultra Slim Eyebrow Pencil 6 musta ruskea<br \/>Maybelline Saat selke\u00e4t ja luonnolliset kulmakarvat Brow Ultra Slim -kulmakyn\u00e4ll\u00e4. Tasainen k\u00e4ytt\u00f6 \u00e4\u00e4rimm\u00e4isell\u00e4 tarkkuudella. Ohut 1,5 mm:n applikaattorik\u00e4rki, jossa on karvamaista kammaa, luovat selke\u00e4t ja luonnollisen n\u00e4k\u00f6iset kulmat koko p\u00e4iv\u00e4n ajan.<\/p>\n","protected":false},"excerpt":{"rendered":"<p>Maybelline Brow Ultra Slim Eyebrow Pencil 6 musta ruskeaMaybelline Saat selke\u00e4t ja luonnolliset kulmakarvat Brow Ultra Slim -kulmakyn\u00e4ll\u00e4. Tasainen k\u00e4ytt\u00f6 \u00e4\u00e4rimm\u00e4isell\u00e4 tarkkuudella. Ohut 1,5 mm:n applikaattorik\u00e4rki, jossa on karvamaista kammaa, luovat selke\u00e4t ja luonnollisen n\u00e4k\u00f6iset kulmat koko p\u00e4iv\u00e4n ajan.<\/p>\n","protected":false},"featured_media":145638,"comment_status":"open","ping_status":"closed","template":"","meta":{"_trash_the_other_posts":false},"product_brand":[],"product_cat":[625],"product_tag":[],"berocket_brand":[1016],"class_list":{"0":"post-145641","1":"product","2":"type-product","3":"status-publish","4":"has-post-thumbnail","6":"product_cat-kulmakyna","7":"pa_brand-maybelline","8":"berocket_brand-maybelline","10":"first","11":"outofstock","12":"sale","13":"taxable","14":"shipping-taxable","15":"purchasable","16":"product-type-simple"},"_links":{"self":[{"href":"https:\/\/stylingagenten.com\/fi\/wp-json\/wp\/v2\/product\/145641","targetHints":{"allow":["GET"]}}],"collection":[{"href":"https:\/\/stylingagenten.com\/fi\/wp-json\/wp\/v2\/product"}],"about":[{"href":"https:\/\/stylingagenten.com\/fi\/wp-json\/wp\/v2\/types\/product"}],"replies":[{"embeddable":true,"href":"https:\/\/stylingagenten.com\/fi\/wp-json\/wp\/v2\/comments?post=145641"}],"version-history":[{"count":0,"href":"https:\/\/stylingagenten.com\/fi\/wp-json\/wp\/v2\/product\/145641\/revisions"}],"wp:featuredmedia":[{"embeddable":true,"href":"https:\/\/stylingagenten.com\/fi\/wp-json\/wp\/v2\/media\/145638"}],"wp:attachment":[{"href":"https:\/\/stylingagenten.com\/fi\/wp-json\/wp\/v2\/media?parent=145641"}],"wp:term":[{"taxonomy":"product_brand","embeddable":true,"href":"https:\/\/stylingagenten.com\/fi\/wp-json\/wp\/v2\/product_brand?post=145641"},{"taxonomy":"product_cat","embeddable":true,"href":"https:\/\/stylingagenten.com\/fi\/wp-json\/wp\/v2\/product_cat?post=145641"},{"taxonomy":"product_tag","embeddable":true,"href":"https:\/\/stylingagenten.com\/fi\/wp-json\/wp\/v2\/product_tag?post=145641"},{"taxonomy":"berocket_brand","embeddable":true,"href":"https:\/\/stylingagenten.com\/fi\/wp-json\/wp\/v2\/berocket_brand?post=145641"}],"curies":[{"name":"wp","href":"https:\/\/api.w.org\/{rel}","templated":true}]}}