{"id":145632,"date":"2025-05-18T23:34:16","date_gmt":"2025-05-18T23:34:16","guid":{"rendered":"https:\/\/staging2.stylingagenten.com\/fi\/produkt\/artdeco-ultra-fine-brow-liner-15-saddle-0-9g\/"},"modified":"2026-03-06T00:07:47","modified_gmt":"2026-03-06T00:07:47","slug":"artdeco-ultra-fine-brow-liner-15-saddle-0-9g","status":"publish","type":"product","link":"https:\/\/stylingagenten.com\/fi\/tuote\/artdeco-ultra-fine-brow-liner-15-saddle-0-9g\/","title":{"rendered":"Artdeco Ultra Fine Brow Liner 15 Saddle 0.9g"},"content":{"rendered":"<p>Ultra Brow Fine Liner on vedenpit\u00e4v\u00e4 kulmakarvojen lyijykyn\u00e4, joka luo \u00e4\u00e4rimm\u00e4isen hienoja juonteita, jotka n\u00e4ytt\u00e4v\u00e4t luonnollisilta karvoilta \u2013 t\u00e4ytel\u00e4iset kulmakarvat ja luonnollisen lopputuloksen! Kyn\u00e4ss\u00e4 on ergonomisesti muotoiltu sivellin, jolla on helppo muotoilla kulmakarvoja ja poistaa rajuja juonteita. <br \/>\u2022 Vedenpit\u00e4v\u00e4 kulmakarvakyn\u00e4 <br \/>\u2022 Luo eritt\u00e4in hienoja juonteita, jotka muistuttavat luonnollisia harjaksia <br \/>\u2022 Sis\u00e4lt\u00e4\u00e4 ergonomisen siveltimen, joka muotoilee kulmakarvoja ja h\u00e4m\u00e4rt\u00e4\u00e4 ter\u00e4vi\u00e4 viivoja <\/p>\n<p>Antioksidantit C- ja E-vitamiini suojaavat vapailta radikaaleilta ja vahvistaa omia kulmakarvojasi.<\/p>\n","protected":false},"excerpt":{"rendered":"<p>Ultra Brow Fine Liner on vedenpit\u00e4v\u00e4 kulmakarvojen lyijykyn\u00e4, joka luo \u00e4\u00e4rimm\u00e4isen hienoja juonteita, jotka n\u00e4ytt\u00e4v\u00e4t luonnollisilta karvoilta \u2013 t\u00e4ytel\u00e4iset kulmakarvat ja luonnollisen lopputuloksen! Kyn\u00e4ss\u00e4 on ergonomisesti muotoiltu sivellin, jolla on helppo muotoilla kulmakarvoja ja poistaa rajuja juonteita. \u2022 Vedenpit\u00e4v\u00e4 kulmakarvakyn\u00e4 \u2022 Luo eritt\u00e4in hienoja juonteita, jotka muistuttavat luonnollisia harjaksia \u2022 Sis\u00e4lt\u00e4\u00e4 ergonomisen siveltimen, joka muotoilee [&hellip;]<\/p>\n","protected":false},"featured_media":145611,"comment_status":"open","ping_status":"closed","template":"","meta":{"_trash_the_other_posts":false},"product_brand":[],"product_cat":[625],"product_tag":[2447],"berocket_brand":[1385],"class_list":{"0":"post-145632","1":"product","2":"type-product","3":"status-publish","4":"has-post-thumbnail","6":"product_cat-kulmakyna","7":"product_tag-artdeco-ultra-fine-brow-liner-0-9g","8":"pa_brand-artdeco","9":"pa_variantti-15-saddle","10":"berocket_brand-artdeco","12":"first","13":"instock","14":"sale","15":"taxable","16":"shipping-taxable","17":"purchasable","18":"product-type-simple"},"_links":{"self":[{"href":"https:\/\/stylingagenten.com\/fi\/wp-json\/wp\/v2\/product\/145632","targetHints":{"allow":["GET"]}}],"collection":[{"href":"https:\/\/stylingagenten.com\/fi\/wp-json\/wp\/v2\/product"}],"about":[{"href":"https:\/\/stylingagenten.com\/fi\/wp-json\/wp\/v2\/types\/product"}],"replies":[{"embeddable":true,"href":"https:\/\/stylingagenten.com\/fi\/wp-json\/wp\/v2\/comments?post=145632"}],"version-history":[{"count":0,"href":"https:\/\/stylingagenten.com\/fi\/wp-json\/wp\/v2\/product\/145632\/revisions"}],"wp:featuredmedia":[{"embeddable":true,"href":"https:\/\/stylingagenten.com\/fi\/wp-json\/wp\/v2\/media\/145611"}],"wp:attachment":[{"href":"https:\/\/stylingagenten.com\/fi\/wp-json\/wp\/v2\/media?parent=145632"}],"wp:term":[{"taxonomy":"product_brand","embeddable":true,"href":"https:\/\/stylingagenten.com\/fi\/wp-json\/wp\/v2\/product_brand?post=145632"},{"taxonomy":"product_cat","embeddable":true,"href":"https:\/\/stylingagenten.com\/fi\/wp-json\/wp\/v2\/product_cat?post=145632"},{"taxonomy":"product_tag","embeddable":true,"href":"https:\/\/stylingagenten.com\/fi\/wp-json\/wp\/v2\/product_tag?post=145632"},{"taxonomy":"berocket_brand","embeddable":true,"href":"https:\/\/stylingagenten.com\/fi\/wp-json\/wp\/v2\/berocket_brand?post=145632"}],"curies":[{"name":"wp","href":"https:\/\/api.w.org\/{rel}","templated":true}]}}