{"id":145537,"date":"2025-05-18T23:34:01","date_gmt":"2025-05-18T23:34:01","guid":{"rendered":"https:\/\/staging2.stylingagenten.com\/fi\/produkt\/kokie-brow-mascara-tinted-eyebrow-gel-light-brown\/"},"modified":"2026-01-29T14:46:32","modified_gmt":"2026-01-29T14:46:32","slug":"kokie-brow-mascara-tinted-eyebrow-gel-light-brown","status":"publish","type":"product","link":"https:\/\/stylingagenten.com\/fi\/tuote\/kokie-brow-mascara-tinted-eyebrow-gel-light-brown\/","title":{"rendered":"Kokie Brow Mascara Tinted Eyebrow Gel &#8211; Light Brown"},"content":{"rendered":"<p id=\"isPasted\">Kokie&#8217;s Brow Mascara S\u00e4vytetty Eyebrow Gel &#8211; Vaaleanruskea on pakollinen niille, jotka haluavat antaa kulmakarvoilleen selke\u00e4n ja muodon. T\u00e4m\u00e4 koostumus on pitk\u00e4kestoinen ja helppo levitt\u00e4\u00e4, joten se on t\u00e4ydellinen jokap\u00e4iv\u00e4iseen k\u00e4ytt\u00f6\u00f6n. Vaaleanruskea v\u00e4ri sopii t\u00e4ydellisesti vaaleampiin hiusv\u00e4reihin ja antaa kulmakarvoille luonnollisen, hienovaraisen s\u00e4vyn.<\/p>\n<p>Yksi \u200b\u200bt\u00e4m\u00e4n kulmakarvageelin n\u00e4kyvimmist\u00e4 ominaisuuksista on sen sivellinapplikaattori. Kyn\u00e4 on suunniteltu levitt\u00e4m\u00e4\u00e4n koostumus tasaisesti ja p\u00e4\u00e4llyst\u00e4m\u00e4\u00e4n ja kesytt\u00e4m\u00e4\u00e4n kulmakarvat, jotta saat t\u00e4ydellisen muotoiset kulmakarvat joka kerta.<\/p>\n<p>Komeettisten etujensa lis\u00e4ksi t\u00e4m\u00e4 kulmakarvojen ripsiv\u00e4ri sis\u00e4lt\u00e4\u00e4 my\u00f6s ravitsevia ainesosia, jotka auttavat vahvistamaan ja pehment\u00e4m\u00e4\u00e4n kulmakarvat. Koostumus sis\u00e4lt\u00e4\u00e4 E-vitamiinia ja pantenolia, jotka edist\u00e4v\u00e4t tervett\u00e4 hiusten kasvua ja pit\u00e4v\u00e4t kulmakarvat huippukunnossa.<br \/>Jos haluat luonnollisen ja selke\u00e4n ilmeen kulmakarvoillesi, Kokie&#8217;s Brow Mascara Tinted Eyebrow Gel &#8211; Vaaleanruskea on erinomainen valinta. Joten miksi odottaa? Kokeile sit\u00e4 itse ja koe ero, jonka se voi tehd\u00e4 kulmakarvoillesi!<\/p>\n<p>Tuloksena on kauniit kulmakarvat, joiden luonnollinen lopputulos kest\u00e4\u00e4 koko p\u00e4iv\u00e4n.<\/p>\n<p>Saatavilla v\u00e4rein\u00e4 Blonde, Light Brown, Keskiruskea, tummanruskea, musta ja kirkas<\/p>\n","protected":false},"excerpt":{"rendered":"<p>Kokie&#8217;s Brow Mascara S\u00e4vytetty Eyebrow Gel &#8211; Vaaleanruskea on pakollinen niille, jotka haluavat antaa kulmakarvoilleen selke\u00e4n ja muodon. T\u00e4m\u00e4 koostumus on pitk\u00e4kestoinen ja helppo levitt\u00e4\u00e4, joten se on t\u00e4ydellinen jokap\u00e4iv\u00e4iseen k\u00e4ytt\u00f6\u00f6n. Vaaleanruskea v\u00e4ri sopii t\u00e4ydellisesti vaaleampiin hiusv\u00e4reihin ja antaa kulmakarvoille luonnollisen, hienovaraisen s\u00e4vyn. Yksi \u200b\u200bt\u00e4m\u00e4n kulmakarvageelin n\u00e4kyvimmist\u00e4 ominaisuuksista on sen sivellinapplikaattori. Kyn\u00e4 on suunniteltu levitt\u00e4m\u00e4\u00e4n [&hellip;]<\/p>\n","protected":false},"featured_media":145533,"comment_status":"open","ping_status":"closed","template":"","meta":{"_trash_the_other_posts":false},"product_brand":[],"product_cat":[627],"product_tag":[3135],"berocket_brand":[1198],"class_list":{"0":"post-145537","1":"product","2":"type-product","3":"status-publish","4":"has-post-thumbnail","6":"product_cat-kulmakarvojen-geeli","7":"product_tag-kokie-brow-mascara-tinted-eyebrow-gel","8":"pa_brand-kokie-cosmetics","9":"pa_variantti-light-brown","10":"berocket_brand-kokie-cosmetics","12":"first","13":"instock","14":"sale","15":"taxable","16":"shipping-taxable","17":"purchasable","18":"product-type-simple"},"_links":{"self":[{"href":"https:\/\/stylingagenten.com\/fi\/wp-json\/wp\/v2\/product\/145537","targetHints":{"allow":["GET"]}}],"collection":[{"href":"https:\/\/stylingagenten.com\/fi\/wp-json\/wp\/v2\/product"}],"about":[{"href":"https:\/\/stylingagenten.com\/fi\/wp-json\/wp\/v2\/types\/product"}],"replies":[{"embeddable":true,"href":"https:\/\/stylingagenten.com\/fi\/wp-json\/wp\/v2\/comments?post=145537"}],"version-history":[{"count":0,"href":"https:\/\/stylingagenten.com\/fi\/wp-json\/wp\/v2\/product\/145537\/revisions"}],"wp:featuredmedia":[{"embeddable":true,"href":"https:\/\/stylingagenten.com\/fi\/wp-json\/wp\/v2\/media\/145533"}],"wp:attachment":[{"href":"https:\/\/stylingagenten.com\/fi\/wp-json\/wp\/v2\/media?parent=145537"}],"wp:term":[{"taxonomy":"product_brand","embeddable":true,"href":"https:\/\/stylingagenten.com\/fi\/wp-json\/wp\/v2\/product_brand?post=145537"},{"taxonomy":"product_cat","embeddable":true,"href":"https:\/\/stylingagenten.com\/fi\/wp-json\/wp\/v2\/product_cat?post=145537"},{"taxonomy":"product_tag","embeddable":true,"href":"https:\/\/stylingagenten.com\/fi\/wp-json\/wp\/v2\/product_tag?post=145537"},{"taxonomy":"berocket_brand","embeddable":true,"href":"https:\/\/stylingagenten.com\/fi\/wp-json\/wp\/v2\/berocket_brand?post=145537"}],"curies":[{"name":"wp","href":"https:\/\/api.w.org\/{rel}","templated":true}]}}