{"id":145505,"date":"2025-05-18T23:33:56","date_gmt":"2025-05-18T23:33:56","guid":{"rendered":"https:\/\/staging2.stylingagenten.com\/fi\/produkt\/nyx-prof-makeup-thick-it-stick-it-brow-mascara-taupe\/"},"modified":"2026-02-05T09:17:47","modified_gmt":"2026-02-05T09:17:47","slug":"nyx-prof-makeup-thick-it-stick-it-brow-mascara-taupe","status":"publish","type":"product","link":"https:\/\/stylingagenten.com\/fi\/tuote\/nyx-prof-makeup-thick-it-stick-it-brow-mascara-taupe\/","title":{"rendered":"NYX PROF. MAKEUP  Thick it. Stick it! Brow Mascara &#8211; Taupe"},"content":{"rendered":"<p>Uusi vegaaninen kulmakarvageeli kahdeksassa eri s\u00e4vyss\u00e4, joilla on voimakas vaikutus v\u00e4rj\u00e4\u00e4m\u00e4\u00e4n, kesytt\u00e4m\u00e4\u00e4n ja paksuuntamaan kaikentyyppisi\u00e4 kulmakarvoja luonnollisella viimeistelyll\u00e4, joka kest\u00e4\u00e4 16 tuntia. Eritt\u00e4in rakennettavat, s\u00e4vytetyt kasviper\u00e4iset kuidut viev\u00e4t kulmakarvat uudelle tasolle; jokaisen kerroksen kanssa. P\u00e4ivit\u00e4 kulmakarvasi paksuista paksumpiin paksuimpiin saadaksesi yhden ja tehdyn kokemuksen.<\/p>\n<p>7 ml<\/p>\n","protected":false},"excerpt":{"rendered":"<p>Uusi vegaaninen kulmakarvageeli kahdeksassa eri s\u00e4vyss\u00e4, joilla on voimakas vaikutus v\u00e4rj\u00e4\u00e4m\u00e4\u00e4n, kesytt\u00e4m\u00e4\u00e4n ja paksuuntamaan kaikentyyppisi\u00e4 kulmakarvoja luonnollisella viimeistelyll\u00e4, joka kest\u00e4\u00e4 16 tuntia. Eritt\u00e4in rakennettavat, s\u00e4vytetyt kasviper\u00e4iset kuidut viev\u00e4t kulmakarvat uudelle tasolle; jokaisen kerroksen kanssa. P\u00e4ivit\u00e4 kulmakarvasi paksuista paksumpiin paksuimpiin saadaksesi yhden ja tehdyn kokemuksen. 7 ml<\/p>\n","protected":false},"featured_media":145464,"comment_status":"open","ping_status":"closed","template":"","meta":{"_trash_the_other_posts":false},"product_brand":[],"product_cat":[627,1005],"product_tag":[3643],"berocket_brand":[1025],"class_list":{"0":"post-145505","1":"product","2":"type-product","3":"status-publish","4":"has-post-thumbnail","6":"product_cat-kulmakarvojen-geeli","7":"product_cat-outlet","8":"product_tag-nyx-prof-makeup-thick-it-stick-it-brow-mascara","9":"pa_brand-nyx","10":"pa_variantti-taupe","11":"berocket_brand-nyx","13":"first","14":"instock","15":"sale","16":"taxable","17":"shipping-taxable","18":"purchasable","19":"product-type-simple"},"_links":{"self":[{"href":"https:\/\/stylingagenten.com\/fi\/wp-json\/wp\/v2\/product\/145505","targetHints":{"allow":["GET"]}}],"collection":[{"href":"https:\/\/stylingagenten.com\/fi\/wp-json\/wp\/v2\/product"}],"about":[{"href":"https:\/\/stylingagenten.com\/fi\/wp-json\/wp\/v2\/types\/product"}],"replies":[{"embeddable":true,"href":"https:\/\/stylingagenten.com\/fi\/wp-json\/wp\/v2\/comments?post=145505"}],"version-history":[{"count":0,"href":"https:\/\/stylingagenten.com\/fi\/wp-json\/wp\/v2\/product\/145505\/revisions"}],"wp:featuredmedia":[{"embeddable":true,"href":"https:\/\/stylingagenten.com\/fi\/wp-json\/wp\/v2\/media\/145464"}],"wp:attachment":[{"href":"https:\/\/stylingagenten.com\/fi\/wp-json\/wp\/v2\/media?parent=145505"}],"wp:term":[{"taxonomy":"product_brand","embeddable":true,"href":"https:\/\/stylingagenten.com\/fi\/wp-json\/wp\/v2\/product_brand?post=145505"},{"taxonomy":"product_cat","embeddable":true,"href":"https:\/\/stylingagenten.com\/fi\/wp-json\/wp\/v2\/product_cat?post=145505"},{"taxonomy":"product_tag","embeddable":true,"href":"https:\/\/stylingagenten.com\/fi\/wp-json\/wp\/v2\/product_tag?post=145505"},{"taxonomy":"berocket_brand","embeddable":true,"href":"https:\/\/stylingagenten.com\/fi\/wp-json\/wp\/v2\/berocket_brand?post=145505"}],"curies":[{"name":"wp","href":"https:\/\/api.w.org\/{rel}","templated":true}]}}