{"id":145433,"date":"2025-05-18T23:33:46","date_gmt":"2025-05-18T23:33:46","guid":{"rendered":"https:\/\/staging2.stylingagenten.com\/fi\/produkt\/loreal-paris-brow-artist-plump-set-108-brunette-5-ml\/"},"modified":"2026-04-01T13:59:49","modified_gmt":"2026-04-01T13:59:49","slug":"loreal-paris-brow-artist-plump-set-108-brunette-5-ml","status":"publish","type":"product","link":"https:\/\/stylingagenten.com\/fi\/tuote\/loreal-paris-brow-artist-plump-set-108-brunette-5-ml\/","title":{"rendered":"L&#8217;Or\u00e9al Paris Brow Artist Plump &amp; Set 108 Dark Brunette 5 ml"},"content":{"rendered":"<p>Kulmageeli kulmakarvoille, jotka n\u00e4ytt\u00e4v\u00e4t t\u00e4ytel\u00e4isemmilt\u00e4. Yhdell\u00e4 yksinkertaisella askeleella Brow Artis Plump &amp; Set antaa kulmillesi volyymia ja intensiivisen ilmeen. Lyhyell\u00e4 applikaattorilla ja kulmaharjalla tarkkaan levitykseen. Koostumus, joka tuntuu kevyelt\u00e4 ja antaa sinulle t\u00e4ytel\u00e4iset kulmakarvat, jotka eiv\u00e4t tunnu j\u00e4ykilt\u00e4. *Vedenpit\u00e4v\u00e4 *Ei tahraa.<\/p>\n","protected":false},"excerpt":{"rendered":"<p>Kulmageeli kulmakarvoille, jotka n\u00e4ytt\u00e4v\u00e4t t\u00e4ytel\u00e4isemmilt\u00e4. Yhdell\u00e4 yksinkertaisella askeleella Brow Artis Plump &amp; Set antaa kulmillesi volyymia ja intensiivisen ilmeen. Lyhyell\u00e4 applikaattorilla ja kulmaharjalla tarkkaan levitykseen. Koostumus, joka tuntuu kevyelt\u00e4 ja antaa sinulle t\u00e4ytel\u00e4iset kulmakarvat, jotka eiv\u00e4t tunnu j\u00e4ykilt\u00e4. *Vedenpit\u00e4v\u00e4 *Ei tahraa.<\/p>\n","protected":false},"featured_media":145430,"comment_status":"open","ping_status":"closed","template":"","meta":{"_trash_the_other_posts":false},"product_brand":[],"product_cat":[627],"product_tag":[3242],"berocket_brand":[2000],"class_list":{"0":"post-145433","1":"product","2":"type-product","3":"status-publish","4":"has-post-thumbnail","6":"product_cat-kulmakarvojen-geeli","7":"product_tag-loreal-paris-brow-artist-plump-set-5-ml","8":"pa_brand-loreal-paris-2","9":"pa_variantti-108-brunette","10":"berocket_brand-loreal-paris","12":"first","13":"instock","14":"sale","15":"taxable","16":"shipping-taxable","17":"purchasable","18":"product-type-simple"},"_links":{"self":[{"href":"https:\/\/stylingagenten.com\/fi\/wp-json\/wp\/v2\/product\/145433","targetHints":{"allow":["GET"]}}],"collection":[{"href":"https:\/\/stylingagenten.com\/fi\/wp-json\/wp\/v2\/product"}],"about":[{"href":"https:\/\/stylingagenten.com\/fi\/wp-json\/wp\/v2\/types\/product"}],"replies":[{"embeddable":true,"href":"https:\/\/stylingagenten.com\/fi\/wp-json\/wp\/v2\/comments?post=145433"}],"version-history":[{"count":0,"href":"https:\/\/stylingagenten.com\/fi\/wp-json\/wp\/v2\/product\/145433\/revisions"}],"wp:featuredmedia":[{"embeddable":true,"href":"https:\/\/stylingagenten.com\/fi\/wp-json\/wp\/v2\/media\/145430"}],"wp:attachment":[{"href":"https:\/\/stylingagenten.com\/fi\/wp-json\/wp\/v2\/media?parent=145433"}],"wp:term":[{"taxonomy":"product_brand","embeddable":true,"href":"https:\/\/stylingagenten.com\/fi\/wp-json\/wp\/v2\/product_brand?post=145433"},{"taxonomy":"product_cat","embeddable":true,"href":"https:\/\/stylingagenten.com\/fi\/wp-json\/wp\/v2\/product_cat?post=145433"},{"taxonomy":"product_tag","embeddable":true,"href":"https:\/\/stylingagenten.com\/fi\/wp-json\/wp\/v2\/product_tag?post=145433"},{"taxonomy":"berocket_brand","embeddable":true,"href":"https:\/\/stylingagenten.com\/fi\/wp-json\/wp\/v2\/berocket_brand?post=145433"}],"curies":[{"name":"wp","href":"https:\/\/api.w.org\/{rel}","templated":true}]}}