{"id":145418,"date":"2025-05-18T23:33:45","date_gmt":"2025-05-18T23:33:45","guid":{"rendered":"https:\/\/staging2.stylingagenten.com\/fi\/produkt\/rco-magic-wand-brow-gel-4ml\/"},"modified":"2026-03-16T11:59:25","modified_gmt":"2026-03-16T11:59:25","slug":"rco-magic-wand-brow-gel-4ml","status":"publish","type":"product","link":"https:\/\/stylingagenten.com\/fi\/tuote\/rco-magic-wand-brow-gel-4ml\/","title":{"rendered":"R+Co Magic Wand Brow Gel 4ml"},"content":{"rendered":"<p>Lumoa p\u00e4iv\u00e4 MAGIC WANDilla, tarttumattomalla kulmakarvageelill\u00e4, joka kesytt\u00e4\u00e4 ja hoitaa kulmakarvojasi pit\u00e4en ne paikoillaan. T\u00e4ydellinen t\u00e4ytel\u00e4iseen ja kiillotettuun lookiin, joka kest\u00e4\u00e4.<\/p>\n<p>Hyv\u00e4: Pehment\u00e4\u00e4 ja m\u00e4\u00e4rittelee kulmakarvoja tarttumatta tai hilseilem\u00e4tt\u00e4.<\/p>\n<p>Kuinka: Levit\u00e4 geeli\u00e4 lyhyill\u00e4 siveltimen vedoilla yl\u00f6sp\u00e4in. Voidaan k\u00e4ytt\u00e4\u00e4 yksin\u00e4\u00e4n tai viimeistelytuotteena.<\/p>\n","protected":false},"excerpt":{"rendered":"<p>Lumoa p\u00e4iv\u00e4 MAGIC WANDilla, tarttumattomalla kulmakarvageelill\u00e4, joka kesytt\u00e4\u00e4 ja hoitaa kulmakarvojasi pit\u00e4en ne paikoillaan. T\u00e4ydellinen t\u00e4ytel\u00e4iseen ja kiillotettuun lookiin, joka kest\u00e4\u00e4. Hyv\u00e4: Pehment\u00e4\u00e4 ja m\u00e4\u00e4rittelee kulmakarvoja tarttumatta tai hilseilem\u00e4tt\u00e4. Kuinka: Levit\u00e4 geeli\u00e4 lyhyill\u00e4 siveltimen vedoilla yl\u00f6sp\u00e4in. Voidaan k\u00e4ytt\u00e4\u00e4 yksin\u00e4\u00e4n tai viimeistelytuotteena.<\/p>\n","protected":false},"featured_media":145414,"comment_status":"open","ping_status":"closed","template":"","meta":{"_trash_the_other_posts":false},"product_brand":[],"product_cat":[627],"product_tag":[],"berocket_brand":[1373],"class_list":{"0":"post-145418","1":"product","2":"type-product","3":"status-publish","4":"has-post-thumbnail","6":"product_cat-kulmakarvojen-geeli","7":"pa_brand-rco","8":"berocket_brand-rco","10":"first","11":"outofstock","12":"sale","13":"taxable","14":"shipping-taxable","15":"purchasable","16":"product-type-simple"},"_links":{"self":[{"href":"https:\/\/stylingagenten.com\/fi\/wp-json\/wp\/v2\/product\/145418","targetHints":{"allow":["GET"]}}],"collection":[{"href":"https:\/\/stylingagenten.com\/fi\/wp-json\/wp\/v2\/product"}],"about":[{"href":"https:\/\/stylingagenten.com\/fi\/wp-json\/wp\/v2\/types\/product"}],"replies":[{"embeddable":true,"href":"https:\/\/stylingagenten.com\/fi\/wp-json\/wp\/v2\/comments?post=145418"}],"version-history":[{"count":0,"href":"https:\/\/stylingagenten.com\/fi\/wp-json\/wp\/v2\/product\/145418\/revisions"}],"wp:featuredmedia":[{"embeddable":true,"href":"https:\/\/stylingagenten.com\/fi\/wp-json\/wp\/v2\/media\/145414"}],"wp:attachment":[{"href":"https:\/\/stylingagenten.com\/fi\/wp-json\/wp\/v2\/media?parent=145418"}],"wp:term":[{"taxonomy":"product_brand","embeddable":true,"href":"https:\/\/stylingagenten.com\/fi\/wp-json\/wp\/v2\/product_brand?post=145418"},{"taxonomy":"product_cat","embeddable":true,"href":"https:\/\/stylingagenten.com\/fi\/wp-json\/wp\/v2\/product_cat?post=145418"},{"taxonomy":"product_tag","embeddable":true,"href":"https:\/\/stylingagenten.com\/fi\/wp-json\/wp\/v2\/product_tag?post=145418"},{"taxonomy":"berocket_brand","embeddable":true,"href":"https:\/\/stylingagenten.com\/fi\/wp-json\/wp\/v2\/berocket_brand?post=145418"}],"curies":[{"name":"wp","href":"https:\/\/api.w.org\/{rel}","templated":true}]}}