{"id":145399,"date":"2025-05-18T23:33:42","date_gmt":"2025-05-18T23:33:42","guid":{"rendered":"https:\/\/staging2.stylingagenten.com\/fi\/produkt\/nyx-prof-makeup-the-brow-glue-instant-brow-styler-05-black\/"},"modified":"2025-11-19T12:32:06","modified_gmt":"2025-11-19T12:32:06","slug":"nyx-prof-makeup-the-brow-glue-instant-brow-styler-05-black","status":"publish","type":"product","link":"https:\/\/stylingagenten.com\/fi\/tuote\/nyx-prof-makeup-the-brow-glue-instant-brow-styler-05-black\/","title":{"rendered":"NYX PROF. MAKEUP The Brow Glue Instant Brow Styler 05 Black"},"content":{"rendered":"<p>NYX PROF. MAKEUP The Brow Glue Instant Brow Styler 05 Black<br \/>Brow Glue Instant Brow Styler NYX Professional Makeupilta on nyt saatavilla eri s\u00e4vyiss\u00e4!<br \/>T\u00e4m\u00e4 kulmakarvojen muotoilugeeli auttaa sinua luomaan hetkess\u00e4 kohonneet ja hyvin muotoillut ripset. K\u00e4yt\u00e4 NYX Professional Makeupin Lift &amp; Snatch Brow Tint Pen -kyn\u00e4n kanssa saadaksesi mukavan lopputuloksen.<br \/>Jos haluat pehme\u00e4mm\u00e4n mutta tyylikk\u00e4\u00e4n lookin, voit k\u00e4ytt\u00e4\u00e4 sit\u00e4 Micro Brow Pencil -kyn\u00e4n kanssa. Mahdollisuudet ovat rajattomat!<\/p>\n","protected":false},"excerpt":{"rendered":"<p>NYX PROF. MAKEUP The Brow Glue Instant Brow Styler 05 BlackBrow Glue Instant Brow Styler NYX Professional Makeupilta on nyt saatavilla eri s\u00e4vyiss\u00e4!T\u00e4m\u00e4 kulmakarvojen muotoilugeeli auttaa sinua luomaan hetkess\u00e4 kohonneet ja hyvin muotoillut ripset. K\u00e4yt\u00e4 NYX Professional Makeupin Lift &amp; Snatch Brow Tint Pen -kyn\u00e4n kanssa saadaksesi mukavan lopputuloksen.Jos haluat pehme\u00e4mm\u00e4n mutta tyylikk\u00e4\u00e4n lookin, voit [&hellip;]<\/p>\n","protected":false},"featured_media":145398,"comment_status":"open","ping_status":"closed","template":"","meta":{"_trash_the_other_posts":false},"product_brand":[],"product_cat":[627],"product_tag":[3707],"berocket_brand":[1025],"class_list":{"0":"post-145399","1":"product","2":"type-product","3":"status-publish","4":"has-post-thumbnail","6":"product_cat-kulmakarvojen-geeli","7":"product_tag-nyx-prof-makeup-the-brow-glue-instant-brow-styler","8":"pa_brand-nyx","9":"pa_variantti-05-black","10":"berocket_brand-nyx","12":"first","13":"instock","14":"sale","15":"taxable","16":"shipping-taxable","17":"purchasable","18":"product-type-simple"},"_links":{"self":[{"href":"https:\/\/stylingagenten.com\/fi\/wp-json\/wp\/v2\/product\/145399","targetHints":{"allow":["GET"]}}],"collection":[{"href":"https:\/\/stylingagenten.com\/fi\/wp-json\/wp\/v2\/product"}],"about":[{"href":"https:\/\/stylingagenten.com\/fi\/wp-json\/wp\/v2\/types\/product"}],"replies":[{"embeddable":true,"href":"https:\/\/stylingagenten.com\/fi\/wp-json\/wp\/v2\/comments?post=145399"}],"version-history":[{"count":0,"href":"https:\/\/stylingagenten.com\/fi\/wp-json\/wp\/v2\/product\/145399\/revisions"}],"wp:featuredmedia":[{"embeddable":true,"href":"https:\/\/stylingagenten.com\/fi\/wp-json\/wp\/v2\/media\/145398"}],"wp:attachment":[{"href":"https:\/\/stylingagenten.com\/fi\/wp-json\/wp\/v2\/media?parent=145399"}],"wp:term":[{"taxonomy":"product_brand","embeddable":true,"href":"https:\/\/stylingagenten.com\/fi\/wp-json\/wp\/v2\/product_brand?post=145399"},{"taxonomy":"product_cat","embeddable":true,"href":"https:\/\/stylingagenten.com\/fi\/wp-json\/wp\/v2\/product_cat?post=145399"},{"taxonomy":"product_tag","embeddable":true,"href":"https:\/\/stylingagenten.com\/fi\/wp-json\/wp\/v2\/product_tag?post=145399"},{"taxonomy":"berocket_brand","embeddable":true,"href":"https:\/\/stylingagenten.com\/fi\/wp-json\/wp\/v2\/berocket_brand?post=145399"}],"curies":[{"name":"wp","href":"https:\/\/api.w.org\/{rel}","templated":true}]}}