{"id":145395,"date":"2025-05-18T23:33:41","date_gmt":"2025-05-18T23:33:41","guid":{"rendered":"https:\/\/staging2.stylingagenten.com\/fi\/produkt\/artdeco-clear-lash-brow-gel-10ml\/"},"modified":"2026-03-24T16:07:47","modified_gmt":"2026-03-24T16:07:47","slug":"artdeco-clear-lash-brow-gel-10ml","status":"publish","type":"product","link":"https:\/\/stylingagenten.com\/fi\/tuote\/artdeco-clear-lash-brow-gel-10ml\/","title":{"rendered":"Artdeco Clear Lash &amp; Brow Gel 10ml"},"content":{"rendered":"<p>Artdeco Clear Lash &amp; Brow Gel on l\u00e4pin\u00e4kyv\u00e4 geeli, joka muotoilee ripset ja kulmat t\u00e4ydellisyyteen! K\u00e4yt\u00e4 sit\u00e4 yksin\u00e4\u00e4n luonnollisen ilmeen saavuttamiseksi tai ripsiv\u00e4rin p\u00e4\u00e4ll\u00e4 suojataksesi ripset. K\u00e4yt\u00e4 kulmissa muotoiluun ja kiinnitykseen.<\/p>\n<p>-L\u00e4pin\u00e4kyv\u00e4 geeli kulmille ja ripsille<br \/>\n<br \/>-Voidaan levitt\u00e4\u00e4 ripsiv\u00e4rin p\u00e4\u00e4lle lis\u00e4suojaksi<br \/>\n<br \/>-Muotoilee ja kiinnitt\u00e4\u00e4 kulmat<br \/>\n<br \/>-Vegaaninen<\/p>\n<p>10 ml<\/p>\n","protected":false},"excerpt":{"rendered":"<p>Artdeco Clear Lash &amp; Brow Gel on l\u00e4pin\u00e4kyv\u00e4 geeli, joka muotoilee ripset ja kulmat t\u00e4ydellisyyteen! K\u00e4yt\u00e4 sit\u00e4 yksin\u00e4\u00e4n luonnollisen ilmeen saavuttamiseksi tai ripsiv\u00e4rin p\u00e4\u00e4ll\u00e4 suojataksesi ripset. K\u00e4yt\u00e4 kulmissa muotoiluun ja kiinnitykseen. -L\u00e4pin\u00e4kyv\u00e4 geeli kulmille ja ripsille -Voidaan levitt\u00e4\u00e4 ripsiv\u00e4rin p\u00e4\u00e4lle lis\u00e4suojaksi -Muotoilee ja kiinnitt\u00e4\u00e4 kulmat -Vegaaninen 10 ml<\/p>\n","protected":false},"featured_media":145385,"comment_status":"open","ping_status":"closed","template":"","meta":{"_trash_the_other_posts":false},"product_brand":[],"product_cat":[627],"product_tag":[],"berocket_brand":[1385],"class_list":{"0":"post-145395","1":"product","2":"type-product","3":"status-publish","4":"has-post-thumbnail","6":"product_cat-kulmakarvojen-geeli","7":"pa_brand-artdeco","8":"berocket_brand-artdeco","10":"first","11":"instock","12":"sale","13":"taxable","14":"shipping-taxable","15":"purchasable","16":"product-type-simple"},"_links":{"self":[{"href":"https:\/\/stylingagenten.com\/fi\/wp-json\/wp\/v2\/product\/145395","targetHints":{"allow":["GET"]}}],"collection":[{"href":"https:\/\/stylingagenten.com\/fi\/wp-json\/wp\/v2\/product"}],"about":[{"href":"https:\/\/stylingagenten.com\/fi\/wp-json\/wp\/v2\/types\/product"}],"replies":[{"embeddable":true,"href":"https:\/\/stylingagenten.com\/fi\/wp-json\/wp\/v2\/comments?post=145395"}],"version-history":[{"count":0,"href":"https:\/\/stylingagenten.com\/fi\/wp-json\/wp\/v2\/product\/145395\/revisions"}],"wp:featuredmedia":[{"embeddable":true,"href":"https:\/\/stylingagenten.com\/fi\/wp-json\/wp\/v2\/media\/145385"}],"wp:attachment":[{"href":"https:\/\/stylingagenten.com\/fi\/wp-json\/wp\/v2\/media?parent=145395"}],"wp:term":[{"taxonomy":"product_brand","embeddable":true,"href":"https:\/\/stylingagenten.com\/fi\/wp-json\/wp\/v2\/product_brand?post=145395"},{"taxonomy":"product_cat","embeddable":true,"href":"https:\/\/stylingagenten.com\/fi\/wp-json\/wp\/v2\/product_cat?post=145395"},{"taxonomy":"product_tag","embeddable":true,"href":"https:\/\/stylingagenten.com\/fi\/wp-json\/wp\/v2\/product_tag?post=145395"},{"taxonomy":"berocket_brand","embeddable":true,"href":"https:\/\/stylingagenten.com\/fi\/wp-json\/wp\/v2\/berocket_brand?post=145395"}],"curies":[{"name":"wp","href":"https:\/\/api.w.org\/{rel}","templated":true}]}}