{"id":145373,"date":"2025-05-18T23:33:39","date_gmt":"2025-05-18T23:33:39","guid":{"rendered":"https:\/\/staging2.stylingagenten.com\/fi\/produkt\/wet-n-wild-brow-maximizer-powder-gel-duo-neutral-brown\/"},"modified":"2025-11-19T12:47:14","modified_gmt":"2025-11-19T12:47:14","slug":"wet-n-wild-brow-maximizer-powder-gel-duo-neutral-brown","status":"publish","type":"product","link":"https:\/\/stylingagenten.com\/fi\/tuote\/wet-n-wild-brow-maximizer-powder-gel-duo-neutral-brown\/","title":{"rendered":"Wet n Wild Brow Maximizer Powder + Gel Duo Neutral Brown"},"content":{"rendered":"<p>Wet n Wild Brow Maximizer Powder + Gel Duo Neutral Brown on Wet n Wildin 2-in-1 kaksipuoleinen kulmatuote, jossa on ruskea puuteri toisella puolella ja l\u00e4pin\u00e4kyv\u00e4 geeli toisella. Puuterisovittimet tarjoavat juuri oikean m\u00e4\u00e4r\u00e4n tuotetta, jotta voit rakentaa, m\u00e4\u00e4ritt\u00e4\u00e4, muotoilla tai t\u00e4ytt\u00e4\u00e4 harvempia alueita kulmissa, mik\u00e4 antaa niille t\u00e4ytel\u00e4isemm\u00e4n ja volyymikkaamman vaikutuksen. L\u00e4pin\u00e4kyv\u00e4 geeli levitet\u00e4\u00e4n mukana tulevalla siveltimell\u00e4, joka kiinnitt\u00e4\u00e4 kulmat ja antaa todellisen kulmaliftin, joka kest\u00e4\u00e4 koko p\u00e4iv\u00e4n.<br \/>\n<br \/>2 ml<\/p>\n","protected":false},"excerpt":{"rendered":"<p>Wet n Wild Brow Maximizer Powder + Gel Duo Neutral Brown on Wet n Wildin 2-in-1 kaksipuoleinen kulmatuote, jossa on ruskea puuteri toisella puolella ja l\u00e4pin\u00e4kyv\u00e4 geeli toisella. Puuterisovittimet tarjoavat juuri oikean m\u00e4\u00e4r\u00e4n tuotetta, jotta voit rakentaa, m\u00e4\u00e4ritt\u00e4\u00e4, muotoilla tai t\u00e4ytt\u00e4\u00e4 harvempia alueita kulmissa, mik\u00e4 antaa niille t\u00e4ytel\u00e4isemm\u00e4n ja volyymikkaamman vaikutuksen. L\u00e4pin\u00e4kyv\u00e4 geeli levitet\u00e4\u00e4n mukana [&hellip;]<\/p>\n","protected":false},"featured_media":145346,"comment_status":"open","ping_status":"closed","template":"","meta":{"_trash_the_other_posts":false},"product_brand":[],"product_cat":[627],"product_tag":[],"berocket_brand":[1035],"class_list":{"0":"post-145373","1":"product","2":"type-product","3":"status-publish","4":"has-post-thumbnail","6":"product_cat-kulmakarvojen-geeli","7":"pa_brand-wet-n-wild","8":"berocket_brand-wet-n-wild","10":"first","11":"instock","12":"sale","13":"taxable","14":"shipping-taxable","15":"purchasable","16":"product-type-simple"},"_links":{"self":[{"href":"https:\/\/stylingagenten.com\/fi\/wp-json\/wp\/v2\/product\/145373","targetHints":{"allow":["GET"]}}],"collection":[{"href":"https:\/\/stylingagenten.com\/fi\/wp-json\/wp\/v2\/product"}],"about":[{"href":"https:\/\/stylingagenten.com\/fi\/wp-json\/wp\/v2\/types\/product"}],"replies":[{"embeddable":true,"href":"https:\/\/stylingagenten.com\/fi\/wp-json\/wp\/v2\/comments?post=145373"}],"version-history":[{"count":0,"href":"https:\/\/stylingagenten.com\/fi\/wp-json\/wp\/v2\/product\/145373\/revisions"}],"wp:featuredmedia":[{"embeddable":true,"href":"https:\/\/stylingagenten.com\/fi\/wp-json\/wp\/v2\/media\/145346"}],"wp:attachment":[{"href":"https:\/\/stylingagenten.com\/fi\/wp-json\/wp\/v2\/media?parent=145373"}],"wp:term":[{"taxonomy":"product_brand","embeddable":true,"href":"https:\/\/stylingagenten.com\/fi\/wp-json\/wp\/v2\/product_brand?post=145373"},{"taxonomy":"product_cat","embeddable":true,"href":"https:\/\/stylingagenten.com\/fi\/wp-json\/wp\/v2\/product_cat?post=145373"},{"taxonomy":"product_tag","embeddable":true,"href":"https:\/\/stylingagenten.com\/fi\/wp-json\/wp\/v2\/product_tag?post=145373"},{"taxonomy":"berocket_brand","embeddable":true,"href":"https:\/\/stylingagenten.com\/fi\/wp-json\/wp\/v2\/berocket_brand?post=145373"}],"curies":[{"name":"wp","href":"https:\/\/api.w.org\/{rel}","templated":true}]}}