{"id":145369,"date":"2025-05-18T23:33:38","date_gmt":"2025-05-18T23:33:38","guid":{"rendered":"https:\/\/staging2.stylingagenten.com\/fi\/produkt\/wella-eimi-sugar-lift-sugar-spray-for-voluminous-texture-150ml\/"},"modified":"2026-04-08T20:49:06","modified_gmt":"2026-04-08T20:49:06","slug":"wella-eimi-sugar-lift-sugar-spray-for-voluminous-texture-150ml","status":"publish","type":"product","link":"https:\/\/stylingagenten.com\/fi\/tuote\/wella-eimi-sugar-lift-sugar-spray-for-voluminous-texture-150ml\/","title":{"rendered":"Wella EIMI Sugar Lift Sugar Spray for Voluminous Texture 150ml"},"content":{"rendered":"<p style='margin-top:0cm;margin-right:0cm;margin-bottom:8.0pt;margin-left:0cm;font-size:15px;font-family:\"Calibri\",sans-serif'> Joustava, runsas sokerisuihke, joka antaa hiuksillesi lis\u00e4\u00e4 kohoamista ja kiiltoa t\u00e4ydelliseen kampaukseen.<\/p>\n<p style='margin: 0cm 0cm 8pt;font-family: \"Calibri\", sans-serif'>K\u00e4ytt\u00f6: Suihkuta kosteisiin hiuksiin optimaalisen volyymin ja rakenteen saavuttamiseksi.<\/p>\n","protected":false},"excerpt":{"rendered":"<p>Joustava, runsas sokerisuihke, joka antaa hiuksillesi lis\u00e4\u00e4 kohoamista ja kiiltoa t\u00e4ydelliseen kampaukseen. K\u00e4ytt\u00f6: Suihkuta kosteisiin hiuksiin optimaalisen volyymin ja rakenteen saavuttamiseksi.<\/p>\n","protected":false},"featured_media":145353,"comment_status":"open","ping_status":"closed","template":"","meta":{"_trash_the_other_posts":false},"product_brand":[],"product_cat":[624],"product_tag":[],"berocket_brand":[1030],"class_list":{"0":"post-145369","1":"product","2":"type-product","3":"status-publish","4":"has-post-thumbnail","6":"product_cat-lamposuoja","7":"pa_brand-wella","8":"berocket_brand-wella","10":"first","11":"instock","12":"sale","13":"taxable","14":"shipping-taxable","15":"purchasable","16":"product-type-simple"},"_links":{"self":[{"href":"https:\/\/stylingagenten.com\/fi\/wp-json\/wp\/v2\/product\/145369","targetHints":{"allow":["GET"]}}],"collection":[{"href":"https:\/\/stylingagenten.com\/fi\/wp-json\/wp\/v2\/product"}],"about":[{"href":"https:\/\/stylingagenten.com\/fi\/wp-json\/wp\/v2\/types\/product"}],"replies":[{"embeddable":true,"href":"https:\/\/stylingagenten.com\/fi\/wp-json\/wp\/v2\/comments?post=145369"}],"version-history":[{"count":0,"href":"https:\/\/stylingagenten.com\/fi\/wp-json\/wp\/v2\/product\/145369\/revisions"}],"wp:featuredmedia":[{"embeddable":true,"href":"https:\/\/stylingagenten.com\/fi\/wp-json\/wp\/v2\/media\/145353"}],"wp:attachment":[{"href":"https:\/\/stylingagenten.com\/fi\/wp-json\/wp\/v2\/media?parent=145369"}],"wp:term":[{"taxonomy":"product_brand","embeddable":true,"href":"https:\/\/stylingagenten.com\/fi\/wp-json\/wp\/v2\/product_brand?post=145369"},{"taxonomy":"product_cat","embeddable":true,"href":"https:\/\/stylingagenten.com\/fi\/wp-json\/wp\/v2\/product_cat?post=145369"},{"taxonomy":"product_tag","embeddable":true,"href":"https:\/\/stylingagenten.com\/fi\/wp-json\/wp\/v2\/product_tag?post=145369"},{"taxonomy":"berocket_brand","embeddable":true,"href":"https:\/\/stylingagenten.com\/fi\/wp-json\/wp\/v2\/berocket_brand?post=145369"}],"curies":[{"name":"wp","href":"https:\/\/api.w.org\/{rel}","templated":true}]}}