{"id":145293,"date":"2025-05-18T23:33:26","date_gmt":"2025-05-18T23:33:26","guid":{"rendered":"https:\/\/staging2.stylingagenten.com\/fi\/produkt\/its-a-10-blow-dry-miracle-h2o-shield-180ml\/"},"modified":"2026-03-11T21:57:12","modified_gmt":"2026-03-11T21:57:12","slug":"its-a-10-blow-dry-miracle-h2o-shield-180ml","status":"publish","type":"product","link":"https:\/\/stylingagenten.com\/fi\/tuote\/its-a-10-blow-dry-miracle-h2o-shield-180ml\/","title":{"rendered":"It&#8217;s A 10 Blow Dry Miracle H2O Shield 180ml"},"content":{"rendered":"<p>Se on 10&#8217;s Miracle Blow Dry H2O Shield, joka peitt\u00e4\u00e4 ja l\u00e4p\u00e4isee hiukset kokonaan tehonsa ja hiukkaskoon ansiosta, mik\u00e4 parantaa suorituskyky\u00e4. Se sis\u00e4lt\u00e4\u00e4 vahvistavia ainesosia, kuten pantenolia, auringonkukansiemeni\u00e4, vihre\u00e4\u00e4 teet\u00e4 ja aloe vera -uutetta.<\/p>\n","protected":false},"excerpt":{"rendered":"<p>Se on 10&#8217;s Miracle Blow Dry H2O Shield, joka peitt\u00e4\u00e4 ja l\u00e4p\u00e4isee hiukset kokonaan tehonsa ja hiukkaskoon ansiosta, mik\u00e4 parantaa suorituskyky\u00e4. Se sis\u00e4lt\u00e4\u00e4 vahvistavia ainesosia, kuten pantenolia, auringonkukansiemeni\u00e4, vihre\u00e4\u00e4 teet\u00e4 ja aloe vera -uutetta.<\/p>\n","protected":false},"featured_media":145290,"comment_status":"open","ping_status":"closed","template":"","meta":{"_trash_the_other_posts":false},"product_brand":[],"product_cat":[624],"product_tag":[],"berocket_brand":[1349],"class_list":{"0":"post-145293","1":"product","2":"type-product","3":"status-publish","4":"has-post-thumbnail","6":"product_cat-lamposuoja","7":"pa_brand-its-a-10","8":"berocket_brand-its-a-10","10":"first","11":"instock","12":"sale","13":"taxable","14":"shipping-taxable","15":"purchasable","16":"product-type-simple"},"_links":{"self":[{"href":"https:\/\/stylingagenten.com\/fi\/wp-json\/wp\/v2\/product\/145293","targetHints":{"allow":["GET"]}}],"collection":[{"href":"https:\/\/stylingagenten.com\/fi\/wp-json\/wp\/v2\/product"}],"about":[{"href":"https:\/\/stylingagenten.com\/fi\/wp-json\/wp\/v2\/types\/product"}],"replies":[{"embeddable":true,"href":"https:\/\/stylingagenten.com\/fi\/wp-json\/wp\/v2\/comments?post=145293"}],"version-history":[{"count":0,"href":"https:\/\/stylingagenten.com\/fi\/wp-json\/wp\/v2\/product\/145293\/revisions"}],"wp:featuredmedia":[{"embeddable":true,"href":"https:\/\/stylingagenten.com\/fi\/wp-json\/wp\/v2\/media\/145290"}],"wp:attachment":[{"href":"https:\/\/stylingagenten.com\/fi\/wp-json\/wp\/v2\/media?parent=145293"}],"wp:term":[{"taxonomy":"product_brand","embeddable":true,"href":"https:\/\/stylingagenten.com\/fi\/wp-json\/wp\/v2\/product_brand?post=145293"},{"taxonomy":"product_cat","embeddable":true,"href":"https:\/\/stylingagenten.com\/fi\/wp-json\/wp\/v2\/product_cat?post=145293"},{"taxonomy":"product_tag","embeddable":true,"href":"https:\/\/stylingagenten.com\/fi\/wp-json\/wp\/v2\/product_tag?post=145293"},{"taxonomy":"berocket_brand","embeddable":true,"href":"https:\/\/stylingagenten.com\/fi\/wp-json\/wp\/v2\/berocket_brand?post=145293"}],"curies":[{"name":"wp","href":"https:\/\/api.w.org\/{rel}","templated":true}]}}