{"id":145286,"date":"2025-05-18T23:33:25","date_gmt":"2025-05-18T23:33:25","guid":{"rendered":"https:\/\/staging2.stylingagenten.com\/fi\/produkt\/headtoy-heat-protection-175ml\/"},"modified":"2026-03-16T13:29:24","modified_gmt":"2026-03-16T13:29:24","slug":"headtoy-heat-protection-175ml","status":"publish","type":"product","link":"https:\/\/stylingagenten.com\/fi\/tuote\/headtoy-heat-protection-175ml\/","title":{"rendered":"Headtoy Heat Protection 175ml"},"content":{"rendered":"<p>L\u00e4mp\u00f6suojasuihke, joka antaa tekstuuria muotoiluun ja suojaa hiuksia kuumia muotoiluty\u00f6kaluja k\u00e4ytett\u00e4ess\u00e4. Rikastettu goji-marjoilla, kiiviuutteella ja kasviproteiineilla, jotka vahvistavat hiuksia ja joilla on v\u00e4ri\u00e4 s\u00e4ilytt\u00e4v\u00e4 vaikutus. <br \/>vegaani. Valmistettu Ruotsissa<\/p>\n<p>Ohjeet: Suihkuta kosteisiin tai kuiviin hiuksiin ennen kuumien muotoiluty\u00f6kalujen k\u00e4ytt\u00f6\u00e4.<\/p>\n","protected":false},"excerpt":{"rendered":"<p>L\u00e4mp\u00f6suojasuihke, joka antaa tekstuuria muotoiluun ja suojaa hiuksia kuumia muotoiluty\u00f6kaluja k\u00e4ytett\u00e4ess\u00e4. Rikastettu goji-marjoilla, kiiviuutteella ja kasviproteiineilla, jotka vahvistavat hiuksia ja joilla on v\u00e4ri\u00e4 s\u00e4ilytt\u00e4v\u00e4 vaikutus. vegaani. Valmistettu Ruotsissa Ohjeet: Suihkuta kosteisiin tai kuiviin hiuksiin ennen kuumien muotoiluty\u00f6kalujen k\u00e4ytt\u00f6\u00e4.<\/p>\n","protected":false},"featured_media":145285,"comment_status":"open","ping_status":"closed","template":"","meta":{"_trash_the_other_posts":false},"product_brand":[],"product_cat":[624],"product_tag":[],"berocket_brand":[1335],"class_list":{"0":"post-145286","1":"product","2":"type-product","3":"status-publish","4":"has-post-thumbnail","6":"product_cat-lamposuoja","7":"pa_brand-headtoy","8":"berocket_brand-headtoy","10":"first","11":"instock","12":"sale","13":"taxable","14":"shipping-taxable","15":"purchasable","16":"product-type-simple"},"_links":{"self":[{"href":"https:\/\/stylingagenten.com\/fi\/wp-json\/wp\/v2\/product\/145286","targetHints":{"allow":["GET"]}}],"collection":[{"href":"https:\/\/stylingagenten.com\/fi\/wp-json\/wp\/v2\/product"}],"about":[{"href":"https:\/\/stylingagenten.com\/fi\/wp-json\/wp\/v2\/types\/product"}],"replies":[{"embeddable":true,"href":"https:\/\/stylingagenten.com\/fi\/wp-json\/wp\/v2\/comments?post=145286"}],"version-history":[{"count":0,"href":"https:\/\/stylingagenten.com\/fi\/wp-json\/wp\/v2\/product\/145286\/revisions"}],"wp:featuredmedia":[{"embeddable":true,"href":"https:\/\/stylingagenten.com\/fi\/wp-json\/wp\/v2\/media\/145285"}],"wp:attachment":[{"href":"https:\/\/stylingagenten.com\/fi\/wp-json\/wp\/v2\/media?parent=145286"}],"wp:term":[{"taxonomy":"product_brand","embeddable":true,"href":"https:\/\/stylingagenten.com\/fi\/wp-json\/wp\/v2\/product_brand?post=145286"},{"taxonomy":"product_cat","embeddable":true,"href":"https:\/\/stylingagenten.com\/fi\/wp-json\/wp\/v2\/product_cat?post=145286"},{"taxonomy":"product_tag","embeddable":true,"href":"https:\/\/stylingagenten.com\/fi\/wp-json\/wp\/v2\/product_tag?post=145286"},{"taxonomy":"berocket_brand","embeddable":true,"href":"https:\/\/stylingagenten.com\/fi\/wp-json\/wp\/v2\/berocket_brand?post=145286"}],"curies":[{"name":"wp","href":"https:\/\/api.w.org\/{rel}","templated":true}]}}