{"id":145274,"date":"2025-05-18T23:33:22","date_gmt":"2025-05-18T23:33:22","guid":{"rendered":"https:\/\/staging2.stylingagenten.com\/fi\/produkt\/paul-mitchell-clean-beauty-heat-styling-spray-100ml\/"},"modified":"2026-03-11T21:51:05","modified_gmt":"2026-03-11T21:51:05","slug":"paul-mitchell-clean-beauty-heat-styling-spray-100ml","status":"publish","type":"product","link":"https:\/\/stylingagenten.com\/fi\/tuote\/paul-mitchell-clean-beauty-heat-styling-spray-100ml\/","title":{"rendered":"Paul Mitchell Clean Beauty Heat Styling Spray 100ml"},"content":{"rendered":"<p>Auttaa suojaamaan hiuksia l\u00e4mp\u00f6muotoilun aikana antaen samalla kevyen pidon ja luonnollisen kiillon. Sis\u00e4lt\u00e4\u00e4 pellavansiemeni\u00e4 ja ferulihappoa ravitsemaan ja suojaamaan hauraita hiuksia. T\u00e4ydellinen f\u00f6\u00f6naus hiustyylille liikkeell\u00e4 ja joustavalla ohjauksella.<\/p>\n","protected":false},"excerpt":{"rendered":"<p>Auttaa suojaamaan hiuksia l\u00e4mp\u00f6muotoilun aikana antaen samalla kevyen pidon ja luonnollisen kiillon. Sis\u00e4lt\u00e4\u00e4 pellavansiemeni\u00e4 ja ferulihappoa ravitsemaan ja suojaamaan hauraita hiuksia. T\u00e4ydellinen f\u00f6\u00f6naus hiustyylille liikkeell\u00e4 ja joustavalla ohjauksella.<\/p>\n","protected":false},"featured_media":145263,"comment_status":"open","ping_status":"closed","template":"","meta":{"_trash_the_other_posts":false},"product_brand":[],"product_cat":[624],"product_tag":[],"berocket_brand":[1053],"class_list":{"0":"post-145274","1":"product","2":"type-product","3":"status-publish","4":"has-post-thumbnail","6":"product_cat-lamposuoja","7":"pa_brand-paul-mitchell","8":"berocket_brand-paul-mitchell","10":"first","11":"instock","12":"sale","13":"taxable","14":"shipping-taxable","15":"purchasable","16":"product-type-simple"},"_links":{"self":[{"href":"https:\/\/stylingagenten.com\/fi\/wp-json\/wp\/v2\/product\/145274","targetHints":{"allow":["GET"]}}],"collection":[{"href":"https:\/\/stylingagenten.com\/fi\/wp-json\/wp\/v2\/product"}],"about":[{"href":"https:\/\/stylingagenten.com\/fi\/wp-json\/wp\/v2\/types\/product"}],"replies":[{"embeddable":true,"href":"https:\/\/stylingagenten.com\/fi\/wp-json\/wp\/v2\/comments?post=145274"}],"version-history":[{"count":0,"href":"https:\/\/stylingagenten.com\/fi\/wp-json\/wp\/v2\/product\/145274\/revisions"}],"wp:featuredmedia":[{"embeddable":true,"href":"https:\/\/stylingagenten.com\/fi\/wp-json\/wp\/v2\/media\/145263"}],"wp:attachment":[{"href":"https:\/\/stylingagenten.com\/fi\/wp-json\/wp\/v2\/media?parent=145274"}],"wp:term":[{"taxonomy":"product_brand","embeddable":true,"href":"https:\/\/stylingagenten.com\/fi\/wp-json\/wp\/v2\/product_brand?post=145274"},{"taxonomy":"product_cat","embeddable":true,"href":"https:\/\/stylingagenten.com\/fi\/wp-json\/wp\/v2\/product_cat?post=145274"},{"taxonomy":"product_tag","embeddable":true,"href":"https:\/\/stylingagenten.com\/fi\/wp-json\/wp\/v2\/product_tag?post=145274"},{"taxonomy":"berocket_brand","embeddable":true,"href":"https:\/\/stylingagenten.com\/fi\/wp-json\/wp\/v2\/berocket_brand?post=145274"}],"curies":[{"name":"wp","href":"https:\/\/api.w.org\/{rel}","templated":true}]}}