{"id":145265,"date":"2025-05-18T23:33:22","date_gmt":"2025-05-18T23:33:22","guid":{"rendered":"https:\/\/staging2.stylingagenten.com\/fi\/produkt\/balmain-thermal-protection-spray-200ml\/"},"modified":"2026-03-11T21:59:20","modified_gmt":"2026-03-11T21:59:20","slug":"balmain-thermal-protection-spray-200ml","status":"publish","type":"product","link":"https:\/\/stylingagenten.com\/fi\/tuote\/balmain-thermal-protection-spray-200ml\/","title":{"rendered":"Balmain Thermal Protection Spray 200ml"},"content":{"rendered":"<p>Suojaa hiuksesi l\u00e4mm\u00f6lt\u00e4 Balmain Hair Couturen Styler Protectionilla! Korkeat l\u00e4mp\u00f6tilat ja s\u00e4\u00e4nn\u00f6llinen l\u00e4mp\u00f6ty\u00f6kalujen k\u00e4ytt\u00f6 lis\u00e4\u00e4v\u00e4t hiusten kulumista nopeammin, joten on t\u00e4rke\u00e4\u00e4 investoida hyv\u00e4\u00e4n l\u00e4mp\u00f6suojaan ehk\u00e4ist\u00e4kseen vaurioituneita ja kuluneita hiuksia.<\/p>\n<p>200 ml<\/p>\n","protected":false},"excerpt":{"rendered":"<p>Suojaa hiuksesi l\u00e4mm\u00f6lt\u00e4 Balmain Hair Couturen Styler Protectionilla! Korkeat l\u00e4mp\u00f6tilat ja s\u00e4\u00e4nn\u00f6llinen l\u00e4mp\u00f6ty\u00f6kalujen k\u00e4ytt\u00f6 lis\u00e4\u00e4v\u00e4t hiusten kulumista nopeammin, joten on t\u00e4rke\u00e4\u00e4 investoida hyv\u00e4\u00e4n l\u00e4mp\u00f6suojaan ehk\u00e4ist\u00e4kseen vaurioituneita ja kuluneita hiuksia. 200 ml<\/p>\n","protected":false},"featured_media":145258,"comment_status":"open","ping_status":"closed","template":"","meta":{"_trash_the_other_posts":false},"product_brand":[],"product_cat":[624],"product_tag":[],"berocket_brand":[1144],"class_list":{"0":"post-145265","1":"product","2":"type-product","3":"status-publish","4":"has-post-thumbnail","6":"product_cat-lamposuoja","7":"pa_brand-balmain","8":"berocket_brand-balmain","10":"first","11":"instock","12":"sale","13":"taxable","14":"shipping-taxable","15":"purchasable","16":"product-type-simple"},"_links":{"self":[{"href":"https:\/\/stylingagenten.com\/fi\/wp-json\/wp\/v2\/product\/145265","targetHints":{"allow":["GET"]}}],"collection":[{"href":"https:\/\/stylingagenten.com\/fi\/wp-json\/wp\/v2\/product"}],"about":[{"href":"https:\/\/stylingagenten.com\/fi\/wp-json\/wp\/v2\/types\/product"}],"replies":[{"embeddable":true,"href":"https:\/\/stylingagenten.com\/fi\/wp-json\/wp\/v2\/comments?post=145265"}],"version-history":[{"count":0,"href":"https:\/\/stylingagenten.com\/fi\/wp-json\/wp\/v2\/product\/145265\/revisions"}],"wp:featuredmedia":[{"embeddable":true,"href":"https:\/\/stylingagenten.com\/fi\/wp-json\/wp\/v2\/media\/145258"}],"wp:attachment":[{"href":"https:\/\/stylingagenten.com\/fi\/wp-json\/wp\/v2\/media?parent=145265"}],"wp:term":[{"taxonomy":"product_brand","embeddable":true,"href":"https:\/\/stylingagenten.com\/fi\/wp-json\/wp\/v2\/product_brand?post=145265"},{"taxonomy":"product_cat","embeddable":true,"href":"https:\/\/stylingagenten.com\/fi\/wp-json\/wp\/v2\/product_cat?post=145265"},{"taxonomy":"product_tag","embeddable":true,"href":"https:\/\/stylingagenten.com\/fi\/wp-json\/wp\/v2\/product_tag?post=145265"},{"taxonomy":"berocket_brand","embeddable":true,"href":"https:\/\/stylingagenten.com\/fi\/wp-json\/wp\/v2\/berocket_brand?post=145265"}],"curies":[{"name":"wp","href":"https:\/\/api.w.org\/{rel}","templated":true}]}}