{"id":145251,"date":"2025-05-18T23:33:19","date_gmt":"2025-05-18T23:33:19","guid":{"rendered":"https:\/\/staging2.stylingagenten.com\/fi\/produkt\/schwarzkopf-osis-flatliner-200ml\/"},"modified":"2026-03-21T06:47:38","modified_gmt":"2026-03-21T06:47:38","slug":"schwarzkopf-osis-flatliner-200ml","status":"publish","type":"product","link":"https:\/\/stylingagenten.com\/fi\/tuote\/schwarzkopf-osis-flatliner-200ml\/","title":{"rendered":"Schwarzkopf Osis Flatliner 200ml"},"content":{"rendered":"<p>Schwarzkopf Osis Flatliner 200ml<br \/>OSiS Flatliner on kuumasuojattu suihke, joka on kehitetty erityisesti muotoiluv\u00e4lineiden p\u00e4ivitt\u00e4iseen k\u00e4ytt\u00f6\u00f6n 230\u00b0C:een asti, mik\u00e4<br \/>v\u00e4hent\u00e4\u00e4 p\u00e4iden halkeamia ja p\u00f6rr\u00f6isyytt\u00e4.<\/p>\n","protected":false},"excerpt":{"rendered":"<p>Schwarzkopf Osis Flatliner 200mlOSiS Flatliner on kuumasuojattu suihke, joka on kehitetty erityisesti muotoiluv\u00e4lineiden p\u00e4ivitt\u00e4iseen k\u00e4ytt\u00f6\u00f6n 230\u00b0C:een asti, mik\u00e4v\u00e4hent\u00e4\u00e4 p\u00e4iden halkeamia ja p\u00f6rr\u00f6isyytt\u00e4.<\/p>\n","protected":false},"featured_media":145249,"comment_status":"open","ping_status":"closed","template":"","meta":{"_trash_the_other_posts":false},"product_brand":[],"product_cat":[624],"product_tag":[],"berocket_brand":[1060],"class_list":{"0":"post-145251","1":"product","2":"type-product","3":"status-publish","4":"has-post-thumbnail","6":"product_cat-lamposuoja","7":"pa_brand-schwarzkopf","8":"berocket_brand-schwarzkopf","10":"first","11":"instock","12":"sale","13":"taxable","14":"shipping-taxable","15":"purchasable","16":"product-type-simple"},"_links":{"self":[{"href":"https:\/\/stylingagenten.com\/fi\/wp-json\/wp\/v2\/product\/145251","targetHints":{"allow":["GET"]}}],"collection":[{"href":"https:\/\/stylingagenten.com\/fi\/wp-json\/wp\/v2\/product"}],"about":[{"href":"https:\/\/stylingagenten.com\/fi\/wp-json\/wp\/v2\/types\/product"}],"replies":[{"embeddable":true,"href":"https:\/\/stylingagenten.com\/fi\/wp-json\/wp\/v2\/comments?post=145251"}],"version-history":[{"count":0,"href":"https:\/\/stylingagenten.com\/fi\/wp-json\/wp\/v2\/product\/145251\/revisions"}],"wp:featuredmedia":[{"embeddable":true,"href":"https:\/\/stylingagenten.com\/fi\/wp-json\/wp\/v2\/media\/145249"}],"wp:attachment":[{"href":"https:\/\/stylingagenten.com\/fi\/wp-json\/wp\/v2\/media?parent=145251"}],"wp:term":[{"taxonomy":"product_brand","embeddable":true,"href":"https:\/\/stylingagenten.com\/fi\/wp-json\/wp\/v2\/product_brand?post=145251"},{"taxonomy":"product_cat","embeddable":true,"href":"https:\/\/stylingagenten.com\/fi\/wp-json\/wp\/v2\/product_cat?post=145251"},{"taxonomy":"product_tag","embeddable":true,"href":"https:\/\/stylingagenten.com\/fi\/wp-json\/wp\/v2\/product_tag?post=145251"},{"taxonomy":"berocket_brand","embeddable":true,"href":"https:\/\/stylingagenten.com\/fi\/wp-json\/wp\/v2\/berocket_brand?post=145251"}],"curies":[{"name":"wp","href":"https:\/\/api.w.org\/{rel}","templated":true}]}}