{"id":145245,"date":"2025-05-18T23:33:18","date_gmt":"2025-05-18T23:33:18","guid":{"rendered":"https:\/\/staging2.stylingagenten.com\/fi\/produkt\/babyliss-airbrush-air-style-1000-as136e\/"},"modified":"2026-04-12T22:18:30","modified_gmt":"2026-04-12T22:18:30","slug":"babyliss-airbrush-air-style-1000-as136e","status":"publish","type":"product","link":"https:\/\/stylingagenten.com\/fi\/tuote\/babyliss-airbrush-air-style-1000-as136e\/","title":{"rendered":"Babyliss Airbrush &#8211; Air Style 1000 AS136E"},"content":{"rendered":"<p><strong>Tehokas kuumailmaharja 1&nbsp;000&nbsp;W teholla ja useilla erilaisilla lis\u00e4varusteilla kuivaamiseen, tasoittamiseen, muotoiluun ja kihartauksiin<br \/>&nbsp;<\/strong><br \/>&nbsp;Tilavuusharja, halkaisija 50 mm ja l\u00e4mp\u00f6, \u200b\u200bjoka muotoilee hiukset ja tekee niist\u00e4 t\u00e4ytel\u00e4iset. Mukautuva kiharatarvike, joka luo helposti pehmeit\u00e4 kiharoita ja aaltoja. Suuri hiusharja, joka suoristaa ja tasoittaa hiuksia ja antaa sile\u00e4n ja kiilt\u00e4v\u00e4n tuloksen. Puhallussuutin hiusten kuivaamiseen ennen muotoilua.<\/p>\n<p>&nbsp;Ionisointitoiminto l\u00e4hett\u00e4\u00e4 arvokkaita ioneja, jotka tekev\u00e4t hiuksista sile\u00e4mm\u00e4t ja kiilt\u00e4v\u00e4mm\u00e4t samalla kun muotoilet niit\u00e4.<\/p>\n<p>&nbsp;&#8211; 1000 W<br \/>&amp;nbsp ;- Sile\u00e4 meikkivoide<br \/>&nbsp;&#8211; 50 mm:n volyymiharja l\u00e4mm\u00f6ll\u00e4<br \/>&nbsp;&#8211; Mukautettu korkkilis\u00e4varuste<br \/>&nbsp;&#8211; Meikkivoidesuutin <br \/>&nbsp;&#8211; 2 kuumaa \u00f6ljy\u00e4 ja viile\u00e4 tila<br \/> &nbsp;&#8211; Ionisoiva vaikutus, joka ehk\u00e4isee lent\u00e4vi\u00e4 ja p\u00f6rr\u00f6isi\u00e4 hiuksia<br \/>&nbsp;&#8211; 2,5 m k\u00e4\u00e4ntyv\u00e4 johto<br \/>&amp;nbsp ;- L\u00e4mmin k\u00e4sine<br \/>&nbsp;&#8211; 3 vuoden takuu<\/p>\n","protected":false},"excerpt":{"rendered":"<p>Tehokas kuumailmaharja 1&nbsp;000&nbsp;W teholla ja useilla erilaisilla lis\u00e4varusteilla kuivaamiseen, tasoittamiseen, muotoiluun ja kihartauksiin&nbsp;&nbsp;Tilavuusharja, halkaisija 50 mm ja l\u00e4mp\u00f6, \u200b\u200bjoka muotoilee hiukset ja tekee niist\u00e4 t\u00e4ytel\u00e4iset. Mukautuva kiharatarvike, joka luo helposti pehmeit\u00e4 kiharoita ja aaltoja. Suuri hiusharja, joka suoristaa ja tasoittaa hiuksia ja antaa sile\u00e4n ja kiilt\u00e4v\u00e4n tuloksen. Puhallussuutin hiusten kuivaamiseen ennen muotoilua. &nbsp;Ionisointitoiminto l\u00e4hett\u00e4\u00e4 arvokkaita [&hellip;]<\/p>\n","protected":false},"featured_media":145231,"comment_status":"open","ping_status":"closed","template":"","meta":{"_trash_the_other_posts":false},"product_brand":[],"product_cat":[652],"product_tag":[],"berocket_brand":[1166],"class_list":{"0":"post-145245","1":"product","2":"type-product","3":"status-publish","4":"has-post-thumbnail","6":"product_cat-lampoharja","7":"pa_brand-babyliss","8":"berocket_brand-babyliss","10":"first","11":"outofstock","12":"taxable","13":"shipping-taxable","14":"purchasable","15":"product-type-simple"},"_links":{"self":[{"href":"https:\/\/stylingagenten.com\/fi\/wp-json\/wp\/v2\/product\/145245","targetHints":{"allow":["GET"]}}],"collection":[{"href":"https:\/\/stylingagenten.com\/fi\/wp-json\/wp\/v2\/product"}],"about":[{"href":"https:\/\/stylingagenten.com\/fi\/wp-json\/wp\/v2\/types\/product"}],"replies":[{"embeddable":true,"href":"https:\/\/stylingagenten.com\/fi\/wp-json\/wp\/v2\/comments?post=145245"}],"version-history":[{"count":0,"href":"https:\/\/stylingagenten.com\/fi\/wp-json\/wp\/v2\/product\/145245\/revisions"}],"wp:featuredmedia":[{"embeddable":true,"href":"https:\/\/stylingagenten.com\/fi\/wp-json\/wp\/v2\/media\/145231"}],"wp:attachment":[{"href":"https:\/\/stylingagenten.com\/fi\/wp-json\/wp\/v2\/media?parent=145245"}],"wp:term":[{"taxonomy":"product_brand","embeddable":true,"href":"https:\/\/stylingagenten.com\/fi\/wp-json\/wp\/v2\/product_brand?post=145245"},{"taxonomy":"product_cat","embeddable":true,"href":"https:\/\/stylingagenten.com\/fi\/wp-json\/wp\/v2\/product_cat?post=145245"},{"taxonomy":"product_tag","embeddable":true,"href":"https:\/\/stylingagenten.com\/fi\/wp-json\/wp\/v2\/product_tag?post=145245"},{"taxonomy":"berocket_brand","embeddable":true,"href":"https:\/\/stylingagenten.com\/fi\/wp-json\/wp\/v2\/berocket_brand?post=145245"}],"curies":[{"name":"wp","href":"https:\/\/api.w.org\/{rel}","templated":true}]}}