{"id":145241,"date":"2025-05-18T23:33:18","date_gmt":"2025-05-18T23:33:18","guid":{"rendered":"https:\/\/staging2.stylingagenten.com\/fi\/produkt\/sachajuan-thermal-protection-spray-200ml\/"},"modified":"2026-04-01T14:18:34","modified_gmt":"2026-04-01T14:18:34","slug":"sachajuan-thermal-protection-spray-200ml","status":"publish","type":"product","link":"https:\/\/stylingagenten.com\/fi\/tuote\/sachajuan-thermal-protection-spray-200ml\/","title":{"rendered":"SACHAJUAN Thermal Protection Spray 200ml"},"content":{"rendered":"<p>SACHAJUAN Thermal Protection Spray on erinomainen l\u00e4mp\u00f6suojasuihke, joka sopii k\u00e4ytett\u00e4v\u00e4ksi kaikkien l\u00e4mmitysty\u00f6kalujen kanssa. Luo hiuksiin suojaavan kerroksen, joka ehk\u00e4isee l\u00e4mp\u00f6vaurioita 230\u00b0C asti. Tuote toimii my\u00f6s viimeistelyk\u00e4sittelyn\u00e4 ja antaa paljon kiiltoa.<\/p>\n<p>200ml<\/p>\n","protected":false},"excerpt":{"rendered":"<p>SACHAJUAN Thermal Protection Spray on erinomainen l\u00e4mp\u00f6suojasuihke, joka sopii k\u00e4ytett\u00e4v\u00e4ksi kaikkien l\u00e4mmitysty\u00f6kalujen kanssa. Luo hiuksiin suojaavan kerroksen, joka ehk\u00e4isee l\u00e4mp\u00f6vaurioita 230\u00b0C asti. Tuote toimii my\u00f6s viimeistelyk\u00e4sittelyn\u00e4 ja antaa paljon kiiltoa. 200ml<\/p>\n","protected":false},"featured_media":145238,"comment_status":"open","ping_status":"closed","template":"","meta":{"_trash_the_other_posts":false},"product_brand":[],"product_cat":[624],"product_tag":[],"berocket_brand":[1409],"class_list":{"0":"post-145241","1":"product","2":"type-product","3":"status-publish","4":"has-post-thumbnail","6":"product_cat-lamposuoja","7":"pa_brand-sachajuan","8":"berocket_brand-sachajuan","10":"first","11":"instock","12":"sale","13":"taxable","14":"shipping-taxable","15":"purchasable","16":"product-type-simple"},"_links":{"self":[{"href":"https:\/\/stylingagenten.com\/fi\/wp-json\/wp\/v2\/product\/145241","targetHints":{"allow":["GET"]}}],"collection":[{"href":"https:\/\/stylingagenten.com\/fi\/wp-json\/wp\/v2\/product"}],"about":[{"href":"https:\/\/stylingagenten.com\/fi\/wp-json\/wp\/v2\/types\/product"}],"replies":[{"embeddable":true,"href":"https:\/\/stylingagenten.com\/fi\/wp-json\/wp\/v2\/comments?post=145241"}],"version-history":[{"count":0,"href":"https:\/\/stylingagenten.com\/fi\/wp-json\/wp\/v2\/product\/145241\/revisions"}],"wp:featuredmedia":[{"embeddable":true,"href":"https:\/\/stylingagenten.com\/fi\/wp-json\/wp\/v2\/media\/145238"}],"wp:attachment":[{"href":"https:\/\/stylingagenten.com\/fi\/wp-json\/wp\/v2\/media?parent=145241"}],"wp:term":[{"taxonomy":"product_brand","embeddable":true,"href":"https:\/\/stylingagenten.com\/fi\/wp-json\/wp\/v2\/product_brand?post=145241"},{"taxonomy":"product_cat","embeddable":true,"href":"https:\/\/stylingagenten.com\/fi\/wp-json\/wp\/v2\/product_cat?post=145241"},{"taxonomy":"product_tag","embeddable":true,"href":"https:\/\/stylingagenten.com\/fi\/wp-json\/wp\/v2\/product_tag?post=145241"},{"taxonomy":"berocket_brand","embeddable":true,"href":"https:\/\/stylingagenten.com\/fi\/wp-json\/wp\/v2\/berocket_brand?post=145241"}],"curies":[{"name":"wp","href":"https:\/\/api.w.org\/{rel}","templated":true}]}}