{"id":145200,"date":"2025-05-18T23:33:11","date_gmt":"2025-05-18T23:33:11","guid":{"rendered":"https:\/\/staging2.stylingagenten.com\/fi\/produkt\/remington-blow-dry-style-caring-800w-airstyler\/"},"modified":"2026-04-08T12:58:56","modified_gmt":"2026-04-08T12:58:56","slug":"remington-blow-dry-style-caring-800w-airstyler","status":"publish","type":"product","link":"https:\/\/stylingagenten.com\/fi\/tuote\/remington-blow-dry-style-caring-800w-airstyler\/","title":{"rendered":"Remington Blow Dry &amp; Style \u2013 Caring 800W Airstyler"},"content":{"rendered":"<p>AS7300 \u2013 Kuivaa ja muotoilevaa hoitava 800 W Airstyler<br \/>tehty rakastamaan ja muotoilemaan lyhyit\u00e4 ja keskipitki\u00e4 hiuksiasi<\/p>\n<p>800 W kuumailmaharja, joka on sovitettu ihmisille, joilla on lyhyet ja keskipitk\u00e4t hiukset. Valitse kahdesta l\u00e4mp\u00f6-\/nopeusasetuksesta sek\u00e4 kylm\u00e4ilmatoiminto hiusten kiinnitt\u00e4miseen.<\/p>\n<p>Sen mukana tulee 3 erilaista lis\u00e4varustetta:<br \/>25 mm:n keraaminen harja \u2013 pienten tai keskikokoisten kiharoiden luomiseen<br \/>38 mm keraamisella pinnoitteella p\u00e4\u00e4llystetty harja &#8211; volyymin ja t\u00e4ytel\u00e4isyyden luomiseen tai keskisuurten tai suurempien l\u00f6ysempien kiharoiden ja aaltojen luomiseen.<br \/>Konsentraattori &#8211; f\u00f6\u00f6nisuutin hiusten kuivaamiseen<\/p>\n<p>Parhaan tuloksen saamiseksi k\u00e4yt\u00e4 kuumailmaharjaa pyyhekuiviin hiuksiin. <\/p>\n<p>Irrotettava grilli on suunniteltu pit\u00e4m\u00e4\u00e4n kuumailmaharjasi puhtaana p\u00f6lyst\u00e4 ja hiuksista ja helpottaa puhdistamista.<\/p>\n<p>(Pituus 41cm Korkeus; 6cm Syvyys; 6cm)<\/p>\n<p>Ominaisuudet :<br \/> 3x muotoilukiinnikkeet lyhyille ja keskipitkille hiuksille;<br \/>25 mm:n keraamisella pinnoitteella p\u00e4\u00e4llystetty harja<br \/>38 mm:n keramiikkapinnoitettu harja<br \/>tiivistin<br \/>800 W<br \/>2 l\u00e4mp\u00f6-\/nopeusasetusta<br \/>kylm\u00e4 ilma<br \/>Kierr\u00e4 johtoa<br \/>Ripustussilmukka<\/p>\n","protected":false},"excerpt":{"rendered":"<p>AS7300 \u2013 Kuivaa ja muotoilevaa hoitava 800 W Airstylertehty rakastamaan ja muotoilemaan lyhyit\u00e4 ja keskipitki\u00e4 hiuksiasi 800 W kuumailmaharja, joka on sovitettu ihmisille, joilla on lyhyet ja keskipitk\u00e4t hiukset. Valitse kahdesta l\u00e4mp\u00f6-\/nopeusasetuksesta sek\u00e4 kylm\u00e4ilmatoiminto hiusten kiinnitt\u00e4miseen. Sen mukana tulee 3 erilaista lis\u00e4varustetta:25 mm:n keraaminen harja \u2013 pienten tai keskikokoisten kiharoiden luomiseen38 mm keraamisella pinnoitteella p\u00e4\u00e4llystetty [&hellip;]<\/p>\n","protected":false},"featured_media":145149,"comment_status":"open","ping_status":"closed","template":"","meta":{"_trash_the_other_posts":false},"product_brand":[],"product_cat":[652],"product_tag":[],"berocket_brand":[1272],"class_list":{"0":"post-145200","1":"product","2":"type-product","3":"status-publish","4":"has-post-thumbnail","6":"product_cat-lampoharja","7":"pa_brand-remington","8":"berocket_brand-remington","10":"first","11":"instock","12":"sale","13":"taxable","14":"shipping-taxable","15":"purchasable","16":"product-type-simple"},"_links":{"self":[{"href":"https:\/\/stylingagenten.com\/fi\/wp-json\/wp\/v2\/product\/145200","targetHints":{"allow":["GET"]}}],"collection":[{"href":"https:\/\/stylingagenten.com\/fi\/wp-json\/wp\/v2\/product"}],"about":[{"href":"https:\/\/stylingagenten.com\/fi\/wp-json\/wp\/v2\/types\/product"}],"replies":[{"embeddable":true,"href":"https:\/\/stylingagenten.com\/fi\/wp-json\/wp\/v2\/comments?post=145200"}],"version-history":[{"count":0,"href":"https:\/\/stylingagenten.com\/fi\/wp-json\/wp\/v2\/product\/145200\/revisions"}],"wp:featuredmedia":[{"embeddable":true,"href":"https:\/\/stylingagenten.com\/fi\/wp-json\/wp\/v2\/media\/145149"}],"wp:attachment":[{"href":"https:\/\/stylingagenten.com\/fi\/wp-json\/wp\/v2\/media?parent=145200"}],"wp:term":[{"taxonomy":"product_brand","embeddable":true,"href":"https:\/\/stylingagenten.com\/fi\/wp-json\/wp\/v2\/product_brand?post=145200"},{"taxonomy":"product_cat","embeddable":true,"href":"https:\/\/stylingagenten.com\/fi\/wp-json\/wp\/v2\/product_cat?post=145200"},{"taxonomy":"product_tag","embeddable":true,"href":"https:\/\/stylingagenten.com\/fi\/wp-json\/wp\/v2\/product_tag?post=145200"},{"taxonomy":"berocket_brand","embeddable":true,"href":"https:\/\/stylingagenten.com\/fi\/wp-json\/wp\/v2\/berocket_brand?post=145200"}],"curies":[{"name":"wp","href":"https:\/\/api.w.org\/{rel}","templated":true}]}}