{"id":145189,"date":"2025-05-18T23:33:09","date_gmt":"2025-05-18T23:33:09","guid":{"rendered":"https:\/\/staging2.stylingagenten.com\/fi\/produkt\/remington-blow-dry-style-caring-1000w-rotating-airstyler\/"},"modified":"2026-03-29T21:38:26","modified_gmt":"2026-03-29T21:38:26","slug":"remington-blow-dry-style-caring-1000w-rotating-airstyler","status":"publish","type":"product","link":"https:\/\/stylingagenten.com\/fi\/tuote\/remington-blow-dry-style-caring-1000w-rotating-airstyler\/","title":{"rendered":"Remington Blow Dry &amp; Style \u2013 Caring 1000W Rotating Airstyler"},"content":{"rendered":"<p>AS7580 \u2013 F\u00f6\u00f6naa ja muotoilee 1000 W:n py\u00f6riv\u00e4 kuumailmaharja<br \/>Antaa tyylisi hallintaan<\/p>\n<p>1000 W:n py\u00f6riv\u00e4 kuumailmaharja. Valitse 2 l\u00e4mp\u00f6\/nopeusasetusta ja kylm\u00e4ilmatoiminto hiusten kiinnitt\u00e4miseksi. Kuumailmaharja on suunniteltu helppok\u00e4ytt\u00f6iseksi ja siin\u00e4 on kaksisuuntainen py\u00f6rimissuunta, joten voit valita kulkusuunnan. Pit\u00e4m\u00e4ll\u00e4 painiketta painettuna kuumailmaharja kietoo hiukset automaattisesti harjan ymp\u00e4rille ja saat symmetrisen tyylin molemmilta puolilta.<\/p>\n<p>Sis\u00e4ltyy 3 vaihdettavaa lis\u00e4varustetta:<br \/>\u2022Meilaharja on t\u00e4ydellinen, jos haluat. suorempi hiustyyli ja auttaa saamaan tasaisen lopputuloksen, jossa on v\u00e4hemm\u00e4n p\u00f6rr\u00f6isyytt\u00e4.<br \/>\u202240 mm:n keramiikkapinnoitettu pehme\u00e4 harja \u2013 lis\u00e4\u00e4 volyymia ja t\u00e4ytel\u00e4isyytt\u00e4 tai luo keskipitk\u00e4n tai suurempia l\u00f6ysempi\u00e4 kiharoita ja aaltoja.<br \/>\u2022F\u00f6\u00f6naustiivist\u00e4j\u00e4 auttaa hiusten kuivaamiseen<\/p>\n<p>Parhaan tuloksen saamiseksi k\u00e4yt\u00e4 kuumailmaharjaa pyyhekuiviin hiuksiin.<\/p>\n<p>Irrotettava grilli on suunniteltu pit\u00e4m\u00e4\u00e4n kuumailmaharjasi puhtaana p\u00f6lyst\u00e4 ja hiuksista ja tekee siit\u00e4 puhdistaa helpommin.<\/p>\n<p>( Pituus 41 cm Korkeus; 7 cm Syvyys; 7 cm)<\/p>\n<p>Ominaisuudet<\/p>\n<p>\u20223x Muotoilukiinnikkeet kaikenpituisille hiuksille; <br \/><span id=\"isPasted\" style=\"font-family: sans-serif;font-size: 14px;font-style: normal;float: none\">\u2022<\/span> Melaharja<br \/><span id=\"isPasted\" style=\"font-family: sans-serif;float: none\">\u2022<\/span> 40 mm:n keraaminen p\u00e4\u00e4llystetty pehme\u00e4 harja<br \/><span id=\"isPasted\" style=\"font-family: sans-serif;float: none\">\u2022<\/span> Keskitt\u00e4j\u00e4<br \/>\u2022Py\u00f6riv\u00e4 liike molempiin suuntiin, py\u00f6rii napin painalluksella<br \/>\u20221000 W<br \/>\u2022Ionik\u00e4sittely takaa p\u00f6rr\u00f6iset tulokset<br \/>\u20222 l\u00e4mp\u00f6-\/nopeusasetukset<br \/>\u2022Kylm\u00e4 ilma<br \/>\u2022Irrotettava takas\u00e4leikk\u00f6 helppoon puhdistamiseen<br \/>\u2022Kiert\u00e4v\u00e4 johto<br \/>\u20223 vuoden takuu + 1 rekister\u00f6ityess\u00e4si verkossa 28 p\u00e4iv\u00e4n sis\u00e4ll\u00e4 ostosta<\/p>\n","protected":false},"excerpt":{"rendered":"<p>AS7580 \u2013 F\u00f6\u00f6naa ja muotoilee 1000 W:n py\u00f6riv\u00e4 kuumailmaharjaAntaa tyylisi hallintaan 1000 W:n py\u00f6riv\u00e4 kuumailmaharja. Valitse 2 l\u00e4mp\u00f6\/nopeusasetusta ja kylm\u00e4ilmatoiminto hiusten kiinnitt\u00e4miseksi. Kuumailmaharja on suunniteltu helppok\u00e4ytt\u00f6iseksi ja siin\u00e4 on kaksisuuntainen py\u00f6rimissuunta, joten voit valita kulkusuunnan. Pit\u00e4m\u00e4ll\u00e4 painiketta painettuna kuumailmaharja kietoo hiukset automaattisesti harjan ymp\u00e4rille ja saat symmetrisen tyylin molemmilta puolilta. Sis\u00e4ltyy 3 vaihdettavaa lis\u00e4varustetta:\u2022Meilaharja on [&hellip;]<\/p>\n","protected":false},"featured_media":145151,"comment_status":"open","ping_status":"closed","template":"","meta":{"_trash_the_other_posts":false},"product_brand":[],"product_cat":[652],"product_tag":[],"berocket_brand":[1272],"class_list":{"0":"post-145189","1":"product","2":"type-product","3":"status-publish","4":"has-post-thumbnail","6":"product_cat-lampoharja","7":"pa_brand-remington","8":"berocket_brand-remington","10":"first","11":"instock","12":"sale","13":"taxable","14":"shipping-taxable","15":"purchasable","16":"product-type-simple"},"_links":{"self":[{"href":"https:\/\/stylingagenten.com\/fi\/wp-json\/wp\/v2\/product\/145189","targetHints":{"allow":["GET"]}}],"collection":[{"href":"https:\/\/stylingagenten.com\/fi\/wp-json\/wp\/v2\/product"}],"about":[{"href":"https:\/\/stylingagenten.com\/fi\/wp-json\/wp\/v2\/types\/product"}],"replies":[{"embeddable":true,"href":"https:\/\/stylingagenten.com\/fi\/wp-json\/wp\/v2\/comments?post=145189"}],"version-history":[{"count":0,"href":"https:\/\/stylingagenten.com\/fi\/wp-json\/wp\/v2\/product\/145189\/revisions"}],"wp:featuredmedia":[{"embeddable":true,"href":"https:\/\/stylingagenten.com\/fi\/wp-json\/wp\/v2\/media\/145151"}],"wp:attachment":[{"href":"https:\/\/stylingagenten.com\/fi\/wp-json\/wp\/v2\/media?parent=145189"}],"wp:term":[{"taxonomy":"product_brand","embeddable":true,"href":"https:\/\/stylingagenten.com\/fi\/wp-json\/wp\/v2\/product_brand?post=145189"},{"taxonomy":"product_cat","embeddable":true,"href":"https:\/\/stylingagenten.com\/fi\/wp-json\/wp\/v2\/product_cat?post=145189"},{"taxonomy":"product_tag","embeddable":true,"href":"https:\/\/stylingagenten.com\/fi\/wp-json\/wp\/v2\/product_tag?post=145189"},{"taxonomy":"berocket_brand","embeddable":true,"href":"https:\/\/stylingagenten.com\/fi\/wp-json\/wp\/v2\/berocket_brand?post=145189"}],"curies":[{"name":"wp","href":"https:\/\/api.w.org\/{rel}","templated":true}]}}