{"id":145186,"date":"2025-05-18T23:33:09","date_gmt":"2025-05-18T23:33:09","guid":{"rendered":"https:\/\/staging2.stylingagenten.com\/fi\/produkt\/remington-blow-dry-style-caring-400w-airstyler\/"},"modified":"2026-03-22T08:47:27","modified_gmt":"2026-03-22T08:47:27","slug":"remington-blow-dry-style-caring-400w-airstyler","status":"publish","type":"product","link":"https:\/\/stylingagenten.com\/fi\/tuote\/remington-blow-dry-style-caring-400w-airstyler\/","title":{"rendered":"Remington Blow Dry &amp; Style \u2013 Caring 400W Airstyler"},"content":{"rendered":"<p>Kevyt ja joustava 400 W kuumailmaharja, joka on mukautettu muotoilemaan ja muotoilemaan lyhyit\u00e4 hiuksia. Kuumailmaharjassa on 2 l\u00e4mp\u00f6-\/nopeusasetusta ja 2 erilaista lis\u00e4osaa, 19 mm:n py\u00f6re\u00e4 harja, joka luo pienempi\u00e4 kiharoita ja 25 mm:n harjasp\u00e4\u00e4, joka lis\u00e4\u00e4 volyymia juurille, mutta voi my\u00f6s luoda l\u00f6ysempi\u00e4 kiharoita ja aaltoja.<\/p>\n<p>Molempiin harjat: Ota hiuslenkki ja kiedo hiusten p\u00e4\u00e4t harjan ymp\u00e4rille. K\u00e4\u00e4nn\u00e4 laitetta niin, ett\u00e4 hiukset kiertyv\u00e4t harjakelan ymp\u00e4rille ja muotoile hiukset haluamallasi tavalla.<\/p>\n<p>(Pituus 35 cm Korkeus; 4 cm Syvyys; 4 cm)<\/p>\n<p>Toiminnot: <br \/>2x muotoilutarvike lyhyille hiuksille;<br \/>19 mm:n harja<br \/>25 mm:n pehme\u00e4 harja<br \/>400 W<br \/>2 l\u00e4mp\u00f6-\/nopeusasetusta<br \/>K\u00e4\u00e4ntyv\u00e4 johto<br \/>Ripustuslenkki<\/p>\n","protected":false},"excerpt":{"rendered":"<p>Kevyt ja joustava 400 W kuumailmaharja, joka on mukautettu muotoilemaan ja muotoilemaan lyhyit\u00e4 hiuksia. Kuumailmaharjassa on 2 l\u00e4mp\u00f6-\/nopeusasetusta ja 2 erilaista lis\u00e4osaa, 19 mm:n py\u00f6re\u00e4 harja, joka luo pienempi\u00e4 kiharoita ja 25 mm:n harjasp\u00e4\u00e4, joka lis\u00e4\u00e4 volyymia juurille, mutta voi my\u00f6s luoda l\u00f6ysempi\u00e4 kiharoita ja aaltoja. Molempiin harjat: Ota hiuslenkki ja kiedo hiusten p\u00e4\u00e4t harjan [&hellip;]<\/p>\n","protected":false},"featured_media":145148,"comment_status":"open","ping_status":"closed","template":"","meta":{"_trash_the_other_posts":false},"product_brand":[],"product_cat":[652],"product_tag":[],"berocket_brand":[1272],"class_list":{"0":"post-145186","1":"product","2":"type-product","3":"status-publish","4":"has-post-thumbnail","6":"product_cat-lampoharja","7":"pa_brand-remington","8":"berocket_brand-remington","10":"first","11":"instock","12":"sale","13":"taxable","14":"shipping-taxable","15":"purchasable","16":"product-type-simple"},"_links":{"self":[{"href":"https:\/\/stylingagenten.com\/fi\/wp-json\/wp\/v2\/product\/145186","targetHints":{"allow":["GET"]}}],"collection":[{"href":"https:\/\/stylingagenten.com\/fi\/wp-json\/wp\/v2\/product"}],"about":[{"href":"https:\/\/stylingagenten.com\/fi\/wp-json\/wp\/v2\/types\/product"}],"replies":[{"embeddable":true,"href":"https:\/\/stylingagenten.com\/fi\/wp-json\/wp\/v2\/comments?post=145186"}],"version-history":[{"count":0,"href":"https:\/\/stylingagenten.com\/fi\/wp-json\/wp\/v2\/product\/145186\/revisions"}],"wp:featuredmedia":[{"embeddable":true,"href":"https:\/\/stylingagenten.com\/fi\/wp-json\/wp\/v2\/media\/145148"}],"wp:attachment":[{"href":"https:\/\/stylingagenten.com\/fi\/wp-json\/wp\/v2\/media?parent=145186"}],"wp:term":[{"taxonomy":"product_brand","embeddable":true,"href":"https:\/\/stylingagenten.com\/fi\/wp-json\/wp\/v2\/product_brand?post=145186"},{"taxonomy":"product_cat","embeddable":true,"href":"https:\/\/stylingagenten.com\/fi\/wp-json\/wp\/v2\/product_cat?post=145186"},{"taxonomy":"product_tag","embeddable":true,"href":"https:\/\/stylingagenten.com\/fi\/wp-json\/wp\/v2\/product_tag?post=145186"},{"taxonomy":"berocket_brand","embeddable":true,"href":"https:\/\/stylingagenten.com\/fi\/wp-json\/wp\/v2\/berocket_brand?post=145186"}],"curies":[{"name":"wp","href":"https:\/\/api.w.org\/{rel}","templated":true}]}}