{"id":145128,"date":"2025-05-18T23:33:00","date_gmt":"2025-05-18T23:33:00","guid":{"rendered":"https:\/\/staging2.stylingagenten.com\/fi\/produkt\/schwarzkopf-osis-soft-dust-10g\/"},"modified":"2026-04-12T15:28:49","modified_gmt":"2026-04-12T15:28:49","slug":"schwarzkopf-osis-soft-dust-10g","status":"publish","type":"product","link":"https:\/\/stylingagenten.com\/fi\/tuote\/schwarzkopf-osis-soft-dust-10g\/","title":{"rendered":"Schwarzkopf Osis Soft Dust 10g"},"content":{"rendered":"<p>Schwarzkopf Osis Soft Dust 10g<br \/>OSiS Soft Dust on kevyt, vegaaninen volyymia lis\u00e4\u00e4v\u00e4 puuteri, joka antaa kevyen pidon ja lis\u00e4\u00e4 huomattavasti hiusten t\u00e4ytel\u00e4isyytt\u00e4 tehden samalla hiuksista pehme\u00e4t ja joustavat. Voidaan levitt\u00e4\u00e4 p\u00e4\u00e4nahkaan lis\u00e4ten kohottamiseksi tai pituuksiin kohdennetun koostumuksen saamiseksi.<\/p>\n","protected":false},"excerpt":{"rendered":"<p>Schwarzkopf Osis Soft Dust 10gOSiS Soft Dust on kevyt, vegaaninen volyymia lis\u00e4\u00e4v\u00e4 puuteri, joka antaa kevyen pidon ja lis\u00e4\u00e4 huomattavasti hiusten t\u00e4ytel\u00e4isyytt\u00e4 tehden samalla hiuksista pehme\u00e4t ja joustavat. Voidaan levitt\u00e4\u00e4 p\u00e4\u00e4nahkaan lis\u00e4ten kohottamiseksi tai pituuksiin kohdennetun koostumuksen saamiseksi.<\/p>\n","protected":false},"featured_media":145126,"comment_status":"open","ping_status":"closed","template":"","meta":{"_trash_the_other_posts":false},"product_brand":[],"product_cat":[616],"product_tag":[],"berocket_brand":[1060],"class_list":{"0":"post-145128","1":"product","2":"type-product","3":"status-publish","4":"has-post-thumbnail","6":"product_cat-volyymijauhe","7":"pa_brand-schwarzkopf","8":"berocket_brand-schwarzkopf","10":"first","11":"instock","12":"sale","13":"taxable","14":"shipping-taxable","15":"purchasable","16":"product-type-simple"},"_links":{"self":[{"href":"https:\/\/stylingagenten.com\/fi\/wp-json\/wp\/v2\/product\/145128","targetHints":{"allow":["GET"]}}],"collection":[{"href":"https:\/\/stylingagenten.com\/fi\/wp-json\/wp\/v2\/product"}],"about":[{"href":"https:\/\/stylingagenten.com\/fi\/wp-json\/wp\/v2\/types\/product"}],"replies":[{"embeddable":true,"href":"https:\/\/stylingagenten.com\/fi\/wp-json\/wp\/v2\/comments?post=145128"}],"version-history":[{"count":0,"href":"https:\/\/stylingagenten.com\/fi\/wp-json\/wp\/v2\/product\/145128\/revisions"}],"wp:featuredmedia":[{"embeddable":true,"href":"https:\/\/stylingagenten.com\/fi\/wp-json\/wp\/v2\/media\/145126"}],"wp:attachment":[{"href":"https:\/\/stylingagenten.com\/fi\/wp-json\/wp\/v2\/media?parent=145128"}],"wp:term":[{"taxonomy":"product_brand","embeddable":true,"href":"https:\/\/stylingagenten.com\/fi\/wp-json\/wp\/v2\/product_brand?post=145128"},{"taxonomy":"product_cat","embeddable":true,"href":"https:\/\/stylingagenten.com\/fi\/wp-json\/wp\/v2\/product_cat?post=145128"},{"taxonomy":"product_tag","embeddable":true,"href":"https:\/\/stylingagenten.com\/fi\/wp-json\/wp\/v2\/product_tag?post=145128"},{"taxonomy":"berocket_brand","embeddable":true,"href":"https:\/\/stylingagenten.com\/fi\/wp-json\/wp\/v2\/berocket_brand?post=145128"}],"curies":[{"name":"wp","href":"https:\/\/api.w.org\/{rel}","templated":true}]}}