{"id":145104,"date":"2025-05-18T23:32:55","date_gmt":"2025-05-18T23:32:55","guid":{"rendered":"https:\/\/staging2.stylingagenten.com\/fi\/produkt\/schwarzkopf-osis-dust-it-10g\/"},"modified":"2026-04-15T04:29:41","modified_gmt":"2026-04-15T04:29:41","slug":"schwarzkopf-osis-dust-it-10g","status":"publish","type":"product","link":"https:\/\/stylingagenten.com\/fi\/tuote\/schwarzkopf-osis-dust-it-10g\/","title":{"rendered":"Schwarzkopf Osis Dust It 10g"},"content":{"rendered":"<p>Schwarzkopf Osis Dust It 10g<br \/>OSiS Dust It on vegaaninen mattapintainen volyymijauhe va-va-voom volyymia ja kohotusta varten. Tarjoaa vahvan pidon ja v\u00e4litt\u00f6m\u00e4n otteen.<\/p>\n","protected":false},"excerpt":{"rendered":"<p>Schwarzkopf Osis Dust It 10gOSiS Dust It on vegaaninen mattapintainen volyymijauhe va-va-voom volyymia ja kohotusta varten. Tarjoaa vahvan pidon ja v\u00e4litt\u00f6m\u00e4n otteen.<\/p>\n","protected":false},"featured_media":145103,"comment_status":"open","ping_status":"closed","template":"","meta":{"_trash_the_other_posts":false},"product_brand":[],"product_cat":[1003,616],"product_tag":[],"berocket_brand":[1060],"class_list":{"0":"post-145104","1":"product","2":"type-product","3":"status-publish","4":"has-post-thumbnail","6":"product_cat-myydyimmat","7":"product_cat-volyymijauhe","8":"pa_brand-schwarzkopf","9":"berocket_brand-schwarzkopf","11":"first","12":"instock","13":"sale","14":"taxable","15":"shipping-taxable","16":"purchasable","17":"product-type-simple"},"_links":{"self":[{"href":"https:\/\/stylingagenten.com\/fi\/wp-json\/wp\/v2\/product\/145104","targetHints":{"allow":["GET"]}}],"collection":[{"href":"https:\/\/stylingagenten.com\/fi\/wp-json\/wp\/v2\/product"}],"about":[{"href":"https:\/\/stylingagenten.com\/fi\/wp-json\/wp\/v2\/types\/product"}],"replies":[{"embeddable":true,"href":"https:\/\/stylingagenten.com\/fi\/wp-json\/wp\/v2\/comments?post=145104"}],"version-history":[{"count":0,"href":"https:\/\/stylingagenten.com\/fi\/wp-json\/wp\/v2\/product\/145104\/revisions"}],"wp:featuredmedia":[{"embeddable":true,"href":"https:\/\/stylingagenten.com\/fi\/wp-json\/wp\/v2\/media\/145103"}],"wp:attachment":[{"href":"https:\/\/stylingagenten.com\/fi\/wp-json\/wp\/v2\/media?parent=145104"}],"wp:term":[{"taxonomy":"product_brand","embeddable":true,"href":"https:\/\/stylingagenten.com\/fi\/wp-json\/wp\/v2\/product_brand?post=145104"},{"taxonomy":"product_cat","embeddable":true,"href":"https:\/\/stylingagenten.com\/fi\/wp-json\/wp\/v2\/product_cat?post=145104"},{"taxonomy":"product_tag","embeddable":true,"href":"https:\/\/stylingagenten.com\/fi\/wp-json\/wp\/v2\/product_tag?post=145104"},{"taxonomy":"berocket_brand","embeddable":true,"href":"https:\/\/stylingagenten.com\/fi\/wp-json\/wp\/v2\/berocket_brand?post=145104"}],"curies":[{"name":"wp","href":"https:\/\/api.w.org\/{rel}","templated":true}]}}