{"id":145080,"date":"2025-05-18T23:32:51","date_gmt":"2025-05-18T23:32:51","guid":{"rendered":"https:\/\/staging2.stylingagenten.com\/fi\/produkt\/loreal-hair-touch-up-spray-light-brown-75ml\/"},"modified":"2026-04-09T13:07:33","modified_gmt":"2026-04-09T13:07:33","slug":"loreal-hair-touch-up-spray-light-brown-75ml","status":"publish","type":"product","link":"https:\/\/stylingagenten.com\/fi\/tuote\/loreal-hair-touch-up-spray-light-brown-75ml\/","title":{"rendered":"L&#8217;Oreal Hair Touch Up Spray Light Brown 75ml"},"content":{"rendered":"<p>V\u00e4henn\u00e4 n\u00e4kyvi\u00e4 juuria ja taistele harmaita hiuksia vastaan \u200b\u200bv\u00e4rj\u00e4ysten v\u00e4lill\u00e4 L&#8217;Or\u00e9al Professionnel Hair Touch Upilla. T\u00e4m\u00e4 kevyt suihke sis\u00e4lt\u00e4\u00e4 pigmenttej\u00e4, jotka sulautuvat hienovaraisesti hiuksiin peitt\u00e4en ei-toivotut harmaat hiukset tai kasvua salonkik\u00e4yntien v\u00e4lill\u00e4, jotta voit tuntea olosi parhaalta koko p\u00e4iv\u00e4n. Suihke sopii kaikille hiustyypeille ja Freeze Dry -teknologia varmistaa, ett\u00e4 edistyksellinen suihke kuivuu v\u00e4litt\u00f6m\u00e4sti tahrautumatta, kun taas hieno suutin tekee levitt\u00e4misest\u00e4 helppoa juuri haluamaasi kohtaan. Helppo huuhdella pois shampoolla.<\/p>\n","protected":false},"excerpt":{"rendered":"<p>V\u00e4henn\u00e4 n\u00e4kyvi\u00e4 juuria ja taistele harmaita hiuksia vastaan \u200b\u200bv\u00e4rj\u00e4ysten v\u00e4lill\u00e4 L&#8217;Or\u00e9al Professionnel Hair Touch Upilla. T\u00e4m\u00e4 kevyt suihke sis\u00e4lt\u00e4\u00e4 pigmenttej\u00e4, jotka sulautuvat hienovaraisesti hiuksiin peitt\u00e4en ei-toivotut harmaat hiukset tai kasvua salonkik\u00e4yntien v\u00e4lill\u00e4, jotta voit tuntea olosi parhaalta koko p\u00e4iv\u00e4n. Suihke sopii kaikille hiustyypeille ja Freeze Dry -teknologia varmistaa, ett\u00e4 edistyksellinen suihke kuivuu v\u00e4litt\u00f6m\u00e4sti tahrautumatta, kun [&hellip;]<\/p>\n","protected":false},"featured_media":145079,"comment_status":"open","ping_status":"closed","template":"","meta":{"_trash_the_other_posts":false},"product_brand":[],"product_cat":[640],"product_tag":[3236],"berocket_brand":[2000],"class_list":{"0":"post-145080","1":"product","2":"type-product","3":"status-publish","4":"has-post-thumbnail","6":"product_cat-juuren-kansi","7":"product_tag-loreal-hair-touch-up-spray-75ml","8":"pa_brand-loreal-paris-2","9":"pa_variantti-dark-blonde","10":"berocket_brand-loreal-paris","12":"first","13":"instock","14":"sale","15":"taxable","16":"shipping-taxable","17":"purchasable","18":"product-type-simple"},"_links":{"self":[{"href":"https:\/\/stylingagenten.com\/fi\/wp-json\/wp\/v2\/product\/145080","targetHints":{"allow":["GET"]}}],"collection":[{"href":"https:\/\/stylingagenten.com\/fi\/wp-json\/wp\/v2\/product"}],"about":[{"href":"https:\/\/stylingagenten.com\/fi\/wp-json\/wp\/v2\/types\/product"}],"replies":[{"embeddable":true,"href":"https:\/\/stylingagenten.com\/fi\/wp-json\/wp\/v2\/comments?post=145080"}],"version-history":[{"count":0,"href":"https:\/\/stylingagenten.com\/fi\/wp-json\/wp\/v2\/product\/145080\/revisions"}],"wp:featuredmedia":[{"embeddable":true,"href":"https:\/\/stylingagenten.com\/fi\/wp-json\/wp\/v2\/media\/145079"}],"wp:attachment":[{"href":"https:\/\/stylingagenten.com\/fi\/wp-json\/wp\/v2\/media?parent=145080"}],"wp:term":[{"taxonomy":"product_brand","embeddable":true,"href":"https:\/\/stylingagenten.com\/fi\/wp-json\/wp\/v2\/product_brand?post=145080"},{"taxonomy":"product_cat","embeddable":true,"href":"https:\/\/stylingagenten.com\/fi\/wp-json\/wp\/v2\/product_cat?post=145080"},{"taxonomy":"product_tag","embeddable":true,"href":"https:\/\/stylingagenten.com\/fi\/wp-json\/wp\/v2\/product_tag?post=145080"},{"taxonomy":"berocket_brand","embeddable":true,"href":"https:\/\/stylingagenten.com\/fi\/wp-json\/wp\/v2\/berocket_brand?post=145080"}],"curies":[{"name":"wp","href":"https:\/\/api.w.org\/{rel}","templated":true}]}}