{"id":145055,"date":"2025-05-18T23:32:46","date_gmt":"2025-05-18T23:32:46","guid":{"rendered":"https:\/\/staging2.stylingagenten.com\/fi\/produkt\/toppik-hair-building-fibers-regular-12g-medium-blonde\/"},"modified":"2026-04-08T12:28:30","modified_gmt":"2026-04-08T12:28:30","slug":"toppik-hair-building-fibers-regular-12g-medium-blonde","status":"publish","type":"product","link":"https:\/\/stylingagenten.com\/fi\/tuote\/toppik-hair-building-fibers-regular-12g-medium-blonde\/","title":{"rendered":"Toppik Hair Building Fibers Regular 12g &#8211; Medium Blonde"},"content":{"rendered":"<p>Toppik on upea tuote niille, joilla on ohuet hiukset. Toppik &auml; pieni Mikrokuituja, jotka levitet\u00e4\u00e4n helposti hiuksiisi ja jotka edistyneen valmistusprosessin ansiosta tarttuvat hiuksiin staattisen s\u00e4hk\u00f6ns\u00e4 avulla. <br \/>Toppik on t\u00e4ysin luonnollisia hiuskuituja, jotka on valmistettu orgaanisesta keratiiniproteiinista, samat kuin hiuksesi.<\/p>\n<p>Tuote sulautuu t\u00e4ydellisesti, ei tartu hiuksiin. p\u00e4\u00e4nahka ja se ei pudota; vaatteesi. Kiitos, ett\u00e4 hiuksesi n\u00e4ytt\u00e4v\u00e4t paksummilta ja saavat lis\u00e4\u00e4 volyymia; se piilottaa p\u00e4\u00e4nahan l\u00e4pikuultavuuden, mik\u00e4 on monille raskaana oleville miehille ja naisille ep\u00e4miellytt\u00e4v\u00e4 ongelma. Saatavilla 8 eri v\u00e4ri\u00e4.&nbsp;<\/p>\n","protected":false},"excerpt":{"rendered":"<p>Toppik on upea tuote niille, joilla on ohuet hiukset. Toppik &auml; pieni Mikrokuituja, jotka levitet\u00e4\u00e4n helposti hiuksiisi ja jotka edistyneen valmistusprosessin ansiosta tarttuvat hiuksiin staattisen s\u00e4hk\u00f6ns\u00e4 avulla. Toppik on t\u00e4ysin luonnollisia hiuskuituja, jotka on valmistettu orgaanisesta keratiiniproteiinista, samat kuin hiuksesi. Tuote sulautuu t\u00e4ydellisesti, ei tartu hiuksiin. p\u00e4\u00e4nahka ja se ei pudota; vaatteesi. Kiitos, ett\u00e4 hiuksesi [&hellip;]<\/p>\n","protected":false},"featured_media":145054,"comment_status":"open","ping_status":"closed","template":"","meta":{"_trash_the_other_posts":false},"product_brand":[],"product_cat":[640,1003],"product_tag":[4025],"berocket_brand":[1207],"class_list":{"0":"post-145055","1":"product","2":"type-product","3":"status-publish","4":"has-post-thumbnail","6":"product_cat-juuren-kansi","7":"product_cat-myydyimmat","8":"product_tag-toppik-hair-building-fibers-regular-12g","9":"pa_brand-toppik","10":"pa_variantti-medium-blonde","11":"berocket_brand-toppik","13":"first","14":"instock","15":"sale","16":"taxable","17":"shipping-taxable","18":"purchasable","19":"product-type-simple"},"_links":{"self":[{"href":"https:\/\/stylingagenten.com\/fi\/wp-json\/wp\/v2\/product\/145055","targetHints":{"allow":["GET"]}}],"collection":[{"href":"https:\/\/stylingagenten.com\/fi\/wp-json\/wp\/v2\/product"}],"about":[{"href":"https:\/\/stylingagenten.com\/fi\/wp-json\/wp\/v2\/types\/product"}],"replies":[{"embeddable":true,"href":"https:\/\/stylingagenten.com\/fi\/wp-json\/wp\/v2\/comments?post=145055"}],"version-history":[{"count":0,"href":"https:\/\/stylingagenten.com\/fi\/wp-json\/wp\/v2\/product\/145055\/revisions"}],"wp:featuredmedia":[{"embeddable":true,"href":"https:\/\/stylingagenten.com\/fi\/wp-json\/wp\/v2\/media\/145054"}],"wp:attachment":[{"href":"https:\/\/stylingagenten.com\/fi\/wp-json\/wp\/v2\/media?parent=145055"}],"wp:term":[{"taxonomy":"product_brand","embeddable":true,"href":"https:\/\/stylingagenten.com\/fi\/wp-json\/wp\/v2\/product_brand?post=145055"},{"taxonomy":"product_cat","embeddable":true,"href":"https:\/\/stylingagenten.com\/fi\/wp-json\/wp\/v2\/product_cat?post=145055"},{"taxonomy":"product_tag","embeddable":true,"href":"https:\/\/stylingagenten.com\/fi\/wp-json\/wp\/v2\/product_tag?post=145055"},{"taxonomy":"berocket_brand","embeddable":true,"href":"https:\/\/stylingagenten.com\/fi\/wp-json\/wp\/v2\/berocket_brand?post=145055"}],"curies":[{"name":"wp","href":"https:\/\/api.w.org\/{rel}","templated":true}]}}