{"id":145050,"date":"2025-05-18T23:32:44","date_gmt":"2025-05-18T23:32:44","guid":{"rendered":"https:\/\/staging2.stylingagenten.com\/fi\/produkt\/toppik-hair-building-fibers-12g-light-blonde\/"},"modified":"2026-04-12T17:38:41","modified_gmt":"2026-04-12T17:38:41","slug":"toppik-hair-building-fibers-12g-light-blonde","status":"publish","type":"product","link":"https:\/\/stylingagenten.com\/fi\/tuote\/toppik-hair-building-fibers-12g-light-blonde\/","title":{"rendered":"Toppik Hair Building Fibers 12g &#8211; Light Blonde"},"content":{"rendered":"<p>Toppik on upea tuote niille, joilla on ohuet hiukset. Toppik &auml; pieni mikrokuituja, jotka levittyv\u00e4t helposti hiuksiisi ja jotka edistyneen valmistusprosessin ansiosta kiinnittyv\u00e4t hiuksiin staattisen s\u00e4hk\u00f6ns\u00e4 avulla.<br \/>Toppik on t\u00e4ysin luonnollisia hiuskuituja, jotka on valmistettu orgaanisesta keratiiniproteiinista, joka on sama kuin hiuksesi hiukset.<\/p>\n<p>Tuote sulautuu t\u00e4ydellisesti, ei asetu hiuksiin. p\u00e4\u00e4nahka ja se ei pudota; vaatteesi. Kiitos, ett\u00e4 hiuksesi n\u00e4ytt\u00e4v\u00e4t paksummilta ja saavat lis\u00e4\u00e4 volyymia; se piilottaa p\u00e4\u00e4nahan l\u00e4pikuultavuuden, mik\u00e4 on monien v\u00e4rikk\u00e4iden miesten ja naisten mielest\u00e4 ep\u00e4miellytt\u00e4v\u00e4 ongelma.&nbsp;<\/p>\n","protected":false},"excerpt":{"rendered":"<p>Toppik on upea tuote niille, joilla on ohuet hiukset. Toppik &auml; pieni mikrokuituja, jotka levittyv\u00e4t helposti hiuksiisi ja jotka edistyneen valmistusprosessin ansiosta kiinnittyv\u00e4t hiuksiin staattisen s\u00e4hk\u00f6ns\u00e4 avulla.Toppik on t\u00e4ysin luonnollisia hiuskuituja, jotka on valmistettu orgaanisesta keratiiniproteiinista, joka on sama kuin hiuksesi hiukset. Tuote sulautuu t\u00e4ydellisesti, ei asetu hiuksiin. p\u00e4\u00e4nahka ja se ei pudota; vaatteesi. Kiitos, [&hellip;]<\/p>\n","protected":false},"featured_media":145049,"comment_status":"open","ping_status":"closed","template":"","meta":{"_trash_the_other_posts":false},"product_brand":[],"product_cat":[640],"product_tag":[],"berocket_brand":[1207],"class_list":{"0":"post-145050","1":"product","2":"type-product","3":"status-publish","4":"has-post-thumbnail","6":"product_cat-juuren-kansi","7":"pa_brand-toppik","8":"berocket_brand-toppik","10":"first","11":"instock","12":"sale","13":"taxable","14":"shipping-taxable","15":"purchasable","16":"product-type-simple"},"_links":{"self":[{"href":"https:\/\/stylingagenten.com\/fi\/wp-json\/wp\/v2\/product\/145050","targetHints":{"allow":["GET"]}}],"collection":[{"href":"https:\/\/stylingagenten.com\/fi\/wp-json\/wp\/v2\/product"}],"about":[{"href":"https:\/\/stylingagenten.com\/fi\/wp-json\/wp\/v2\/types\/product"}],"replies":[{"embeddable":true,"href":"https:\/\/stylingagenten.com\/fi\/wp-json\/wp\/v2\/comments?post=145050"}],"version-history":[{"count":0,"href":"https:\/\/stylingagenten.com\/fi\/wp-json\/wp\/v2\/product\/145050\/revisions"}],"wp:featuredmedia":[{"embeddable":true,"href":"https:\/\/stylingagenten.com\/fi\/wp-json\/wp\/v2\/media\/145049"}],"wp:attachment":[{"href":"https:\/\/stylingagenten.com\/fi\/wp-json\/wp\/v2\/media?parent=145050"}],"wp:term":[{"taxonomy":"product_brand","embeddable":true,"href":"https:\/\/stylingagenten.com\/fi\/wp-json\/wp\/v2\/product_brand?post=145050"},{"taxonomy":"product_cat","embeddable":true,"href":"https:\/\/stylingagenten.com\/fi\/wp-json\/wp\/v2\/product_cat?post=145050"},{"taxonomy":"product_tag","embeddable":true,"href":"https:\/\/stylingagenten.com\/fi\/wp-json\/wp\/v2\/product_tag?post=145050"},{"taxonomy":"berocket_brand","embeddable":true,"href":"https:\/\/stylingagenten.com\/fi\/wp-json\/wp\/v2\/berocket_brand?post=145050"}],"curies":[{"name":"wp","href":"https:\/\/api.w.org\/{rel}","templated":true}]}}