{"id":145017,"date":"2025-05-18T23:32:38","date_gmt":"2025-05-18T23:32:38","guid":{"rendered":"https:\/\/staging2.stylingagenten.com\/fi\/produkt\/toppik-hair-building-fibers-large-27-5g-light-blonde\/"},"modified":"2026-04-14T19:08:31","modified_gmt":"2026-04-14T19:08:31","slug":"toppik-hair-building-fibers-large-27-5g-light-blonde","status":"publish","type":"product","link":"https:\/\/stylingagenten.com\/fi\/tuote\/toppik-hair-building-fibers-large-27-5g-light-blonde\/","title":{"rendered":"Toppik Hair Building Fibers Large 27.5g &#8211; Light Blonde"},"content":{"rendered":"<p>Toppik on mahtava tuote ohuthiuksisille. Toppik koostuu pienist\u00e4 mikrokuiduista, jotka on helppo levitt\u00e4\u00e4 hiuksiisi, ja ne kiinnittyv\u00e4t hiussuortuvillesi staattisen s\u00e4hk\u00f6n avulla kehittyneen valmistusprosessin ansiosta.<\/p>\n<p>Toppik on t\u00e4ysin luonnollinen hiuskuitu, joka on valmistettu orgaanisesta keratiiniproteiinista, samasta aineesta kuin hiuksesi.<\/p>\n<p>Tuote sulautuu t\u00e4ydellisesti, ei tartu hiuspohjaan eik\u00e4 putoa vaatteillesi. Koska hiuksesi n\u00e4ytt\u00e4v\u00e4t paksummilta ja saavat lis\u00e4\u00e4 volyymia, se peitt\u00e4\u00e4 hiuspohjan n\u00e4kyvyyden, joka on monille miehille ja naisille ep\u00e4miellytt\u00e4v\u00e4 ongelma.<\/p>\n<p>V\u00e4ri: Light Blonde<\/p>\n","protected":false},"excerpt":{"rendered":"<p>Toppik on mahtava tuote ohuthiuksisille. Toppik koostuu pienist\u00e4 mikrokuiduista, jotka on helppo levitt\u00e4\u00e4 hiuksiisi, ja ne kiinnittyv\u00e4t hiussuortuvillesi staattisen s\u00e4hk\u00f6n avulla kehittyneen valmistusprosessin ansiosta. Toppik on t\u00e4ysin luonnollinen hiuskuitu, joka on valmistettu orgaanisesta keratiiniproteiinista, samasta aineesta kuin hiuksesi. Tuote sulautuu t\u00e4ydellisesti, ei tartu hiuspohjaan eik\u00e4 putoa vaatteillesi. Koska hiuksesi n\u00e4ytt\u00e4v\u00e4t paksummilta ja saavat lis\u00e4\u00e4 volyymia, [&hellip;]<\/p>\n","protected":false},"featured_media":145014,"comment_status":"open","ping_status":"closed","template":"","meta":{"_trash_the_other_posts":false},"product_brand":[],"product_cat":[640],"product_tag":[4024],"berocket_brand":[1207],"class_list":{"0":"post-145017","1":"product","2":"type-product","3":"status-publish","4":"has-post-thumbnail","6":"product_cat-juuren-kansi","7":"product_tag-toppik-hair-building-fibers-large-27-5g","8":"pa_brand-toppik","9":"pa_variantti-light-blonde","10":"berocket_brand-toppik","12":"first","13":"instock","14":"sale","15":"taxable","16":"shipping-taxable","17":"purchasable","18":"product-type-simple"},"_links":{"self":[{"href":"https:\/\/stylingagenten.com\/fi\/wp-json\/wp\/v2\/product\/145017","targetHints":{"allow":["GET"]}}],"collection":[{"href":"https:\/\/stylingagenten.com\/fi\/wp-json\/wp\/v2\/product"}],"about":[{"href":"https:\/\/stylingagenten.com\/fi\/wp-json\/wp\/v2\/types\/product"}],"replies":[{"embeddable":true,"href":"https:\/\/stylingagenten.com\/fi\/wp-json\/wp\/v2\/comments?post=145017"}],"version-history":[{"count":0,"href":"https:\/\/stylingagenten.com\/fi\/wp-json\/wp\/v2\/product\/145017\/revisions"}],"wp:featuredmedia":[{"embeddable":true,"href":"https:\/\/stylingagenten.com\/fi\/wp-json\/wp\/v2\/media\/145014"}],"wp:attachment":[{"href":"https:\/\/stylingagenten.com\/fi\/wp-json\/wp\/v2\/media?parent=145017"}],"wp:term":[{"taxonomy":"product_brand","embeddable":true,"href":"https:\/\/stylingagenten.com\/fi\/wp-json\/wp\/v2\/product_brand?post=145017"},{"taxonomy":"product_cat","embeddable":true,"href":"https:\/\/stylingagenten.com\/fi\/wp-json\/wp\/v2\/product_cat?post=145017"},{"taxonomy":"product_tag","embeddable":true,"href":"https:\/\/stylingagenten.com\/fi\/wp-json\/wp\/v2\/product_tag?post=145017"},{"taxonomy":"berocket_brand","embeddable":true,"href":"https:\/\/stylingagenten.com\/fi\/wp-json\/wp\/v2\/berocket_brand?post=145017"}],"curies":[{"name":"wp","href":"https:\/\/api.w.org\/{rel}","templated":true}]}}