{"id":145010,"date":"2025-05-18T23:32:37","date_gmt":"2025-05-18T23:32:37","guid":{"rendered":"https:\/\/staging2.stylingagenten.com\/fi\/produkt\/babyliss-for-men-multi-trimmer-nose-and-ear\/"},"modified":"2026-03-30T07:58:25","modified_gmt":"2026-03-30T07:58:25","slug":"babyliss-for-men-multi-trimmer-nose-and-ear","status":"publish","type":"product","link":"https:\/\/stylingagenten.com\/fi\/tuote\/babyliss-for-men-multi-trimmer-nose-and-ear\/","title":{"rendered":"Babyliss for Men Multi Trimmer &#8211; Nose and Ear"},"content":{"rendered":"<div style=\"margin: 0px;padding: 0px;max-width: none;width: 980px;float: none;font-family: Muli, sans-serif\">\n<p><strong>Poista nen\u00e4- ja kulmakarvat turvallisella, nopealla ja hell\u00e4varaisella trimmerill\u00e4<\/strong><\/p>\n<p>L&amp;ouml Irrotettava ja pest\u00e4v\u00e4 p\u00e4\u00e4, joka helpottaa puhdistamista.<\/p>\n<p>&#8211; Akkuk\u00e4ytt\u00f6inen narutrimmeri<br \/>&#8211; Mukana 1 AA-paristo<br \/>&#8211; Irrotettava p\u00e4\u00e4, joka helpottaa rengasta<br \/>&#8211; 3 vuoden takuu<\/p>\n<p><\/p>\n<\/div>\n<p><\/p>\n<div style=\"margin: 0px -0.625rem;padding: 0px;max-width: none\">\n<div style=\"float: left\">\n<div style=\"max-width: none\">\n<div style=\"float: left\">\n<div><\/div>\n<\/div>\n<\/div>\n<\/div>\n<\/div>\n<p><\/p>\n","protected":false},"excerpt":{"rendered":"<p>Poista nen\u00e4- ja kulmakarvat turvallisella, nopealla ja hell\u00e4varaisella trimmerill\u00e4 L&amp;ouml Irrotettava ja pest\u00e4v\u00e4 p\u00e4\u00e4, joka helpottaa puhdistamista. &#8211; Akkuk\u00e4ytt\u00f6inen narutrimmeri&#8211; Mukana 1 AA-paristo&#8211; Irrotettava p\u00e4\u00e4, joka helpottaa rengasta&#8211; 3 vuoden takuu<\/p>\n","protected":false},"featured_media":145006,"comment_status":"open","ping_status":"closed","template":"","meta":{"_trash_the_other_posts":false},"product_brand":[],"product_cat":[604],"product_tag":[],"berocket_brand":[1166],"class_list":{"0":"post-145010","1":"product","2":"type-product","3":"status-publish","4":"has-post-thumbnail","6":"product_cat-trimmeri","7":"pa_brand-babyliss","8":"berocket_brand-babyliss","10":"first","11":"instock","12":"sale","13":"taxable","14":"shipping-taxable","15":"purchasable","16":"product-type-simple"},"_links":{"self":[{"href":"https:\/\/stylingagenten.com\/fi\/wp-json\/wp\/v2\/product\/145010","targetHints":{"allow":["GET"]}}],"collection":[{"href":"https:\/\/stylingagenten.com\/fi\/wp-json\/wp\/v2\/product"}],"about":[{"href":"https:\/\/stylingagenten.com\/fi\/wp-json\/wp\/v2\/types\/product"}],"replies":[{"embeddable":true,"href":"https:\/\/stylingagenten.com\/fi\/wp-json\/wp\/v2\/comments?post=145010"}],"version-history":[{"count":0,"href":"https:\/\/stylingagenten.com\/fi\/wp-json\/wp\/v2\/product\/145010\/revisions"}],"wp:featuredmedia":[{"embeddable":true,"href":"https:\/\/stylingagenten.com\/fi\/wp-json\/wp\/v2\/media\/145006"}],"wp:attachment":[{"href":"https:\/\/stylingagenten.com\/fi\/wp-json\/wp\/v2\/media?parent=145010"}],"wp:term":[{"taxonomy":"product_brand","embeddable":true,"href":"https:\/\/stylingagenten.com\/fi\/wp-json\/wp\/v2\/product_brand?post=145010"},{"taxonomy":"product_cat","embeddable":true,"href":"https:\/\/stylingagenten.com\/fi\/wp-json\/wp\/v2\/product_cat?post=145010"},{"taxonomy":"product_tag","embeddable":true,"href":"https:\/\/stylingagenten.com\/fi\/wp-json\/wp\/v2\/product_tag?post=145010"},{"taxonomy":"berocket_brand","embeddable":true,"href":"https:\/\/stylingagenten.com\/fi\/wp-json\/wp\/v2\/berocket_brand?post=145010"}],"curies":[{"name":"wp","href":"https:\/\/api.w.org\/{rel}","templated":true}]}}