{"id":144989,"date":"2025-05-18T23:32:33","date_gmt":"2025-05-18T23:32:33","guid":{"rendered":"https:\/\/staging2.stylingagenten.com\/fi\/produkt\/wahl-balding-clipper\/"},"modified":"2025-11-20T16:01:31","modified_gmt":"2025-11-20T16:01:31","slug":"wahl-balding-clipper","status":"publish","type":"product","link":"https:\/\/stylingagenten.com\/fi\/tuote\/wahl-balding-clipper\/","title":{"rendered":"Wahl Balding Clipper"},"content":{"rendered":"<div class=\"ajax__tab_body\" id=\"ctl00_main_ctl00_ctl00_tabContent_body\">&gt;&gt; Tehokas s\u00e4hk\u00f6magneettinen moottori, joka leikkaa jopa kaksi; py\u00f6rivill\u00e4 moottoreilla, Balding Clipper tarjoaa tiiviin leikkauksen kirurgisella tarkkuudella. Se on t\u00e4ydellinen nopeaan, tarkkaan ja helppoon haalistumiseen, joka leikkaa helposti kaikki hiustyypit. P&aring; johtuen eritt\u00e4in lyhyest\u00e4 pituudesta Wahl Balding Clipperin leikkuuter\u00e4 (0,4 mm) leikkaa todella l\u00e4helt\u00e4 ihoa.<\/p>\n<\/div>\n<\/div>\n<\/div>\n","protected":false},"excerpt":{"rendered":"<p>&gt;&gt; Tehokas s\u00e4hk\u00f6magneettinen moottori, joka leikkaa jopa kaksi; py\u00f6rivill\u00e4 moottoreilla, Balding Clipper tarjoaa tiiviin leikkauksen kirurgisella tarkkuudella. Se on t\u00e4ydellinen nopeaan, tarkkaan ja helppoon haalistumiseen, joka leikkaa helposti kaikki hiustyypit. P&aring; johtuen eritt\u00e4in lyhyest\u00e4 pituudesta Wahl Balding Clipperin leikkuuter\u00e4 (0,4 mm) leikkaa todella l\u00e4helt\u00e4 ihoa.<\/p>\n","protected":false},"featured_media":144986,"comment_status":"open","ping_status":"closed","template":"","meta":{"_trash_the_other_posts":false},"product_brand":[],"product_cat":[1003,604],"product_tag":[],"berocket_brand":[1145],"class_list":{"0":"post-144989","1":"product","2":"type-product","3":"status-publish","4":"has-post-thumbnail","6":"product_cat-myydyimmat","7":"product_cat-trimmeri","8":"pa_brand-wahl","9":"berocket_brand-wahl","11":"first","12":"outofstock","13":"sale","14":"taxable","15":"shipping-taxable","16":"purchasable","17":"product-type-simple"},"_links":{"self":[{"href":"https:\/\/stylingagenten.com\/fi\/wp-json\/wp\/v2\/product\/144989","targetHints":{"allow":["GET"]}}],"collection":[{"href":"https:\/\/stylingagenten.com\/fi\/wp-json\/wp\/v2\/product"}],"about":[{"href":"https:\/\/stylingagenten.com\/fi\/wp-json\/wp\/v2\/types\/product"}],"replies":[{"embeddable":true,"href":"https:\/\/stylingagenten.com\/fi\/wp-json\/wp\/v2\/comments?post=144989"}],"version-history":[{"count":0,"href":"https:\/\/stylingagenten.com\/fi\/wp-json\/wp\/v2\/product\/144989\/revisions"}],"wp:featuredmedia":[{"embeddable":true,"href":"https:\/\/stylingagenten.com\/fi\/wp-json\/wp\/v2\/media\/144986"}],"wp:attachment":[{"href":"https:\/\/stylingagenten.com\/fi\/wp-json\/wp\/v2\/media?parent=144989"}],"wp:term":[{"taxonomy":"product_brand","embeddable":true,"href":"https:\/\/stylingagenten.com\/fi\/wp-json\/wp\/v2\/product_brand?post=144989"},{"taxonomy":"product_cat","embeddable":true,"href":"https:\/\/stylingagenten.com\/fi\/wp-json\/wp\/v2\/product_cat?post=144989"},{"taxonomy":"product_tag","embeddable":true,"href":"https:\/\/stylingagenten.com\/fi\/wp-json\/wp\/v2\/product_tag?post=144989"},{"taxonomy":"berocket_brand","embeddable":true,"href":"https:\/\/stylingagenten.com\/fi\/wp-json\/wp\/v2\/berocket_brand?post=144989"}],"curies":[{"name":"wp","href":"https:\/\/api.w.org\/{rel}","templated":true}]}}