{"id":144983,"date":"2025-05-18T23:32:32","date_gmt":"2025-05-18T23:32:32","guid":{"rendered":"https:\/\/staging2.stylingagenten.com\/fi\/produkt\/wahl-magic-clip-cordless\/"},"modified":"2026-01-26T08:07:00","modified_gmt":"2026-01-26T08:07:00","slug":"wahl-magic-clip-cordless","status":"publish","type":"product","link":"https:\/\/stylingagenten.com\/fi\/tuote\/wahl-magic-clip-cordless\/","title":{"rendered":"Wahl Magic Clip Cordless"},"content":{"rendered":"<div class=\"ajax__tab_body\" id=\"ctl00_main_ctl00_ctl00_tabContent_body\">&gt;&gt; 5 t\u00e4hden Cordless Magic Clip on suunniteltu tarjoamaan ter\u00e4v\u00e4 suorituskyky, jota asiantuntijat vaativat langattoman leikkurin vapaudella. Taika on lehdiss\u00e4! Cordless Magic Clipiss\u00e4 on eritt\u00e4in tarkka porrashammas 2161-ter\u00e4 crunch-tekniikalla. T\u00e4m\u00e4 akkuty\u00f6kalu tarjoaa maailmanluokan nopeuden ja helppok\u00e4ytt\u00f6isyyden, k\u00e4tev\u00e4n kartiomaisen vivun, joka helpottaa h\u00e4ivytyst\u00e4, ja litiumioniakun 100 minuutin k\u00e4ytt\u00f6ajan latauksella. Siin\u00e4 on my\u00f6s&aring; johdon\/johdon leikkauskapasiteetti.&nbsp;<\/p>\n<\/div>\n<\/div>\n<\/div>\n","protected":false},"excerpt":{"rendered":"<p>&gt;&gt; 5 t\u00e4hden Cordless Magic Clip on suunniteltu tarjoamaan ter\u00e4v\u00e4 suorituskyky, jota asiantuntijat vaativat langattoman leikkurin vapaudella. Taika on lehdiss\u00e4! Cordless Magic Clipiss\u00e4 on eritt\u00e4in tarkka porrashammas 2161-ter\u00e4 crunch-tekniikalla. T\u00e4m\u00e4 akkuty\u00f6kalu tarjoaa maailmanluokan nopeuden ja helppok\u00e4ytt\u00f6isyyden, k\u00e4tev\u00e4n kartiomaisen vivun, joka helpottaa h\u00e4ivytyst\u00e4, ja litiumioniakun 100 minuutin k\u00e4ytt\u00f6ajan latauksella. Siin\u00e4 on my\u00f6s&aring; johdon\/johdon leikkauskapasiteetti.&nbsp;<\/p>\n","protected":false},"featured_media":144975,"comment_status":"open","ping_status":"closed","template":"","meta":{"_trash_the_other_posts":false},"product_brand":[],"product_cat":[1003,604],"product_tag":[],"berocket_brand":[1145],"class_list":{"0":"post-144983","1":"product","2":"type-product","3":"status-publish","4":"has-post-thumbnail","6":"product_cat-myydyimmat","7":"product_cat-trimmeri","8":"pa_brand-wahl","9":"berocket_brand-wahl","11":"first","12":"instock","13":"sale","14":"taxable","15":"shipping-taxable","16":"purchasable","17":"product-type-simple"},"_links":{"self":[{"href":"https:\/\/stylingagenten.com\/fi\/wp-json\/wp\/v2\/product\/144983","targetHints":{"allow":["GET"]}}],"collection":[{"href":"https:\/\/stylingagenten.com\/fi\/wp-json\/wp\/v2\/product"}],"about":[{"href":"https:\/\/stylingagenten.com\/fi\/wp-json\/wp\/v2\/types\/product"}],"replies":[{"embeddable":true,"href":"https:\/\/stylingagenten.com\/fi\/wp-json\/wp\/v2\/comments?post=144983"}],"version-history":[{"count":0,"href":"https:\/\/stylingagenten.com\/fi\/wp-json\/wp\/v2\/product\/144983\/revisions"}],"wp:featuredmedia":[{"embeddable":true,"href":"https:\/\/stylingagenten.com\/fi\/wp-json\/wp\/v2\/media\/144975"}],"wp:attachment":[{"href":"https:\/\/stylingagenten.com\/fi\/wp-json\/wp\/v2\/media?parent=144983"}],"wp:term":[{"taxonomy":"product_brand","embeddable":true,"href":"https:\/\/stylingagenten.com\/fi\/wp-json\/wp\/v2\/product_brand?post=144983"},{"taxonomy":"product_cat","embeddable":true,"href":"https:\/\/stylingagenten.com\/fi\/wp-json\/wp\/v2\/product_cat?post=144983"},{"taxonomy":"product_tag","embeddable":true,"href":"https:\/\/stylingagenten.com\/fi\/wp-json\/wp\/v2\/product_tag?post=144983"},{"taxonomy":"berocket_brand","embeddable":true,"href":"https:\/\/stylingagenten.com\/fi\/wp-json\/wp\/v2\/berocket_brand?post=144983"}],"curies":[{"name":"wp","href":"https:\/\/api.w.org\/{rel}","templated":true}]}}