{"id":144962,"date":"2025-05-18T23:32:29","date_gmt":"2025-05-18T23:32:29","guid":{"rendered":"https:\/\/staging2.stylingagenten.com\/fi\/produkt\/wahl-detailer-cordless\/"},"modified":"2025-12-24T22:56:27","modified_gmt":"2025-12-24T22:56:27","slug":"wahl-detailer-cordless","status":"publish","type":"product","link":"https:\/\/stylingagenten.com\/fi\/tuote\/wahl-detailer-cordless\/","title":{"rendered":"Wahl Detailer Cordless"},"content":{"rendered":"<div class=\"ajax__tab_body\" id=\"ctl00_main_ctl00_ctl00_tabContent_body\">&gt;&gt; WAHL Detailer Cordless tiiviisti leikkaavalla, eritt\u00e4in leve\u00e4ll\u00e4 T-muotoisella ter\u00e4ll\u00e4, joka mahdollistaa suoremman muodon ja nopeamman leikkaustuloksen kuin tavalliset trimmerin ter\u00e4t.<\/p>\n<p>Ter\u00e4t tarjoavat s\u00e4\u00e4d\u00f6n nolla p\u00e4\u00e4llekk\u00e4isyyteen, mik\u00e4 mahdollistaa eritt\u00e4in tiiviin trimmauksen, \u00e4\u00e4riviivat ja tarkan yksityiskohtaty\u00f6n.<\/p>\n<p>Sis\u00e4\u00e4nrakennettu vallankumouksellinen litiumioniakkutekniikka on kevyt ja tehokas ja tarjoaa jopa 100 minuutin k\u00e4ytt\u00f6ajan. vain 45 minuutin latauksella, k\u00e4ytt\u00f6mahdollisuus johto jatkuvaa virtaa varten. LED-lamppu n\u00e4ytt\u00e4\u00e4 tehotason niin ett\u00e4 tied\u00e4t aina, kuinka paljon latausta on j\u00e4ljell\u00e4.<\/p>\n<p>Kevyt ja tyylik\u00e4s muotoilu antaa sinulle tasapainon ja hallinnan \u00e4\u00e4riviivatessasi sek\u00e4 nopeammat leikkaustulokset kuin tavalliset trimmerit. Tilaa s\u00e4\u00e4st\u00e4v\u00e4 latausteline on painotettu ja tarttuu helposti mihin tahansa pintaan turvallista lataamista varten. Mukana tuleva ter\u00e4suoja, 3 etukampaa (luokka 0,5 &amp; ndash; 1,5), puhdistusharja ja ter\u00e4\u00f6ljy takaavat maksimaalisen suorituskyvyn.<\/p>\n<\/div>\n<\/div>\n<\/div>\n","protected":false},"excerpt":{"rendered":"<p>&gt;&gt; WAHL Detailer Cordless tiiviisti leikkaavalla, eritt\u00e4in leve\u00e4ll\u00e4 T-muotoisella ter\u00e4ll\u00e4, joka mahdollistaa suoremman muodon ja nopeamman leikkaustuloksen kuin tavalliset trimmerin ter\u00e4t. Ter\u00e4t tarjoavat s\u00e4\u00e4d\u00f6n nolla p\u00e4\u00e4llekk\u00e4isyyteen, mik\u00e4 mahdollistaa eritt\u00e4in tiiviin trimmauksen, \u00e4\u00e4riviivat ja tarkan yksityiskohtaty\u00f6n. Sis\u00e4\u00e4nrakennettu vallankumouksellinen litiumioniakkutekniikka on kevyt ja tehokas ja tarjoaa jopa 100 minuutin k\u00e4ytt\u00f6ajan. vain 45 minuutin latauksella, k\u00e4ytt\u00f6mahdollisuus johto jatkuvaa [&hellip;]<\/p>\n","protected":false},"featured_media":144952,"comment_status":"open","ping_status":"closed","template":"","meta":{"_trash_the_other_posts":false},"product_brand":[],"product_cat":[1003,604],"product_tag":[],"berocket_brand":[1145],"class_list":{"0":"post-144962","1":"product","2":"type-product","3":"status-publish","4":"has-post-thumbnail","6":"product_cat-myydyimmat","7":"product_cat-trimmeri","8":"pa_brand-wahl","9":"berocket_brand-wahl","11":"first","12":"instock","13":"sale","14":"taxable","15":"shipping-taxable","16":"purchasable","17":"product-type-simple"},"_links":{"self":[{"href":"https:\/\/stylingagenten.com\/fi\/wp-json\/wp\/v2\/product\/144962","targetHints":{"allow":["GET"]}}],"collection":[{"href":"https:\/\/stylingagenten.com\/fi\/wp-json\/wp\/v2\/product"}],"about":[{"href":"https:\/\/stylingagenten.com\/fi\/wp-json\/wp\/v2\/types\/product"}],"replies":[{"embeddable":true,"href":"https:\/\/stylingagenten.com\/fi\/wp-json\/wp\/v2\/comments?post=144962"}],"version-history":[{"count":0,"href":"https:\/\/stylingagenten.com\/fi\/wp-json\/wp\/v2\/product\/144962\/revisions"}],"wp:featuredmedia":[{"embeddable":true,"href":"https:\/\/stylingagenten.com\/fi\/wp-json\/wp\/v2\/media\/144952"}],"wp:attachment":[{"href":"https:\/\/stylingagenten.com\/fi\/wp-json\/wp\/v2\/media?parent=144962"}],"wp:term":[{"taxonomy":"product_brand","embeddable":true,"href":"https:\/\/stylingagenten.com\/fi\/wp-json\/wp\/v2\/product_brand?post=144962"},{"taxonomy":"product_cat","embeddable":true,"href":"https:\/\/stylingagenten.com\/fi\/wp-json\/wp\/v2\/product_cat?post=144962"},{"taxonomy":"product_tag","embeddable":true,"href":"https:\/\/stylingagenten.com\/fi\/wp-json\/wp\/v2\/product_tag?post=144962"},{"taxonomy":"berocket_brand","embeddable":true,"href":"https:\/\/stylingagenten.com\/fi\/wp-json\/wp\/v2\/berocket_brand?post=144962"}],"curies":[{"name":"wp","href":"https:\/\/api.w.org\/{rel}","templated":true}]}}