{"id":144948,"date":"2025-05-18T23:32:26","date_gmt":"2025-05-18T23:32:26","guid":{"rendered":"https:\/\/staging2.stylingagenten.com\/fi\/produkt\/wahl-t-wide-detailer-trimmer-red\/"},"modified":"2026-01-14T06:56:45","modified_gmt":"2026-01-14T06:56:45","slug":"wahl-t-wide-detailer-trimmer-red","status":"publish","type":"product","link":"https:\/\/stylingagenten.com\/fi\/tuote\/wahl-t-wide-detailer-trimmer-red\/","title":{"rendered":"Wahl T-Wide Detailer Trimmer Red"},"content":{"rendered":"<p>Wahl Professional Wide Detailer on tehokas lankaleikkuri, joka on t\u00e4ydellinen jatkuvaan k\u00e4ytt\u00f6\u00f6n. <br \/>Ammattimainen py\u00f6riv\u00e4 moottori kest\u00e4vyyteen ja pitk\u00e4ik\u00e4isyyteen. Eritt\u00e4in tarkka eritt\u00e4in leve\u00e4 38 mm WAHL \u00ae T-TER\u00c4. S\u00e4\u00e4detty p\u00e4\u00e4llekk\u00e4isyyteen &#8221;0&#8221; (voidaan leikata eritt\u00e4in lyhyeksi)<br \/>Huolto:<br \/>Koneen mukana tulee pieni \u00f6ljypullo ja pieni harja, jota k\u00e4ytet\u00e4\u00e4n voitelemaan ja poistamaan karvoja koneesta tarpeen mukaan.<br \/> jos sanomalehti antaa periksi useiden vuosien k\u00e4yt\u00f6n j\u00e4lkeen, se on eritt\u00e4in helppo vaihtaa.<br \/>Ominaisuudet:<br \/>3 v\u00e4likekampaa muovista nro 1 (1,5 mm), nro 2 (4,5 mm) ja Nro 3 (6 mm)<br \/>Ter\u00e4: kiinte\u00e4, kromi ter\u00e4<br \/>Leikkauspituus: 0,2 mm<br \/>Leikkausleveys: 38 mm<br \/>Tekniset tiedot:<br \/>Voima: Py\u00f6riv\u00e4 moottori, 5000 rpm<br \/>Jatkuva Toiminta<br \/>Kaapelin pituus: 2,9 m<br \/>Verkkoj\u00e4nnite: 100-240 V, 50\/60 H<\/p>\n","protected":false},"excerpt":{"rendered":"<p>Wahl Professional Wide Detailer on tehokas lankaleikkuri, joka on t\u00e4ydellinen jatkuvaan k\u00e4ytt\u00f6\u00f6n. Ammattimainen py\u00f6riv\u00e4 moottori kest\u00e4vyyteen ja pitk\u00e4ik\u00e4isyyteen. Eritt\u00e4in tarkka eritt\u00e4in leve\u00e4 38 mm WAHL \u00ae T-TER\u00c4. S\u00e4\u00e4detty p\u00e4\u00e4llekk\u00e4isyyteen &#8221;0&#8221; (voidaan leikata eritt\u00e4in lyhyeksi)Huolto:Koneen mukana tulee pieni \u00f6ljypullo ja pieni harja, jota k\u00e4ytet\u00e4\u00e4n voitelemaan ja poistamaan karvoja koneesta tarpeen mukaan. jos sanomalehti antaa periksi useiden [&hellip;]<\/p>\n","protected":false},"featured_media":144931,"comment_status":"open","ping_status":"closed","template":"","meta":{"_trash_the_other_posts":false},"product_brand":[],"product_cat":[1003,604],"product_tag":[],"berocket_brand":[1145],"class_list":{"0":"post-144948","1":"product","2":"type-product","3":"status-publish","4":"has-post-thumbnail","6":"product_cat-myydyimmat","7":"product_cat-trimmeri","8":"pa_brand-wahl","9":"berocket_brand-wahl","11":"first","12":"instock","13":"sale","14":"taxable","15":"shipping-taxable","16":"purchasable","17":"product-type-simple"},"_links":{"self":[{"href":"https:\/\/stylingagenten.com\/fi\/wp-json\/wp\/v2\/product\/144948","targetHints":{"allow":["GET"]}}],"collection":[{"href":"https:\/\/stylingagenten.com\/fi\/wp-json\/wp\/v2\/product"}],"about":[{"href":"https:\/\/stylingagenten.com\/fi\/wp-json\/wp\/v2\/types\/product"}],"replies":[{"embeddable":true,"href":"https:\/\/stylingagenten.com\/fi\/wp-json\/wp\/v2\/comments?post=144948"}],"version-history":[{"count":0,"href":"https:\/\/stylingagenten.com\/fi\/wp-json\/wp\/v2\/product\/144948\/revisions"}],"wp:featuredmedia":[{"embeddable":true,"href":"https:\/\/stylingagenten.com\/fi\/wp-json\/wp\/v2\/media\/144931"}],"wp:attachment":[{"href":"https:\/\/stylingagenten.com\/fi\/wp-json\/wp\/v2\/media?parent=144948"}],"wp:term":[{"taxonomy":"product_brand","embeddable":true,"href":"https:\/\/stylingagenten.com\/fi\/wp-json\/wp\/v2\/product_brand?post=144948"},{"taxonomy":"product_cat","embeddable":true,"href":"https:\/\/stylingagenten.com\/fi\/wp-json\/wp\/v2\/product_cat?post=144948"},{"taxonomy":"product_tag","embeddable":true,"href":"https:\/\/stylingagenten.com\/fi\/wp-json\/wp\/v2\/product_tag?post=144948"},{"taxonomy":"berocket_brand","embeddable":true,"href":"https:\/\/stylingagenten.com\/fi\/wp-json\/wp\/v2\/berocket_brand?post=144948"}],"curies":[{"name":"wp","href":"https:\/\/api.w.org\/{rel}","templated":true}]}}