{"id":144942,"date":"2025-05-18T23:32:26","date_gmt":"2025-05-18T23:32:26","guid":{"rendered":"https:\/\/staging2.stylingagenten.com\/fi\/produkt\/jean-louis-david-digital-clipper-nordic\/"},"modified":"2025-11-19T12:25:21","modified_gmt":"2025-11-19T12:25:21","slug":"jean-louis-david-digital-clipper-nordic","status":"publish","type":"product","link":"https:\/\/stylingagenten.com\/fi\/tuote\/jean-louis-david-digital-clipper-nordic\/","title":{"rendered":"Jean Louis David Digital Clipper Nordic"},"content":{"rendered":"<p>JLD Digital Beard and Hair Clipper \u2013 Ammattimainen digitaalinen hiustenleikkuukone, jossa on 37 mm irrotettava ja pest\u00e4v\u00e4 ruostumattomasta ter\u00e4ksest\u00e4 valmistettu ter\u00e4. Ter\u00e4 on p\u00e4\u00e4llystetty keraamisella titaanipinnoitteella, eik\u00e4 se kuumene yht\u00e4 kuumaksi kuin perinteiset ter\u00e4s-\/titaaniter\u00e4t, ja se tarjoaa my\u00f6s paremman leikkuutehon ja pidemm\u00e4n kest\u00e4vyyden.<\/p>\n<p>Valitse 4 kiinte\u00e4st\u00e4 kamasta, 3, 6, 9, 12 mm. Kampan valinnasta riippumatta voit s\u00e4\u00e4t\u00e4\u00e4 kiertos\u00e4\u00e4dint\u00e4 jopa 25 eri pituusasetuksella r\u00e4\u00e4t\u00e4l\u00f6id\u00e4ksesi juuri haluamasi pituuden. Py\u00f6riv\u00e4\u00e4 s\u00e4\u00e4dint\u00e4 voidaan s\u00e4\u00e4t\u00e4\u00e4 viidell\u00e4 tasolla v\u00e4lill\u00e4 0,8 &#8211; 2 mm (0,8, 1,1, 1,4, 1,7 ja 2 mm). Paketti sis\u00e4lt\u00e4\u00e4 my\u00f6s 2 kulmakampaa, yksi oikealle ja toinen vasemmalle, mik\u00e4 sopii t\u00e4ydellisesti siistiin siirtymiseen lyhyist\u00e4 hiuksista pidempiin sek\u00e4 helpottamaan hiusten leikkaamista korvien ymp\u00e4rilt\u00e4.<\/p>\n<p>Tehokkaalla litiumakulla, joka takaa pitk\u00e4kestoisen suorituskyvyn, hiustenleikkuukoneen k\u00e4ytt\u00f6aika on 210 minuuttia (3,5h) ja digitaalinen LED-n\u00e4ytt\u00f6 n\u00e4ytt\u00e4\u00e4 akun j\u00e4ljell\u00e4 olevan k\u00e4ytt\u00f6ajan. Jos tarvitset lis\u00e4tehoa, voit s\u00e4\u00e4t\u00e4\u00e4 leikkausnopeutta 5 eri tasolla (5000, 5500, 6000, 6500, 7000 rpm). T\u00e4ysi lataus kest\u00e4\u00e4 vain 120 minuuttia, mutta ennen kuin sinulle sopii, hiustenleikkuria voidaan k\u00e4ytt\u00e4\u00e4 my\u00f6s johdolla. Pakkaus sis\u00e4lt\u00e4\u00e4 \u00f6ljyn teri\u00e4 varten ja puhdistusharjan, joka pit\u00e4\u00e4 leikkurin hygieenisen\u00e4 ja puhtaana.<\/p>\n<p>Tekniset tiedot<br \/>\u2022 Voidaan k\u00e4ytt\u00e4\u00e4 sek\u00e4 partaleikkurina ett\u00e4 hiustenleikkurina<br \/>\u2022 Vedenkest\u00e4v\u00e4 <br \/>\u2022 Tehokas moottori <br \/>\u2022 Irrotettava ja pest\u00e4v\u00e4 ter\u00e4<br \/>\u2022 Ruostumattomasta ter\u00e4ksest\u00e4 valmistettu tarkkuuster\u00e4, jossa keraaminen titaanipinnoite.<br \/>\u2022 Mahdollisuus s\u00e4\u00e4t\u00e4\u00e4 leikkausnopeutta 5 tasossa (5000, 5500, 6000, 6500, 7000) rpm)<br \/>\u2022 Leikkuuleveys: 37 mm <br \/>\u2022 S\u00e4\u00e4dett\u00e4v\u00e4 liukus\u00e4\u00e4din: 0,8\u20132 mm 5 tasossa (0,8, 1,1, 1,4, 1,7 ja 2 mm)<br \/>\u2022 4 kiinte\u00e4\u00e4 kampaa: 3, 6, 9, 12 mm ja 2 kampaa vasemmalle ja oikealle korvalle.<br \/>\u2022 25 eri leikkaustasoa<br \/>\u2022 Litiumakku<br \/>\u2022 K\u00e4ytt\u00f6aika: 210 min.<br \/>\u2022 Latausaika: 120 min<br \/>\u2022 LED-n\u00e4ytt\u00f6 nopeudella (rpm) ja akun varaustason ilmaisin<br \/>\u2022 Mukana puhdistusharja, \u00f6ljy ja laturi<br \/>\u2022 Paino: 496 gr.<\/p>\n","protected":false},"excerpt":{"rendered":"<p>JLD Digital Beard and Hair Clipper \u2013 Ammattimainen digitaalinen hiustenleikkuukone, jossa on 37 mm irrotettava ja pest\u00e4v\u00e4 ruostumattomasta ter\u00e4ksest\u00e4 valmistettu ter\u00e4. Ter\u00e4 on p\u00e4\u00e4llystetty keraamisella titaanipinnoitteella, eik\u00e4 se kuumene yht\u00e4 kuumaksi kuin perinteiset ter\u00e4s-\/titaaniter\u00e4t, ja se tarjoaa my\u00f6s paremman leikkuutehon ja pidemm\u00e4n kest\u00e4vyyden. Valitse 4 kiinte\u00e4st\u00e4 kamasta, 3, 6, 9, 12 mm. Kampan valinnasta riippumatta [&hellip;]<\/p>\n","protected":false},"featured_media":144919,"comment_status":"open","ping_status":"closed","template":"","meta":{"_trash_the_other_posts":false},"product_brand":[],"product_cat":[604],"product_tag":[],"berocket_brand":[1390],"class_list":{"0":"post-144942","1":"product","2":"type-product","3":"status-publish","4":"has-post-thumbnail","6":"product_cat-trimmeri","7":"pa_brand-jean-louis-david","8":"berocket_brand-jean-louis-david","10":"first","11":"outofstock","12":"sale","13":"taxable","14":"shipping-taxable","15":"purchasable","16":"product-type-simple"},"_links":{"self":[{"href":"https:\/\/stylingagenten.com\/fi\/wp-json\/wp\/v2\/product\/144942","targetHints":{"allow":["GET"]}}],"collection":[{"href":"https:\/\/stylingagenten.com\/fi\/wp-json\/wp\/v2\/product"}],"about":[{"href":"https:\/\/stylingagenten.com\/fi\/wp-json\/wp\/v2\/types\/product"}],"replies":[{"embeddable":true,"href":"https:\/\/stylingagenten.com\/fi\/wp-json\/wp\/v2\/comments?post=144942"}],"version-history":[{"count":0,"href":"https:\/\/stylingagenten.com\/fi\/wp-json\/wp\/v2\/product\/144942\/revisions"}],"wp:featuredmedia":[{"embeddable":true,"href":"https:\/\/stylingagenten.com\/fi\/wp-json\/wp\/v2\/media\/144919"}],"wp:attachment":[{"href":"https:\/\/stylingagenten.com\/fi\/wp-json\/wp\/v2\/media?parent=144942"}],"wp:term":[{"taxonomy":"product_brand","embeddable":true,"href":"https:\/\/stylingagenten.com\/fi\/wp-json\/wp\/v2\/product_brand?post=144942"},{"taxonomy":"product_cat","embeddable":true,"href":"https:\/\/stylingagenten.com\/fi\/wp-json\/wp\/v2\/product_cat?post=144942"},{"taxonomy":"product_tag","embeddable":true,"href":"https:\/\/stylingagenten.com\/fi\/wp-json\/wp\/v2\/product_tag?post=144942"},{"taxonomy":"berocket_brand","embeddable":true,"href":"https:\/\/stylingagenten.com\/fi\/wp-json\/wp\/v2\/berocket_brand?post=144942"}],"curies":[{"name":"wp","href":"https:\/\/api.w.org\/{rel}","templated":true}]}}