{"id":144923,"date":"2025-05-18T23:32:23","date_gmt":"2025-05-18T23:32:23","guid":{"rendered":"https:\/\/staging2.stylingagenten.com\/fi\/produkt\/jean-louis-david-pro-hair-clipper-nordic\/"},"modified":"2026-03-27T15:08:30","modified_gmt":"2026-03-27T15:08:30","slug":"jean-louis-david-pro-hair-clipper-nordic","status":"publish","type":"product","link":"https:\/\/stylingagenten.com\/fi\/tuote\/jean-louis-david-pro-hair-clipper-nordic\/","title":{"rendered":"Jean Louis David Pro Hair Clipper Nordic"},"content":{"rendered":"<p>JLD PRO HIUSLEIKKURI \u2013 Ammattimainen hiustenleikkuukone, jossa on 37 mm irrotettava ja pest\u00e4v\u00e4 ruostumattomasta ter\u00e4ksest\u00e4 valmistettu ter\u00e4, jossa on keraaminen titaanipinnoite, joka ei kuumene yht\u00e4 kuumaksi kuin perinteiset ter\u00e4ster\u00e4t tai titaaniter\u00e4t ja joka tarjoaa my\u00f6s paremman leikkuutehon ja pidemm\u00e4n kest\u00e4vyyden.<\/p>\n<p>Valitse 4 kiinte\u00e4st\u00e4 3, 6, 9, 12 mm:n kampaasta ja kampavalinnasta riippumatta voit s\u00e4\u00e4t\u00e4\u00e4 tasovivun lis\u00e4pituuksia r\u00e4\u00e4t\u00e4l\u00f6id\u00e4ksesi haluamasi pituuden ja tarjota jopa 20 eri pituusasetusta. Tasovipua voidaan s\u00e4\u00e4t\u00e4\u00e4 4 tasoon v\u00e4lill\u00e4 0,5 &#8211; 2 mm (0,5, 1, 1,5 ja 2 mm)<\/p>\n<p>V\u00e4rimm\u00e4isen tehokkaan litiumakun ansiosta hiustenleikkuukoneen k\u00e4ytt\u00f6aika on 120 minuuttia ja digitaalinen LED-n\u00e4ytt\u00f6 n\u00e4ytt\u00e4\u00e4 akun j\u00e4ljell\u00e4 olevan k\u00e4ytt\u00f6ajan. T\u00e4ysi lataus kest\u00e4\u00e4 vain 90 minuuttia ja se ladataan k\u00e4tev\u00e4sti mukana tulevalla latausasemalla. Pakkaus sis\u00e4lt\u00e4\u00e4 my\u00f6s \u00f6ljyn teri\u00e4 varten ja puhdistusharjan, joka pit\u00e4\u00e4 leikkurin hygieenisen\u00e4 ja puhtaana.<\/p>\n<p>Tekniset tiedot<br \/>\u2022 IPX6-suojaus <br \/>\u2022 Irrotettava ja pest\u00e4v\u00e4 ter\u00e4 <br \/>\u2022 Tarkkuus ruostumaton ter\u00e4s ter\u00e4 keraamisella titaanipinnoitteella<br \/>\u2022 Leikkuuleveys: 37 mm.<br \/>\u2022 Tasovipu: 0,5\u20132 mm 4 tasossa (0,5, 1, 1,5 ja 2 mm).<br \/>\u2022 4 kampaa: 3, 6, 9, 12 mm.<br \/>\u2022 Tasovipu<br \/>\u2022 Litiumakku<br \/>\u2022 K\u00e4ytt\u00f6aika: 120 min<br \/>\u2022 Latausaika: 90 min.<br \/>\u2022 LED-n\u00e4ytt\u00f6 akun varaustason ilmaisimella.<br \/> \u2022 Lis\u00e4varusteet : Puhdistusharja, \u00f6ljy, laturi ja latausasema.<br \/>\u2022 Paino: 554 gr.<\/p>\n","protected":false},"excerpt":{"rendered":"<p>JLD PRO HIUSLEIKKURI \u2013 Ammattimainen hiustenleikkuukone, jossa on 37 mm irrotettava ja pest\u00e4v\u00e4 ruostumattomasta ter\u00e4ksest\u00e4 valmistettu ter\u00e4, jossa on keraaminen titaanipinnoite, joka ei kuumene yht\u00e4 kuumaksi kuin perinteiset ter\u00e4ster\u00e4t tai titaaniter\u00e4t ja joka tarjoaa my\u00f6s paremman leikkuutehon ja pidemm\u00e4n kest\u00e4vyyden. Valitse 4 kiinte\u00e4st\u00e4 3, 6, 9, 12 mm:n kampaasta ja kampavalinnasta riippumatta voit s\u00e4\u00e4t\u00e4\u00e4 tasovivun [&hellip;]<\/p>\n","protected":false},"featured_media":144904,"comment_status":"open","ping_status":"closed","template":"","meta":{"_trash_the_other_posts":false},"product_brand":[],"product_cat":[604],"product_tag":[],"berocket_brand":[1390],"class_list":{"0":"post-144923","1":"product","2":"type-product","3":"status-publish","4":"has-post-thumbnail","6":"product_cat-trimmeri","7":"pa_brand-jean-louis-david","8":"berocket_brand-jean-louis-david","10":"first","11":"instock","12":"sale","13":"taxable","14":"shipping-taxable","15":"purchasable","16":"product-type-simple"},"_links":{"self":[{"href":"https:\/\/stylingagenten.com\/fi\/wp-json\/wp\/v2\/product\/144923","targetHints":{"allow":["GET"]}}],"collection":[{"href":"https:\/\/stylingagenten.com\/fi\/wp-json\/wp\/v2\/product"}],"about":[{"href":"https:\/\/stylingagenten.com\/fi\/wp-json\/wp\/v2\/types\/product"}],"replies":[{"embeddable":true,"href":"https:\/\/stylingagenten.com\/fi\/wp-json\/wp\/v2\/comments?post=144923"}],"version-history":[{"count":0,"href":"https:\/\/stylingagenten.com\/fi\/wp-json\/wp\/v2\/product\/144923\/revisions"}],"wp:featuredmedia":[{"embeddable":true,"href":"https:\/\/stylingagenten.com\/fi\/wp-json\/wp\/v2\/media\/144904"}],"wp:attachment":[{"href":"https:\/\/stylingagenten.com\/fi\/wp-json\/wp\/v2\/media?parent=144923"}],"wp:term":[{"taxonomy":"product_brand","embeddable":true,"href":"https:\/\/stylingagenten.com\/fi\/wp-json\/wp\/v2\/product_brand?post=144923"},{"taxonomy":"product_cat","embeddable":true,"href":"https:\/\/stylingagenten.com\/fi\/wp-json\/wp\/v2\/product_cat?post=144923"},{"taxonomy":"product_tag","embeddable":true,"href":"https:\/\/stylingagenten.com\/fi\/wp-json\/wp\/v2\/product_tag?post=144923"},{"taxonomy":"berocket_brand","embeddable":true,"href":"https:\/\/stylingagenten.com\/fi\/wp-json\/wp\/v2\/berocket_brand?post=144923"}],"curies":[{"name":"wp","href":"https:\/\/api.w.org\/{rel}","templated":true}]}}