{"id":144914,"date":"2025-05-18T23:32:22","date_gmt":"2025-05-18T23:32:22","guid":{"rendered":"https:\/\/staging2.stylingagenten.com\/fi\/produkt\/remington-t-series-ultimate-precision-trimmer\/"},"modified":"2026-03-11T22:03:29","modified_gmt":"2026-03-11T22:03:29","slug":"remington-t-series-ultimate-precision-trimmer","status":"publish","type":"product","link":"https:\/\/stylingagenten.com\/fi\/tuote\/remington-t-series-ultimate-precision-trimmer\/","title":{"rendered":"Remington T-Series Ultimate Precision Trimmer"},"content":{"rendered":"<p>MB7000: T-SARJAN ULTIMATE PRECISION TRIMMER<br \/>Tarjoaa innovatiivisen muotoilun, monipuoliset lis\u00e4varusteet ja k\u00e4\u00e4nnett\u00e4v\u00e4n leikkuup\u00e4\u00e4n: \u00e4\u00e4rimm\u00e4ist\u00e4 tarkkuutta ja parranhallintaa varten<\/p>\n<p>Jos haluat saavuttaa yksityiskohtaiset reunat ja parran, kaulan tiiviin trimmauksen ja hiusraja, tulet rakastamaan T-sarjan Ultimate Precision Trimmeria. Muokatut leikatut k\u00e4\u00e4nnett\u00e4v\u00e4t ter\u00e4t s\u00e4\u00e4t\u00e4v\u00e4t helposti leikkauskulmaa parantaakseen leikkaustehoa.<\/p>\n<p>30 mm leve\u00e4 ter\u00e4 leikkaa mukavasti kaikki hiustyypit 0,4 mm:st\u00e4 alkaen. S\u00e4\u00e4dett\u00e4v\u00e4 kampa voidaan asettaa tiettyihin leikkauspituuksiin 1\u20135 mm, 0,5 mm:n v\u00e4lein. 6 kiinte\u00e4pituista kampaa on merkitty 1,5-15 mm. Leve\u00e4n leikkuureunan lis\u00e4ksi mukana tulee my\u00f6s 7 mm:n mikroyksityister\u00e4, joka takaa tarkan tarkkuuden ja yksityiskohdat.<\/p>\n<p>60 minuutin k\u00e4ytt\u00f6aika antaa sinulle runsaasti aikaa kiinnitt\u00e4\u00e4 haluamasi lopputulos. Se latautuu 4 tunnissa ja LED-merkkivalo varoittaa partatrimmeri\u00e4, kun se on ladattava. 100 % vedenpit\u00e4v\u00e4 mahdollistaa trimmerin viemisen suihkuun ja helpottaa sen puhdistamista.<\/p>\n<p>Tekniset tiedot:<br \/>\u2022Itseteroittuva ruostumattomasta ter\u00e4ksest\u00e4 valmistettu ter\u00e4<br \/>\u2022K\u00e4\u00e4nnett\u00e4v\u00e4 ter\u00e4 monipuolisuuden muotoiluun.<br \/>\u2022 30\u00a0mm:n T-muotoinen leikkuuter\u00e4, joka pienenee 0,4\u00a0mm:iin ter\u00e4vien linjojen ja yksityiskohtien vuoksi<br \/>\u20227\u00a0mm:n tarkkuuster\u00e4<br \/>\u20221 x s\u00e4\u00e4dett\u00e4v\u00e4 kampa (1\u00a0mm &#8211; 5\u00a0mm)<br \/>\u20226 kiinte\u00e4\u00e4 kampaa (1,5\u00a0mm\u201315\u00a0mm) )<br \/>\u2022Johdoton jopa 60 minuuttia<br \/>\u20224 tunnin latausaika<br \/>\u2022LED-merkkivalo<br \/>\u2022Vedenpit\u00e4v\u00e4<br \/>\u2022S\u00e4ilytyspussi<br \/>\u20223+ 1 vuoden takuu verkkorekister\u00f6innin yhteydess\u00e4<\/p>\n","protected":false},"excerpt":{"rendered":"<p>MB7000: T-SARJAN ULTIMATE PRECISION TRIMMERTarjoaa innovatiivisen muotoilun, monipuoliset lis\u00e4varusteet ja k\u00e4\u00e4nnett\u00e4v\u00e4n leikkuup\u00e4\u00e4n: \u00e4\u00e4rimm\u00e4ist\u00e4 tarkkuutta ja parranhallintaa varten Jos haluat saavuttaa yksityiskohtaiset reunat ja parran, kaulan tiiviin trimmauksen ja hiusraja, tulet rakastamaan T-sarjan Ultimate Precision Trimmeria. Muokatut leikatut k\u00e4\u00e4nnett\u00e4v\u00e4t ter\u00e4t s\u00e4\u00e4t\u00e4v\u00e4t helposti leikkauskulmaa parantaakseen leikkaustehoa. 30 mm leve\u00e4 ter\u00e4 leikkaa mukavasti kaikki hiustyypit 0,4 mm:st\u00e4 alkaen. [&hellip;]<\/p>\n","protected":false},"featured_media":144885,"comment_status":"open","ping_status":"closed","template":"","meta":{"_trash_the_other_posts":false},"product_brand":[],"product_cat":[1003,604],"product_tag":[],"berocket_brand":[1272],"class_list":{"0":"post-144914","1":"product","2":"type-product","3":"status-publish","4":"has-post-thumbnail","6":"product_cat-myydyimmat","7":"product_cat-trimmeri","8":"pa_brand-remington","9":"berocket_brand-remington","11":"first","12":"instock","13":"taxable","14":"shipping-taxable","15":"purchasable","16":"product-type-simple"},"_links":{"self":[{"href":"https:\/\/stylingagenten.com\/fi\/wp-json\/wp\/v2\/product\/144914","targetHints":{"allow":["GET"]}}],"collection":[{"href":"https:\/\/stylingagenten.com\/fi\/wp-json\/wp\/v2\/product"}],"about":[{"href":"https:\/\/stylingagenten.com\/fi\/wp-json\/wp\/v2\/types\/product"}],"replies":[{"embeddable":true,"href":"https:\/\/stylingagenten.com\/fi\/wp-json\/wp\/v2\/comments?post=144914"}],"version-history":[{"count":0,"href":"https:\/\/stylingagenten.com\/fi\/wp-json\/wp\/v2\/product\/144914\/revisions"}],"wp:featuredmedia":[{"embeddable":true,"href":"https:\/\/stylingagenten.com\/fi\/wp-json\/wp\/v2\/media\/144885"}],"wp:attachment":[{"href":"https:\/\/stylingagenten.com\/fi\/wp-json\/wp\/v2\/media?parent=144914"}],"wp:term":[{"taxonomy":"product_brand","embeddable":true,"href":"https:\/\/stylingagenten.com\/fi\/wp-json\/wp\/v2\/product_brand?post=144914"},{"taxonomy":"product_cat","embeddable":true,"href":"https:\/\/stylingagenten.com\/fi\/wp-json\/wp\/v2\/product_cat?post=144914"},{"taxonomy":"product_tag","embeddable":true,"href":"https:\/\/stylingagenten.com\/fi\/wp-json\/wp\/v2\/product_tag?post=144914"},{"taxonomy":"berocket_brand","embeddable":true,"href":"https:\/\/stylingagenten.com\/fi\/wp-json\/wp\/v2\/berocket_brand?post=144914"}],"curies":[{"name":"wp","href":"https:\/\/api.w.org\/{rel}","templated":true}]}}