{"id":144912,"date":"2025-05-18T23:32:21","date_gmt":"2025-05-18T23:32:21","guid":{"rendered":"https:\/\/staging2.stylingagenten.com\/fi\/produkt\/remington-style-series-beard-trimmer-b4\/"},"modified":"2026-03-14T04:07:42","modified_gmt":"2026-03-14T04:07:42","slug":"remington-style-series-beard-trimmer-b4","status":"publish","type":"product","link":"https:\/\/stylingagenten.com\/fi\/tuote\/remington-style-series-beard-trimmer-b4\/","title":{"rendered":"Remington Style Series Beard Trimmer B4"},"content":{"rendered":"<p>MB4000: STYLE-SARJAN B4-PARTALEIKKURI<\/p>\n<p>Style-sarjan B4-partanleikkurissa on itsest\u00e4\u00e4n teroittuvat ter\u00e4t ja se on suunniteltu tuntumaan sile\u00e4lt\u00e4 ihoa vasten. 17 pituusasetuksella voit s\u00e4\u00e4t\u00e4\u00e4 pituuttasi v\u00e4lill\u00e4 0,4\u201318 mm. Pituudet ovat seuraavat, ilman kampaa: 0,4 mm, 10 askelmaa 0,5 mm v\u00e4lein 5 mm:iin asti, 1 askelmaa 1 mm v\u00e4lill\u00e4 5-6 mm ja 6 askelmaa 2 mm:n v\u00e4lein 6-18 mm.<br \/>Partatrimmeriss\u00e4 on irrotettava ja pest\u00e4v\u00e4t ter\u00e4t helpottavat puhdistusta ja huoltoa. 40 minuutin k\u00e4ytt\u00f6aika antaa sinulle runsaasti aikaa saavuttaa haluamasi lopputulos. Se latautuu t\u00e4yteen 8\u201310 tunnissa.<\/p>\n<p>Tuotetiedot:<br \/>\u2022Itseteroittuvat ter\u00e4t<br \/>\u2022Mukavat veitset<br \/>\u20221 x s\u00e4\u00e4dett\u00e4v\u00e4 kampa<br \/>\u2022Leikkauspituudet (0,4\u201318 mm) )<br \/>\u20220,5 askelta 5 mm:iin asti<br \/>\u20222 mm:n askeleet 6\u201318 mm<br \/>\u2022Johdoton<br \/>\u2022Pest\u00e4v\u00e4 p\u00e4\u00e4<br \/>\u2022Zoom-py\u00f6r\u00e4 pituuden s\u00e4\u00e4t\u00f6\u00f6n<br \/>\u202240 minuuttia k\u00e4ytt\u00f6aika<br \/>\u20228-10 tunnin latausaika<br \/>\u2022Latauksen merkkivalo<br \/>\u2022 Premium-viimeistely<br \/>\u20223 vuoden takuu + 1 verkkorekister\u00f6innin yhteydess\u00e4<\/p>\n","protected":false},"excerpt":{"rendered":"<p>MB4000: STYLE-SARJAN B4-PARTALEIKKURI Style-sarjan B4-partanleikkurissa on itsest\u00e4\u00e4n teroittuvat ter\u00e4t ja se on suunniteltu tuntumaan sile\u00e4lt\u00e4 ihoa vasten. 17 pituusasetuksella voit s\u00e4\u00e4t\u00e4\u00e4 pituuttasi v\u00e4lill\u00e4 0,4\u201318 mm. Pituudet ovat seuraavat, ilman kampaa: 0,4 mm, 10 askelmaa 0,5 mm v\u00e4lein 5 mm:iin asti, 1 askelmaa 1 mm v\u00e4lill\u00e4 5-6 mm ja 6 askelmaa 2 mm:n v\u00e4lein 6-18 mm.Partatrimmeriss\u00e4 [&hellip;]<\/p>\n","protected":false},"featured_media":144888,"comment_status":"open","ping_status":"closed","template":"","meta":{"_trash_the_other_posts":false},"product_brand":[],"product_cat":[604],"product_tag":[],"berocket_brand":[1272],"class_list":{"0":"post-144912","1":"product","2":"type-product","3":"status-publish","4":"has-post-thumbnail","6":"product_cat-trimmeri","7":"pa_brand-remington","8":"berocket_brand-remington","10":"first","11":"instock","12":"sale","13":"taxable","14":"shipping-taxable","15":"purchasable","16":"product-type-simple"},"_links":{"self":[{"href":"https:\/\/stylingagenten.com\/fi\/wp-json\/wp\/v2\/product\/144912","targetHints":{"allow":["GET"]}}],"collection":[{"href":"https:\/\/stylingagenten.com\/fi\/wp-json\/wp\/v2\/product"}],"about":[{"href":"https:\/\/stylingagenten.com\/fi\/wp-json\/wp\/v2\/types\/product"}],"replies":[{"embeddable":true,"href":"https:\/\/stylingagenten.com\/fi\/wp-json\/wp\/v2\/comments?post=144912"}],"version-history":[{"count":0,"href":"https:\/\/stylingagenten.com\/fi\/wp-json\/wp\/v2\/product\/144912\/revisions"}],"wp:featuredmedia":[{"embeddable":true,"href":"https:\/\/stylingagenten.com\/fi\/wp-json\/wp\/v2\/media\/144888"}],"wp:attachment":[{"href":"https:\/\/stylingagenten.com\/fi\/wp-json\/wp\/v2\/media?parent=144912"}],"wp:term":[{"taxonomy":"product_brand","embeddable":true,"href":"https:\/\/stylingagenten.com\/fi\/wp-json\/wp\/v2\/product_brand?post=144912"},{"taxonomy":"product_cat","embeddable":true,"href":"https:\/\/stylingagenten.com\/fi\/wp-json\/wp\/v2\/product_cat?post=144912"},{"taxonomy":"product_tag","embeddable":true,"href":"https:\/\/stylingagenten.com\/fi\/wp-json\/wp\/v2\/product_tag?post=144912"},{"taxonomy":"berocket_brand","embeddable":true,"href":"https:\/\/stylingagenten.com\/fi\/wp-json\/wp\/v2\/berocket_brand?post=144912"}],"curies":[{"name":"wp","href":"https:\/\/api.w.org\/{rel}","templated":true}]}}