{"id":144880,"date":"2025-05-18T23:32:17","date_gmt":"2025-05-18T23:32:17","guid":{"rendered":"https:\/\/staging2.stylingagenten.com\/fi\/produkt\/remington-x3-power-x-series-hair-clipper\/"},"modified":"2026-03-11T21:59:26","modified_gmt":"2026-03-11T21:59:26","slug":"remington-x3-power-x-series-hair-clipper","status":"publish","type":"product","link":"https:\/\/stylingagenten.com\/fi\/tuote\/remington-x3-power-x-series-hair-clipper\/","title":{"rendered":"Remington X3 Power-X Series Hair Clipper"},"content":{"rendered":"<p>Remington Power X Series X3 -hiusleikkuukone HC3000 huolehtii hiuksistasi ja antaa sinulle hyv\u00e4n ulkon\u00e4\u00f6n s\u00e4\u00e4dett\u00e4vien kampien, joissa on 22 pituusasetusta, ja japanilaisista ruostumattomasta ter\u00e4ksest\u00e4 valmistettujen terien ansiosta. Ladattu laite tarjoaa 45 minuutin k\u00e4ytt\u00f6ajan ja LED-n\u00e4ytt\u00f6 ilmoittaa akun nykyisen tilan.<\/p>\n<p>K\u00e4ytt\u00f6aika<br \/>Saat 45 minuuttia k\u00e4ytt\u00f6aikaa vain 1 tunnin latauksella<\/p>\n<p> &gt;Japanilaiset itseteroittuvat ter\u00e4t<br \/>Japanilaisesta ruostumattomasta ter\u00e4ksest\u00e4 valmistetut ter\u00e4t takaavat pitk\u00e4ik\u00e4isen laadun ja tehokkaan suorituskyvyn. Ne teroittuvat trimmauksen aikana.<\/p>\n<p>Pituusasetukset<br \/>Voit helposti valita haluamasi pituuden joustavalla py\u00f6r\u00e4ll\u00e4 ja trimmaamalla 1\u201335 mm partaa ja hiuksia muotoillessasi s\u00e4\u00e4dett\u00e4v\u00e4n kammat.<\/p>\n<p>Helppo puhdistaa<br \/>Puhdista trimmerisi pitk\u00e4kestoiseksi. Hiustenleikkuukone on helppo puhdistaa.<\/p>\n<p>LED-n\u00e4ytt\u00f6<br \/>LED-n\u00e4yt\u00f6n avulla voit helposti tarkistaa latausprosessin.<\/p>\n","protected":false},"excerpt":{"rendered":"<p>Remington Power X Series X3 -hiusleikkuukone HC3000 huolehtii hiuksistasi ja antaa sinulle hyv\u00e4n ulkon\u00e4\u00f6n s\u00e4\u00e4dett\u00e4vien kampien, joissa on 22 pituusasetusta, ja japanilaisista ruostumattomasta ter\u00e4ksest\u00e4 valmistettujen terien ansiosta. Ladattu laite tarjoaa 45 minuutin k\u00e4ytt\u00f6ajan ja LED-n\u00e4ytt\u00f6 ilmoittaa akun nykyisen tilan. K\u00e4ytt\u00f6aikaSaat 45 minuuttia k\u00e4ytt\u00f6aikaa vain 1 tunnin latauksella &gt;Japanilaiset itseteroittuvat ter\u00e4tJapanilaisesta ruostumattomasta ter\u00e4ksest\u00e4 valmistetut ter\u00e4t takaavat [&hellip;]<\/p>\n","protected":false},"featured_media":144862,"comment_status":"open","ping_status":"closed","template":"","meta":{"_trash_the_other_posts":false},"product_brand":[],"product_cat":[604],"product_tag":[],"berocket_brand":[1272],"class_list":{"0":"post-144880","1":"product","2":"type-product","3":"status-publish","4":"has-post-thumbnail","6":"product_cat-trimmeri","7":"pa_brand-remington","8":"berocket_brand-remington","10":"first","11":"instock","12":"sale","13":"taxable","14":"shipping-taxable","15":"purchasable","16":"product-type-simple"},"_links":{"self":[{"href":"https:\/\/stylingagenten.com\/fi\/wp-json\/wp\/v2\/product\/144880","targetHints":{"allow":["GET"]}}],"collection":[{"href":"https:\/\/stylingagenten.com\/fi\/wp-json\/wp\/v2\/product"}],"about":[{"href":"https:\/\/stylingagenten.com\/fi\/wp-json\/wp\/v2\/types\/product"}],"replies":[{"embeddable":true,"href":"https:\/\/stylingagenten.com\/fi\/wp-json\/wp\/v2\/comments?post=144880"}],"version-history":[{"count":0,"href":"https:\/\/stylingagenten.com\/fi\/wp-json\/wp\/v2\/product\/144880\/revisions"}],"wp:featuredmedia":[{"embeddable":true,"href":"https:\/\/stylingagenten.com\/fi\/wp-json\/wp\/v2\/media\/144862"}],"wp:attachment":[{"href":"https:\/\/stylingagenten.com\/fi\/wp-json\/wp\/v2\/media?parent=144880"}],"wp:term":[{"taxonomy":"product_brand","embeddable":true,"href":"https:\/\/stylingagenten.com\/fi\/wp-json\/wp\/v2\/product_brand?post=144880"},{"taxonomy":"product_cat","embeddable":true,"href":"https:\/\/stylingagenten.com\/fi\/wp-json\/wp\/v2\/product_cat?post=144880"},{"taxonomy":"product_tag","embeddable":true,"href":"https:\/\/stylingagenten.com\/fi\/wp-json\/wp\/v2\/product_tag?post=144880"},{"taxonomy":"berocket_brand","embeddable":true,"href":"https:\/\/stylingagenten.com\/fi\/wp-json\/wp\/v2\/berocket_brand?post=144880"}],"curies":[{"name":"wp","href":"https:\/\/api.w.org\/{rel}","templated":true}]}}