{"id":144868,"date":"2025-05-18T23:32:15","date_gmt":"2025-05-18T23:32:15","guid":{"rendered":"https:\/\/staging2.stylingagenten.com\/fi\/produkt\/remington-quickcut-hairclipper\/"},"modified":"2026-02-12T18:36:54","modified_gmt":"2026-02-12T18:36:54","slug":"remington-quickcut-hairclipper","status":"publish","type":"product","link":"https:\/\/stylingagenten.com\/fi\/tuote\/remington-quickcut-hairclipper\/","title":{"rendered":"Remington QuickCut Hairclipper"},"content":{"rendered":"<p>Remington QuickCut on kompaktin ja ergonomisen muotoilun ansiosta nopea, mukava ja helppo leikata itse.<\/p>\n<p>Hiustenleikkuukoneessa on 9 eri pituusasetusta v\u00e4lill\u00e4 1,5-15 mm. T\u00e4ydell\u00e4 latauksella k\u00e4ytt\u00f6aika on 40 minuuttia, ja siin\u00e4 on 10 minuutin pikalataus, joka antaa kaiken trimmaamiseen tarvitsemasi tehon, mutta toimii my\u00f6s johdon kanssa. Mukana k\u00e4yt\u00e4nn\u00f6llinen s\u00e4ilytyspussi, johon voit s\u00e4ilytt\u00e4\u00e4 tuotteesi ja kaikki lis\u00e4varusteet.<\/p>\n<p> \u2022Ter\u00e4, joka peitt\u00e4\u00e4 57 % enemm\u00e4n *<br \/>\u2022CurveCut-ter\u00e4tekniikka \u2013 pehme\u00e4mpi leikkaus<br \/>\u2022Ergonominen muotoilu mukavampaan k\u00e4ytt\u00f6\u00f6n<br \/>\u2022Muotoilu, joka leikkaa helposti pulisonten ja kaulan<br \/>\u2022 Ruostumattomasta ter\u00e4ksest\u00e4 valmistettu ter\u00e4<br \/>\u2022Litiumk\u00e4ytt\u00f6inen jopa 40 minuutin k\u00e4ytt\u00f6aika<br \/>\u20224 tunnin t\u00e4ysi latausaika<br \/>\u2022Johto\/johdoton<br \/>\u202210 minuutin pikalataus<br \/>\u2022Pest\u00e4v\u00e4<br \/>\u20229 kammat<br \/>\u2022S\u00e4ilytyslaukku<br \/> \u2022Puhdistusharja<br \/>\u20223+1 vuoden takuu (rekister\u00f6idy 28 p\u00e4iv\u00e4n kuluessa ostosta saadaksesi 4 vuoden takuun)<\/p>\n<p>*Verrattuna tavalliseen Remington-leikkuriin<\/p>\n","protected":false},"excerpt":{"rendered":"<p>Remington QuickCut on kompaktin ja ergonomisen muotoilun ansiosta nopea, mukava ja helppo leikata itse. Hiustenleikkuukoneessa on 9 eri pituusasetusta v\u00e4lill\u00e4 1,5-15 mm. T\u00e4ydell\u00e4 latauksella k\u00e4ytt\u00f6aika on 40 minuuttia, ja siin\u00e4 on 10 minuutin pikalataus, joka antaa kaiken trimmaamiseen tarvitsemasi tehon, mutta toimii my\u00f6s johdon kanssa. Mukana k\u00e4yt\u00e4nn\u00f6llinen s\u00e4ilytyspussi, johon voit s\u00e4ilytt\u00e4\u00e4 tuotteesi ja kaikki lis\u00e4varusteet. [&hellip;]<\/p>\n","protected":false},"featured_media":144861,"comment_status":"open","ping_status":"closed","template":"","meta":{"_trash_the_other_posts":false},"product_brand":[],"product_cat":[604],"product_tag":[],"berocket_brand":[1272],"class_list":{"0":"post-144868","1":"product","2":"type-product","3":"status-publish","4":"has-post-thumbnail","6":"product_cat-trimmeri","7":"pa_brand-remington","8":"berocket_brand-remington","10":"first","11":"instock","12":"taxable","13":"shipping-taxable","14":"purchasable","15":"product-type-simple"},"_links":{"self":[{"href":"https:\/\/stylingagenten.com\/fi\/wp-json\/wp\/v2\/product\/144868","targetHints":{"allow":["GET"]}}],"collection":[{"href":"https:\/\/stylingagenten.com\/fi\/wp-json\/wp\/v2\/product"}],"about":[{"href":"https:\/\/stylingagenten.com\/fi\/wp-json\/wp\/v2\/types\/product"}],"replies":[{"embeddable":true,"href":"https:\/\/stylingagenten.com\/fi\/wp-json\/wp\/v2\/comments?post=144868"}],"version-history":[{"count":0,"href":"https:\/\/stylingagenten.com\/fi\/wp-json\/wp\/v2\/product\/144868\/revisions"}],"wp:featuredmedia":[{"embeddable":true,"href":"https:\/\/stylingagenten.com\/fi\/wp-json\/wp\/v2\/media\/144861"}],"wp:attachment":[{"href":"https:\/\/stylingagenten.com\/fi\/wp-json\/wp\/v2\/media?parent=144868"}],"wp:term":[{"taxonomy":"product_brand","embeddable":true,"href":"https:\/\/stylingagenten.com\/fi\/wp-json\/wp\/v2\/product_brand?post=144868"},{"taxonomy":"product_cat","embeddable":true,"href":"https:\/\/stylingagenten.com\/fi\/wp-json\/wp\/v2\/product_cat?post=144868"},{"taxonomy":"product_tag","embeddable":true,"href":"https:\/\/stylingagenten.com\/fi\/wp-json\/wp\/v2\/product_tag?post=144868"},{"taxonomy":"berocket_brand","embeddable":true,"href":"https:\/\/stylingagenten.com\/fi\/wp-json\/wp\/v2\/berocket_brand?post=144868"}],"curies":[{"name":"wp","href":"https:\/\/api.w.org\/{rel}","templated":true}]}}