{"id":144858,"date":"2025-05-18T23:32:14","date_gmt":"2025-05-18T23:32:14","guid":{"rendered":"https:\/\/staging2.stylingagenten.com\/fi\/produkt\/remington-x4-power-x-series-hair-clipper\/"},"modified":"2026-03-11T22:00:23","modified_gmt":"2026-03-11T22:00:23","slug":"remington-x4-power-x-series-hair-clipper","status":"publish","type":"product","link":"https:\/\/stylingagenten.com\/fi\/tuote\/remington-x4-power-x-series-hair-clipper\/","title":{"rendered":"Remington X4 Power-X Series Hair Clipper"},"content":{"rendered":"<p>Power X Series X4 -hiustenleikkuukone, jossa on jopa 60 minuuttia langatonta k\u00e4ytt\u00f6aikaa, sis\u00e4lt\u00e4\u00e4 kolme s\u00e4\u00e4dett\u00e4v\u00e4\u00e4 kampaa, joiden avulla voit valita 33 eri pituudesta 1 mm:n v\u00e4lein. Japanilaisesta ruostumattomasta ter\u00e4ksest\u00e4 valmistettu itseteroittuva ter\u00e4 antaa puhtaan ja ter\u00e4v\u00e4n leikkaustuloksen, ja tehokas moottori antaa sinulle 3x paremman leikkaussuorituskyvyn verrattuna tavalliseen Remington-leikkuriin.<\/p>\n","protected":false},"excerpt":{"rendered":"<p>Power X Series X4 -hiustenleikkuukone, jossa on jopa 60 minuuttia langatonta k\u00e4ytt\u00f6aikaa, sis\u00e4lt\u00e4\u00e4 kolme s\u00e4\u00e4dett\u00e4v\u00e4\u00e4 kampaa, joiden avulla voit valita 33 eri pituudesta 1 mm:n v\u00e4lein. Japanilaisesta ruostumattomasta ter\u00e4ksest\u00e4 valmistettu itseteroittuva ter\u00e4 antaa puhtaan ja ter\u00e4v\u00e4n leikkaustuloksen, ja tehokas moottori antaa sinulle 3x paremman leikkaussuorituskyvyn verrattuna tavalliseen Remington-leikkuriin.<\/p>\n","protected":false},"featured_media":144851,"comment_status":"open","ping_status":"closed","template":"","meta":{"_trash_the_other_posts":false},"product_brand":[],"product_cat":[604],"product_tag":[],"berocket_brand":[1272],"class_list":{"0":"post-144858","1":"product","2":"type-product","3":"status-publish","4":"has-post-thumbnail","6":"product_cat-trimmeri","7":"pa_brand-remington","8":"berocket_brand-remington","10":"first","11":"instock","12":"sale","13":"taxable","14":"shipping-taxable","15":"purchasable","16":"product-type-simple"},"_links":{"self":[{"href":"https:\/\/stylingagenten.com\/fi\/wp-json\/wp\/v2\/product\/144858","targetHints":{"allow":["GET"]}}],"collection":[{"href":"https:\/\/stylingagenten.com\/fi\/wp-json\/wp\/v2\/product"}],"about":[{"href":"https:\/\/stylingagenten.com\/fi\/wp-json\/wp\/v2\/types\/product"}],"replies":[{"embeddable":true,"href":"https:\/\/stylingagenten.com\/fi\/wp-json\/wp\/v2\/comments?post=144858"}],"version-history":[{"count":0,"href":"https:\/\/stylingagenten.com\/fi\/wp-json\/wp\/v2\/product\/144858\/revisions"}],"wp:featuredmedia":[{"embeddable":true,"href":"https:\/\/stylingagenten.com\/fi\/wp-json\/wp\/v2\/media\/144851"}],"wp:attachment":[{"href":"https:\/\/stylingagenten.com\/fi\/wp-json\/wp\/v2\/media?parent=144858"}],"wp:term":[{"taxonomy":"product_brand","embeddable":true,"href":"https:\/\/stylingagenten.com\/fi\/wp-json\/wp\/v2\/product_brand?post=144858"},{"taxonomy":"product_cat","embeddable":true,"href":"https:\/\/stylingagenten.com\/fi\/wp-json\/wp\/v2\/product_cat?post=144858"},{"taxonomy":"product_tag","embeddable":true,"href":"https:\/\/stylingagenten.com\/fi\/wp-json\/wp\/v2\/product_tag?post=144858"},{"taxonomy":"berocket_brand","embeddable":true,"href":"https:\/\/stylingagenten.com\/fi\/wp-json\/wp\/v2\/berocket_brand?post=144858"}],"curies":[{"name":"wp","href":"https:\/\/api.w.org\/{rel}","templated":true}]}}