{"id":144841,"date":"2025-05-18T23:32:11","date_gmt":"2025-05-18T23:32:11","guid":{"rendered":"https:\/\/staging2.stylingagenten.com\/fi\/produkt\/remington-graphite-series-personal-groomer-g5\/"},"modified":"2026-04-06T16:08:39","modified_gmt":"2026-04-06T16:08:39","slug":"remington-graphite-series-personal-groomer-g5","status":"publish","type":"product","link":"https:\/\/stylingagenten.com\/fi\/tuote\/remington-graphite-series-personal-groomer-g5\/","title":{"rendered":"Remington Graphite Series Personal Groomer G5"},"content":{"rendered":"<p>Remington Graphite Series Personal Groomer G5<br \/>Nyt tarjoamme sinulle optimaalisen hoitotuotteen, muotoile itsesi t\u00e4ydelliseksi Graphite G5:n ja sen yhdeks\u00e4n lis\u00e4varusteen avulla. Nyt sinulla voi olla parranajokoneet, partaleikkurit, hiusleikkurit, nen\u00e4leikkurit, polttoleikkurit ja paljon muuta mukanasi kaikkialla maailmassa, kaikki helposti s\u00e4ilytett\u00e4viss\u00e4 mukana tulevassa ensiluokkaisessa s\u00e4ilytyspussissa. <br \/>Graphite G5:n vaikuttava k\u00e4ytt\u00f6aika on 90 minuuttia, joten sinulla on runsaasti aikaa korjata haluamasi lopputulos p\u00e4\u00e4st\u00e4 varpaisiin. Graphite G5 on 100 % vedenpit\u00e4v\u00e4, tuo hoitorutiinisi suihkuun \u00e4\u00e4rimm\u00e4isen helposti ja nopeasti. Vedenpit\u00e4vien terien ansiosta trimmerisi on helppo puhdistaa ja se pysyy huippukunnossa k\u00e4ytt\u00f6kertojen v\u00e4lill\u00e4. Itseteroittuvat ja grafiitilla p\u00e4\u00e4llystetyt ter\u00e4t antavat maksimaalisen sileyden ja tekev\u00e4t kaikenlaisesta parranajokokemuksesta miellytt\u00e4v\u00e4n.<\/p>\n<p>Ominaisuudet <br \/>\u2022Grafiittipinnoitetut ter\u00e4t on suunniteltu lis\u00e4\u00e4m\u00e4\u00e4n mukavuutta<br \/>\u2022Itseteroittuvat ter\u00e4t<br \/>\u2022Johdoton<br \/>\u20224 tunnin lataus <br \/>\u202290 minuutin k\u00e4ytt\u00f6aika<br \/>\u2022100 % vedenpit\u00e4v\u00e4<br \/>\u2022 2-vaiheinen LED-merkkivalo<br \/>\u2022S\u00e4ilytyspussi<br \/>\u20223 vuoden takuu + 1 vuoden verkkorekister\u00f6innin yhteydess\u00e4<br \/>\u2022LIS\u00c4VARUSTEET:<br \/>\u2022Hius- ja partaleikkuri<br \/>\u2022Pystysuuntainen kaksipuolinen nen\u00e4leikkuri<br \/> &gt;\u2022TST-tarkkuustrimmeri <br \/>\u2022Mini folioajop\u00e4\u00e4 <br \/>\u2022Vartalotrimmeri kammalla 0,5,3,6,9mm<br \/>\u2022S\u00e4\u00e4dett\u00e4v\u00e4 kampa (2-20mm)<br \/>\u2022Kiinte\u00e4t kammat: 1,5 ja 3mm<\/p>\n","protected":false},"excerpt":{"rendered":"<p>Remington Graphite Series Personal Groomer G5Nyt tarjoamme sinulle optimaalisen hoitotuotteen, muotoile itsesi t\u00e4ydelliseksi Graphite G5:n ja sen yhdeks\u00e4n lis\u00e4varusteen avulla. Nyt sinulla voi olla parranajokoneet, partaleikkurit, hiusleikkurit, nen\u00e4leikkurit, polttoleikkurit ja paljon muuta mukanasi kaikkialla maailmassa, kaikki helposti s\u00e4ilytett\u00e4viss\u00e4 mukana tulevassa ensiluokkaisessa s\u00e4ilytyspussissa. Graphite G5:n vaikuttava k\u00e4ytt\u00f6aika on 90 minuuttia, joten sinulla on runsaasti aikaa korjata [&hellip;]<\/p>\n","protected":false},"featured_media":144821,"comment_status":"open","ping_status":"closed","template":"","meta":{"_trash_the_other_posts":false},"product_brand":[],"product_cat":[687],"product_tag":[],"berocket_brand":[1272],"class_list":{"0":"post-144841","1":"product","2":"type-product","3":"status-publish","4":"has-post-thumbnail","6":"product_cat-parta-tyokalu","7":"pa_brand-remington","8":"berocket_brand-remington","10":"first","11":"instock","12":"sale","13":"taxable","14":"shipping-taxable","15":"purchasable","16":"product-type-simple"},"_links":{"self":[{"href":"https:\/\/stylingagenten.com\/fi\/wp-json\/wp\/v2\/product\/144841","targetHints":{"allow":["GET"]}}],"collection":[{"href":"https:\/\/stylingagenten.com\/fi\/wp-json\/wp\/v2\/product"}],"about":[{"href":"https:\/\/stylingagenten.com\/fi\/wp-json\/wp\/v2\/types\/product"}],"replies":[{"embeddable":true,"href":"https:\/\/stylingagenten.com\/fi\/wp-json\/wp\/v2\/comments?post=144841"}],"version-history":[{"count":0,"href":"https:\/\/stylingagenten.com\/fi\/wp-json\/wp\/v2\/product\/144841\/revisions"}],"wp:featuredmedia":[{"embeddable":true,"href":"https:\/\/stylingagenten.com\/fi\/wp-json\/wp\/v2\/media\/144821"}],"wp:attachment":[{"href":"https:\/\/stylingagenten.com\/fi\/wp-json\/wp\/v2\/media?parent=144841"}],"wp:term":[{"taxonomy":"product_brand","embeddable":true,"href":"https:\/\/stylingagenten.com\/fi\/wp-json\/wp\/v2\/product_brand?post=144841"},{"taxonomy":"product_cat","embeddable":true,"href":"https:\/\/stylingagenten.com\/fi\/wp-json\/wp\/v2\/product_cat?post=144841"},{"taxonomy":"product_tag","embeddable":true,"href":"https:\/\/stylingagenten.com\/fi\/wp-json\/wp\/v2\/product_tag?post=144841"},{"taxonomy":"berocket_brand","embeddable":true,"href":"https:\/\/stylingagenten.com\/fi\/wp-json\/wp\/v2\/berocket_brand?post=144841"}],"curies":[{"name":"wp","href":"https:\/\/api.w.org\/{rel}","templated":true}]}}