{"id":144813,"date":"2025-05-18T23:32:06","date_gmt":"2025-05-18T23:32:06","guid":{"rendered":"https:\/\/staging2.stylingagenten.com\/fi\/produkt\/remington-ultimate-series-rx5-head-shaver\/"},"modified":"2026-03-31T12:27:27","modified_gmt":"2026-03-31T12:27:27","slug":"remington-ultimate-series-rx5-head-shaver","status":"publish","type":"product","link":"https:\/\/stylingagenten.com\/fi\/tuote\/remington-ultimate-series-rx5-head-shaver\/","title":{"rendered":"Remington Ultimate Series RX5 Head Shaver"},"content":{"rendered":"<p>Remington Ultimate -sarjan RX5-parranajokone<br \/>Ultimate-sarjan RX5-parranajokone tarjoaa ihon l\u00e4hell\u00e4 olevan 0,2 mm:n leikkaustehon. T\u00e4ysi lataus 50 minuutissa antaa sinulle kuukauden k\u00e4ytt\u00f6ajan, jos ajat parranajoa joka toinen p\u00e4iv\u00e4 3 minuuttia.<br \/>P\u00e4\u00e4n ajelu on nopeaa ja helppoa Ultimate-sarjan RX5-parranajokoneen viiden leikkuup\u00e4\u00e4n ansiosta. Peit\u00e4t 60 % suuremman alueen verrattuna perinteiseen parranajokoneeseen, jossa on 3 leikkausp\u00e4\u00e4t\u00e4, mik\u00e4 antaa sinulle nopeamman parranajokokemuksen. Voit k\u00e4ytt\u00e4\u00e4 sit\u00e4 sek\u00e4 ympyr\u00e4- ett\u00e4 lineaarisissa liikkeiss\u00e4 ja joustavien terien ja taipuisan p\u00e4\u00e4n avulla laite mukautuu p\u00e4\u00e4n muotoihin. Ja pop-up trimmerill\u00e4 voit helposti leikata tai muotoilla hiuksiasi.<\/p>\n<p>Ultimate Series RX5 -parranajokone on 100 % vedenpit\u00e4v\u00e4, mik\u00e4 tekee siit\u00e4 ihanteellisen sek\u00e4 m\u00e4rk\u00e4- ett\u00e4 kuivak\u00e4ytt\u00f6\u00f6n ja sit\u00e4 voidaan k\u00e4ytt\u00e4\u00e4 sek\u00e4 parranajogeelin ett\u00e4 -vaahdon kanssa. . Voit my\u00f6s irrottaa ter\u00e4t laitteesta puhdistamisen helpottamiseksi.<\/p>\n<p>50 minuutin k\u00e4ytt\u00f6aika tarjoaa useita ajokertoja latausten v\u00e4lill\u00e4 ja LED-merkkivalo n\u00e4ytt\u00e4\u00e4 helposti, kuinka paljon virtaa akussa on j\u00e4ljell\u00e4 ja t\u00e4yteen lataus kest\u00e4\u00e4 vain 2 tuntia. Sen mukana tulee my\u00f6s s\u00e4ilytyspussi.<\/p>\n<p>Ominaisuudet:<br \/>\u20225 leikkurip\u00e4\u00e4t\u00e4, jotka ajavat koko p\u00e4\u00e4n alle kahdessa minuutissa *<br \/>\u202260 % enemm\u00e4n peittoa **<br \/>\u2022L\u00e4hes ihotulokset 0,2 mm<br \/>\u2022Helppo puhdistaa<br \/>\u2022Jopa 50 minuutin k\u00e4ytt\u00f6aika 2 tunnin latauksella<br \/>\u2022100% vedenpit\u00e4v\u00e4<br \/>\u2022Joustava leikkuri ja p\u00e4\u00e4<br \/>\u2022Pop -Ylemm\u00e4n yksityiskohdan trimmeri<br \/>\u20222-vaiheinen LED-merkkivalo<br \/>\u2022S\u00e4ilytyspussi<\/p>\n","protected":false},"excerpt":{"rendered":"<p>Remington Ultimate -sarjan RX5-parranajokoneUltimate-sarjan RX5-parranajokone tarjoaa ihon l\u00e4hell\u00e4 olevan 0,2 mm:n leikkaustehon. T\u00e4ysi lataus 50 minuutissa antaa sinulle kuukauden k\u00e4ytt\u00f6ajan, jos ajat parranajoa joka toinen p\u00e4iv\u00e4 3 minuuttia.P\u00e4\u00e4n ajelu on nopeaa ja helppoa Ultimate-sarjan RX5-parranajokoneen viiden leikkuup\u00e4\u00e4n ansiosta. Peit\u00e4t 60 % suuremman alueen verrattuna perinteiseen parranajokoneeseen, jossa on 3 leikkausp\u00e4\u00e4t\u00e4, mik\u00e4 antaa sinulle nopeamman parranajokokemuksen. [&hellip;]<\/p>\n","protected":false},"featured_media":144789,"comment_status":"open","ping_status":"closed","template":"","meta":{"_trash_the_other_posts":false},"product_brand":[],"product_cat":[687],"product_tag":[],"berocket_brand":[1272],"class_list":{"0":"post-144813","1":"product","2":"type-product","3":"status-publish","4":"has-post-thumbnail","6":"product_cat-parta-tyokalu","7":"pa_brand-remington","8":"berocket_brand-remington","10":"first","11":"instock","12":"sale","13":"taxable","14":"shipping-taxable","15":"purchasable","16":"product-type-simple"},"_links":{"self":[{"href":"https:\/\/stylingagenten.com\/fi\/wp-json\/wp\/v2\/product\/144813","targetHints":{"allow":["GET"]}}],"collection":[{"href":"https:\/\/stylingagenten.com\/fi\/wp-json\/wp\/v2\/product"}],"about":[{"href":"https:\/\/stylingagenten.com\/fi\/wp-json\/wp\/v2\/types\/product"}],"replies":[{"embeddable":true,"href":"https:\/\/stylingagenten.com\/fi\/wp-json\/wp\/v2\/comments?post=144813"}],"version-history":[{"count":0,"href":"https:\/\/stylingagenten.com\/fi\/wp-json\/wp\/v2\/product\/144813\/revisions"}],"wp:featuredmedia":[{"embeddable":true,"href":"https:\/\/stylingagenten.com\/fi\/wp-json\/wp\/v2\/media\/144789"}],"wp:attachment":[{"href":"https:\/\/stylingagenten.com\/fi\/wp-json\/wp\/v2\/media?parent=144813"}],"wp:term":[{"taxonomy":"product_brand","embeddable":true,"href":"https:\/\/stylingagenten.com\/fi\/wp-json\/wp\/v2\/product_brand?post=144813"},{"taxonomy":"product_cat","embeddable":true,"href":"https:\/\/stylingagenten.com\/fi\/wp-json\/wp\/v2\/product_cat?post=144813"},{"taxonomy":"product_tag","embeddable":true,"href":"https:\/\/stylingagenten.com\/fi\/wp-json\/wp\/v2\/product_tag?post=144813"},{"taxonomy":"berocket_brand","embeddable":true,"href":"https:\/\/stylingagenten.com\/fi\/wp-json\/wp\/v2\/berocket_brand?post=144813"}],"curies":[{"name":"wp","href":"https:\/\/api.w.org\/{rel}","templated":true}]}}