{"id":144810,"date":"2025-05-18T23:32:06","date_gmt":"2025-05-18T23:32:06","guid":{"rendered":"https:\/\/staging2.stylingagenten.com\/fi\/produkt\/remington-style-series-beard-trimmer-b3\/"},"modified":"2026-03-25T10:38:25","modified_gmt":"2026-03-25T10:38:25","slug":"remington-style-series-beard-trimmer-b3","status":"publish","type":"product","link":"https:\/\/stylingagenten.com\/fi\/tuote\/remington-style-series-beard-trimmer-b3\/","title":{"rendered":"Remington Style Series Beard Trimmer B3"},"content":{"rendered":"<p>MB3000: STYLE-SARJAN B3-PARTALEIKKURI<\/p>\n<p>Style-sarjan B3-partanleikkurissa on itseteroittuvat ter\u00e4t ja se on suunniteltu tuntumaan sile\u00e4lt\u00e4 ihoa vasten. 17 pituusasetuksella voit s\u00e4\u00e4t\u00e4\u00e4 pituuttasi v\u00e4lill\u00e4 0,4\u201318 mm. Pituudet ovat seuraavat: Ilman kampaa: 0,4 mm, 10 askelmaa 0,5 mm:n v\u00e4lein 5 mm:iin asti, 1 askelmaa 1 mm v\u00e4liss\u00e4 5-6 mm ja 6 askelmaa 2 mm:n v\u00e4lein 6-18 mm.<\/p>\n<p>Irrotettava ja pest\u00e4v\u00e4 ter\u00e4 helppoa puhdistamista ja huoltoa varten. Partatrimmeri on paristok\u00e4ytt\u00f6inen (sis\u00e4lt\u00e4\u00e4 2 x AAA-paristoa)<\/p>\n<p>Tuotetiedot:<br \/>\u2022Itseteroittuva ter\u00e4<br \/>\u2022Mukavat veitset<br \/>\u20221 x s\u00e4\u00e4dett\u00e4v\u00e4 kampa<br \/>\u2022Leikkauspituudet (0,4 mm &#8211; 18 mm )<br \/>\u20220,5\u00a0askel 5\u00a0mm asti<br \/>\u20222\u00a0mm:n askeleet 6\u201318\u00a0mm<br \/>\u2022Johdoton<br \/>\u2022Paristok\u00e4ytt\u00f6 sis\u00e4lt\u00e4\u00e4 2 x AAA-paristoa<br \/>\u2022Pest\u00e4v\u00e4 p\u00e4\u00e4<br \/>\u2022 Zoom-py\u00f6r\u00e4 pituuden s\u00e4\u00e4t\u00f6\u00f6n<br \/>\u20222 vuoden takuu + 1<\/p>\n","protected":false},"excerpt":{"rendered":"<p>MB3000: STYLE-SARJAN B3-PARTALEIKKURI Style-sarjan B3-partanleikkurissa on itseteroittuvat ter\u00e4t ja se on suunniteltu tuntumaan sile\u00e4lt\u00e4 ihoa vasten. 17 pituusasetuksella voit s\u00e4\u00e4t\u00e4\u00e4 pituuttasi v\u00e4lill\u00e4 0,4\u201318 mm. Pituudet ovat seuraavat: Ilman kampaa: 0,4 mm, 10 askelmaa 0,5 mm:n v\u00e4lein 5 mm:iin asti, 1 askelmaa 1 mm v\u00e4liss\u00e4 5-6 mm ja 6 askelmaa 2 mm:n v\u00e4lein 6-18 mm. Irrotettava [&hellip;]<\/p>\n","protected":false},"featured_media":144791,"comment_status":"open","ping_status":"closed","template":"","meta":{"_trash_the_other_posts":false},"product_brand":[],"product_cat":[604],"product_tag":[],"berocket_brand":[1272],"class_list":{"0":"post-144810","1":"product","2":"type-product","3":"status-publish","4":"has-post-thumbnail","6":"product_cat-trimmeri","7":"pa_brand-remington","8":"berocket_brand-remington","10":"first","11":"outofstock","12":"sale","13":"taxable","14":"shipping-taxable","15":"purchasable","16":"product-type-simple"},"_links":{"self":[{"href":"https:\/\/stylingagenten.com\/fi\/wp-json\/wp\/v2\/product\/144810","targetHints":{"allow":["GET"]}}],"collection":[{"href":"https:\/\/stylingagenten.com\/fi\/wp-json\/wp\/v2\/product"}],"about":[{"href":"https:\/\/stylingagenten.com\/fi\/wp-json\/wp\/v2\/types\/product"}],"replies":[{"embeddable":true,"href":"https:\/\/stylingagenten.com\/fi\/wp-json\/wp\/v2\/comments?post=144810"}],"version-history":[{"count":0,"href":"https:\/\/stylingagenten.com\/fi\/wp-json\/wp\/v2\/product\/144810\/revisions"}],"wp:featuredmedia":[{"embeddable":true,"href":"https:\/\/stylingagenten.com\/fi\/wp-json\/wp\/v2\/media\/144791"}],"wp:attachment":[{"href":"https:\/\/stylingagenten.com\/fi\/wp-json\/wp\/v2\/media?parent=144810"}],"wp:term":[{"taxonomy":"product_brand","embeddable":true,"href":"https:\/\/stylingagenten.com\/fi\/wp-json\/wp\/v2\/product_brand?post=144810"},{"taxonomy":"product_cat","embeddable":true,"href":"https:\/\/stylingagenten.com\/fi\/wp-json\/wp\/v2\/product_cat?post=144810"},{"taxonomy":"product_tag","embeddable":true,"href":"https:\/\/stylingagenten.com\/fi\/wp-json\/wp\/v2\/product_tag?post=144810"},{"taxonomy":"berocket_brand","embeddable":true,"href":"https:\/\/stylingagenten.com\/fi\/wp-json\/wp\/v2\/berocket_brand?post=144810"}],"curies":[{"name":"wp","href":"https:\/\/api.w.org\/{rel}","templated":true}]}}