{"id":144806,"date":"2025-05-18T23:32:06","date_gmt":"2025-05-18T23:32:06","guid":{"rendered":"https:\/\/staging2.stylingagenten.com\/fi\/produkt\/remington-style-series-aqua-rotary-shaver\/"},"modified":"2026-04-13T09:38:28","modified_gmt":"2026-04-13T09:38:28","slug":"remington-style-series-aqua-rotary-shaver","status":"publish","type":"product","link":"https:\/\/stylingagenten.com\/fi\/tuote\/remington-style-series-aqua-rotary-shaver\/","title":{"rendered":"Remington Style Series Aqua Rotary Shaver"},"content":{"rendered":"<p>Remington Style Series Aqua Rotary Shaver<br \/>R6 Style Series Aqua on py\u00f6riv\u00e4 parranajokone, joka on suunniteltu 100 % vedenpit\u00e4v\u00e4ksi. Sen avulla voit suihkuttaa, ajaa parta ja muotoilla partasi helposti ja v\u00e4hemm\u00e4n \u00e4rsytyst\u00e4. Ergonominen kahva tarjoaa sek\u00e4 mukavuuden ett\u00e4 hallinnan, kun taas kolme kaksoisuralla varustettua leikkuuter\u00e4\u00e4 mukautuvat kasvojen muotoihin. \u00c4lykk\u00e4\u00e4n pikalatauksen ansiosta voit ladata parranajokoneen vain 5 minuutissa ja saada tarpeeksi virtaa t\u00e4yteen parranajoon. Jos lataat akun t\u00e4yteen, sinulla on t\u00e4ydet 60 minuuttia k\u00e4ytt\u00f6aikaa<br \/>Toiminnot:<br \/>\u2022100 % vedenpit\u00e4v\u00e4<br \/>\u2022Joustavat leikkuuter\u00e4t, joissa kaksinkertaiset urat<br \/>\u2022Tarvikkeet 3 p\u00e4iv\u00e4n s\u00e4nki\u00e4 varten<br \/> \u2022Ponnahdustrimmeri <br \/>\u202260 minuutin johdoton k\u00e4ytt\u00f6<br \/>\u20225 minuutin pikalataus<br \/>\u202290 minuutin latausaika<br \/>\u2022USB-lataus<br \/>\u2022LED-ilmaisimet<br \/>\u2022Ergonominen kahva<br \/> \u2022S\u00e4ilytyspussi<\/p>\n","protected":false},"excerpt":{"rendered":"<p>Remington Style Series Aqua Rotary ShaverR6 Style Series Aqua on py\u00f6riv\u00e4 parranajokone, joka on suunniteltu 100 % vedenpit\u00e4v\u00e4ksi. Sen avulla voit suihkuttaa, ajaa parta ja muotoilla partasi helposti ja v\u00e4hemm\u00e4n \u00e4rsytyst\u00e4. Ergonominen kahva tarjoaa sek\u00e4 mukavuuden ett\u00e4 hallinnan, kun taas kolme kaksoisuralla varustettua leikkuuter\u00e4\u00e4 mukautuvat kasvojen muotoihin. \u00c4lykk\u00e4\u00e4n pikalatauksen ansiosta voit ladata parranajokoneen vain 5 [&hellip;]<\/p>\n","protected":false},"featured_media":144787,"comment_status":"open","ping_status":"closed","template":"","meta":{"_trash_the_other_posts":false},"product_brand":[],"product_cat":[687],"product_tag":[],"berocket_brand":[1272],"class_list":{"0":"post-144806","1":"product","2":"type-product","3":"status-publish","4":"has-post-thumbnail","6":"product_cat-parta-tyokalu","7":"pa_brand-remington","8":"berocket_brand-remington","10":"first","11":"instock","12":"sale","13":"taxable","14":"shipping-taxable","15":"purchasable","16":"product-type-simple"},"_links":{"self":[{"href":"https:\/\/stylingagenten.com\/fi\/wp-json\/wp\/v2\/product\/144806","targetHints":{"allow":["GET"]}}],"collection":[{"href":"https:\/\/stylingagenten.com\/fi\/wp-json\/wp\/v2\/product"}],"about":[{"href":"https:\/\/stylingagenten.com\/fi\/wp-json\/wp\/v2\/types\/product"}],"replies":[{"embeddable":true,"href":"https:\/\/stylingagenten.com\/fi\/wp-json\/wp\/v2\/comments?post=144806"}],"version-history":[{"count":0,"href":"https:\/\/stylingagenten.com\/fi\/wp-json\/wp\/v2\/product\/144806\/revisions"}],"wp:featuredmedia":[{"embeddable":true,"href":"https:\/\/stylingagenten.com\/fi\/wp-json\/wp\/v2\/media\/144787"}],"wp:attachment":[{"href":"https:\/\/stylingagenten.com\/fi\/wp-json\/wp\/v2\/media?parent=144806"}],"wp:term":[{"taxonomy":"product_brand","embeddable":true,"href":"https:\/\/stylingagenten.com\/fi\/wp-json\/wp\/v2\/product_brand?post=144806"},{"taxonomy":"product_cat","embeddable":true,"href":"https:\/\/stylingagenten.com\/fi\/wp-json\/wp\/v2\/product_cat?post=144806"},{"taxonomy":"product_tag","embeddable":true,"href":"https:\/\/stylingagenten.com\/fi\/wp-json\/wp\/v2\/product_tag?post=144806"},{"taxonomy":"berocket_brand","embeddable":true,"href":"https:\/\/stylingagenten.com\/fi\/wp-json\/wp\/v2\/berocket_brand?post=144806"}],"curies":[{"name":"wp","href":"https:\/\/api.w.org\/{rel}","templated":true}]}}