{"id":144785,"date":"2025-05-18T23:32:03","date_gmt":"2025-05-18T23:32:03","guid":{"rendered":"https:\/\/staging2.stylingagenten.com\/fi\/produkt\/remington-omniblade-precision\/"},"modified":"2026-03-11T22:00:18","modified_gmt":"2026-03-11T22:00:18","slug":"remington-omniblade-precision","status":"publish","type":"product","link":"https:\/\/stylingagenten.com\/fi\/tuote\/remington-omniblade-precision\/","title":{"rendered":"Remington Omniblade Precision"},"content":{"rendered":"<p>Remington Omniblade Precision<br \/>Ajele, muotoile ja muotoile partasi Omniblade-tarkkuudella, joka pitk\u00e4kestoisella ter\u00e4ll\u00e4 antaa ihoa l\u00e4heisen lopputuloksen. Omniblade Precisionissa on irrotettava p\u00e4\u00e4, jossa on 4 lis\u00e4osaa, s\u00e4\u00e4dett\u00e4v\u00e4 kampa ja kaksoiskampa, nen\u00e4- ja korvakarvojen trimmeri. Omniblade Precisionissa on tuttu partakoneen muoto, jossa yhdistyv\u00e4t s\u00e4hk\u00f6parranajokoneen ja trimmerin teho, hallinta ja k\u00e4ytt\u00f6mukavuus. Nelj\u00e4n vaihdettavan lis\u00e4varusteen avulla saat apua itsellesi sopivan tyylin luomiseen. <\/p>\n<p>Leikkaus l\u00e4helt\u00e4 ihoa<br \/>Omniblade Precision on suunniteltu antamaan tulos l\u00e4helle ihoa*. K\u00e4yt\u00e4 Omnibladea t\u00e4ysin ilman kampaa ja haluamaasi suuntaan. Ilman kampaa voit leikata 0,15 mm*:iin, jolloin saat puhtaan ajelun ilmeen. <br \/>Muotoile partasi ja s\u00e4nki<br \/>35 mm leve\u00e4ll\u00e4 ter\u00e4ll\u00e4 voit ajaa parranajon ja leikata. S\u00e4\u00e4dett\u00e4v\u00e4ll\u00e4 kammalla voit valita yhteens\u00e4 10 pituudesta 0,5-5 mm. <\/p>\n<p>Nen\u00e4- ja korvakarvojen trimmeri<br \/>K\u00e4yt\u00e4 trimmeri\u00e4 kulmakarvojen ja pulisonkien muotoiluun ja trimmaamiseen, sill\u00e4 kahdella mukana toimitetulla kampalla leikataan 3 ja 6 mm:iin. <br \/>Pitk\u00e4ik\u00e4inen ter\u00e4<br \/>Muotoiltu ja hiottu ter\u00e4 kest\u00e4\u00e4 jopa 5 vuotta 2 minuutin k\u00e4yt\u00f6n perusteella, 7 p\u00e4iv\u00e4\u00e4 viikossa <br \/>60 minuuttia johdotonta k\u00e4ytt\u00f6\u00e4<br \/>Jopa 60 minuuttia johdotonta k\u00e4ytt\u00f6\u00e4 t\u00e4ysi lataus. LED-akun varaustason ilmaisimen avulla voit hallita t\u00e4ysin akun k\u00e4ytt\u00f6ik\u00e4\u00e4, ja se ladataan USB-latauksella.<br \/>Toiminnot: <br \/>\u2022Irrotettava p\u00e4\u00e4 lis\u00e4varusteineen<br \/>\u202235 mm leve\u00e4 leikkuuter\u00e4<br \/>\u2022Leikkaus 0,15 mm*<br \/> \u2022Kest\u00e4v\u00e4 leikkuuter\u00e4, kest\u00e4\u00e4 jopa 5 vuotta*<br \/>\u2022Nen\u00e4- ja korvaleikkuri kahdella kampalla: 3\/6 mm<br \/>\u2022S\u00e4\u00e4dett\u00e4v\u00e4 trimmerikampa: 0,5-5 mm (10 pituutta)<br \/> &gt;\u202260 minuutin k\u00e4ytt\u00f6aika<br \/>\u2022USB-lataus<br \/>\u2022LED-latauksen ilmaisin<br \/>\u2022100% vedenpit\u00e4v\u00e4<br \/>\u2022S\u00e4ilytyspussi<br \/>\u20225 vuoden takuu +1 vuosi rekister\u00f6ityess\u00e4si verkossa<\/p>\n<p> &gt;*Ei ajele yht\u00e4 l\u00e4helt\u00e4 kuin perinteinen partakone <br \/>** Perustuu 2 minuutin k\u00e4ytt\u00f6\u00f6n 7 p\u00e4iv\u00e4n\u00e4 viikossa<\/p>\n","protected":false},"excerpt":{"rendered":"<p>Remington Omniblade PrecisionAjele, muotoile ja muotoile partasi Omniblade-tarkkuudella, joka pitk\u00e4kestoisella ter\u00e4ll\u00e4 antaa ihoa l\u00e4heisen lopputuloksen. Omniblade Precisionissa on irrotettava p\u00e4\u00e4, jossa on 4 lis\u00e4osaa, s\u00e4\u00e4dett\u00e4v\u00e4 kampa ja kaksoiskampa, nen\u00e4- ja korvakarvojen trimmeri. Omniblade Precisionissa on tuttu partakoneen muoto, jossa yhdistyv\u00e4t s\u00e4hk\u00f6parranajokoneen ja trimmerin teho, hallinta ja k\u00e4ytt\u00f6mukavuus. Nelj\u00e4n vaihdettavan lis\u00e4varusteen avulla saat apua itsellesi sopivan [&hellip;]<\/p>\n","protected":false},"featured_media":144782,"comment_status":"open","ping_status":"closed","template":"","meta":{"_trash_the_other_posts":false},"product_brand":[],"product_cat":[687],"product_tag":[],"berocket_brand":[1272],"class_list":{"0":"post-144785","1":"product","2":"type-product","3":"status-publish","4":"has-post-thumbnail","6":"product_cat-parta-tyokalu","7":"pa_brand-remington","8":"berocket_brand-remington","10":"first","11":"instock","12":"sale","13":"taxable","14":"shipping-taxable","15":"purchasable","16":"product-type-simple"},"_links":{"self":[{"href":"https:\/\/stylingagenten.com\/fi\/wp-json\/wp\/v2\/product\/144785","targetHints":{"allow":["GET"]}}],"collection":[{"href":"https:\/\/stylingagenten.com\/fi\/wp-json\/wp\/v2\/product"}],"about":[{"href":"https:\/\/stylingagenten.com\/fi\/wp-json\/wp\/v2\/types\/product"}],"replies":[{"embeddable":true,"href":"https:\/\/stylingagenten.com\/fi\/wp-json\/wp\/v2\/comments?post=144785"}],"version-history":[{"count":0,"href":"https:\/\/stylingagenten.com\/fi\/wp-json\/wp\/v2\/product\/144785\/revisions"}],"wp:featuredmedia":[{"embeddable":true,"href":"https:\/\/stylingagenten.com\/fi\/wp-json\/wp\/v2\/media\/144782"}],"wp:attachment":[{"href":"https:\/\/stylingagenten.com\/fi\/wp-json\/wp\/v2\/media?parent=144785"}],"wp:term":[{"taxonomy":"product_brand","embeddable":true,"href":"https:\/\/stylingagenten.com\/fi\/wp-json\/wp\/v2\/product_brand?post=144785"},{"taxonomy":"product_cat","embeddable":true,"href":"https:\/\/stylingagenten.com\/fi\/wp-json\/wp\/v2\/product_cat?post=144785"},{"taxonomy":"product_tag","embeddable":true,"href":"https:\/\/stylingagenten.com\/fi\/wp-json\/wp\/v2\/product_tag?post=144785"},{"taxonomy":"berocket_brand","embeddable":true,"href":"https:\/\/stylingagenten.com\/fi\/wp-json\/wp\/v2\/berocket_brand?post=144785"}],"curies":[{"name":"wp","href":"https:\/\/api.w.org\/{rel}","templated":true}]}}