{"id":144779,"date":"2025-05-18T23:32:02","date_gmt":"2025-05-18T23:32:02","guid":{"rendered":"https:\/\/staging2.stylingagenten.com\/fi\/produkt\/remington-heritage-personal-groomer\/"},"modified":"2026-03-23T08:28:41","modified_gmt":"2026-03-23T08:28:41","slug":"remington-heritage-personal-groomer","status":"publish","type":"product","link":"https:\/\/stylingagenten.com\/fi\/tuote\/remington-heritage-personal-groomer\/","title":{"rendered":"Remington Heritage Personal Groomer"},"content":{"rendered":"<p>Heritage Personal Groomer<br \/>Heritage Multitrimmeri yhdist\u00e4\u00e4 klassisen ajattoman muotoilun uusimpaan moderniin tekniikkaan.<\/p>\n<p>Remington toi markkinoille maailman ensimm\u00e4isen s\u00e4hk\u00f6parranajokoneen vuonna 1937 ja on sittemmin tuonut markkinoille innovatiivisia tuotteita henkil\u00f6kohtaiseen hygieniaan. Heritage-multitrimmeri tyylikk\u00e4\u00e4ss\u00e4 ja hienostuneessa metallinharmaassa kotelossa on kunnianosoitus menneisyydelle, samalla kun se yhdist\u00e4\u00e4 modernin teknologian ammattimaiseen leikkaustehoon. Ruostumattomasta ter\u00e4ksest\u00e4 valmistetut T-ter\u00e4t ovat itsest\u00e4\u00e4n teroittuvia, joten voit aina nauttia ter\u00e4v\u00e4st\u00e4 suorituksesta. Valitse 11 vaihdettavasta lis\u00e4varusteesta luodaksesi haluamasi ulkoasun.<\/p>\n<p>60 minuutin johdoton k\u00e4ytt\u00f6aika antaa sinulle runsaasti aikaa muotoiluun. Sen 2-vaiheinen LED-merkkivalo ilmoittaa, kun trimmerin akku on v\u00e4hiss\u00e4, joten voit ladata sen t\u00e4yteen 4 tunnissa tai k\u00e4ytt\u00e4\u00e4 sit\u00e4 johdolla jatkuvaan virtaan. Mukana on my\u00f6s 5 minuutin pikalataustoiminto, jos tarvitset lis\u00e4tehoa akulle saavuttaaksesi lopputuloksen.<br \/>All-in-one-muotoilusarjassasi on 11 vaihdettavaa lis\u00e4laitetta ja kaikki mit\u00e4 tarvitset hoitaaksesi hoitotarpeesi p\u00e4\u00e4st\u00e4 varpaisiin. . Sen mukana tulee my\u00f6s k\u00e4yt\u00e4nn\u00f6llinen s\u00e4ilytyspussi, jossa voit s\u00e4ilytt\u00e4\u00e4 trimmeri\u00e4si ja kaikkia tarvikkeita.<br \/>\u2022T-ter\u00e4 tarkkaan muotoiluun<br \/>\u2022T\u00e4ysikokoinen folioajop\u00e4\u00e4<br \/>\u20227 mm:n yksityiskohtien trimmeri<br \/>\u2022S\u00e4\u00e4dett\u00e4v\u00e4 s\u00e4nkikampa (1-5mm)<br \/>\u20227 kiinte\u00e4\u00e4 kampaa (1,5-25mm)<\/p>\n<p>Tuotteen ominaisuudet: <br \/>\u2022Ruostumattomasta ter\u00e4ksest\u00e4 valmistetut ter\u00e4t<br \/>\u2022Premium Heritage Design<br \/>\u2022T -ter\u00e4t tarkkaan muotoiluun<br \/>\u2022 T\u00e4ysikokoinen folioajop\u00e4\u00e4<br \/>\u20227 mm:n yksityiskohta trimmerin p\u00e4\u00e4<br \/>\u2022S\u00e4\u00e4dett\u00e4v\u00e4 s\u00e4nkikampa (1-5 mm)<br \/>\u20227 kiinte\u00e4\u00e4 kampaa (1,5-25 mm)<br \/> &gt;\u2022Johto \/ johdoton<br \/>\u2022Jopa 60 minuutin langaton k\u00e4ytt\u00f6aika<br \/>\u20224 tunnin latausaika<br \/>\u2022Pikalataustoiminto<br \/>\u20222-vaiheinen LED-merkkivalo<br \/>\u2022S\u00e4ilytyspussi<br \/> &gt;\u2022100 % vedenpit\u00e4v\u00e4<br \/>\u20225 vuotta + 1 takuu *<\/p>\n","protected":false},"excerpt":{"rendered":"<p>Heritage Personal GroomerHeritage Multitrimmeri yhdist\u00e4\u00e4 klassisen ajattoman muotoilun uusimpaan moderniin tekniikkaan. Remington toi markkinoille maailman ensimm\u00e4isen s\u00e4hk\u00f6parranajokoneen vuonna 1937 ja on sittemmin tuonut markkinoille innovatiivisia tuotteita henkil\u00f6kohtaiseen hygieniaan. Heritage-multitrimmeri tyylikk\u00e4\u00e4ss\u00e4 ja hienostuneessa metallinharmaassa kotelossa on kunnianosoitus menneisyydelle, samalla kun se yhdist\u00e4\u00e4 modernin teknologian ammattimaiseen leikkaustehoon. Ruostumattomasta ter\u00e4ksest\u00e4 valmistetut T-ter\u00e4t ovat itsest\u00e4\u00e4n teroittuvia, joten voit aina [&hellip;]<\/p>\n","protected":false},"featured_media":144756,"comment_status":"open","ping_status":"closed","template":"","meta":{"_trash_the_other_posts":false},"product_brand":[],"product_cat":[687],"product_tag":[],"berocket_brand":[1272],"class_list":{"0":"post-144779","1":"product","2":"type-product","3":"status-publish","4":"has-post-thumbnail","6":"product_cat-parta-tyokalu","7":"pa_brand-remington","8":"berocket_brand-remington","10":"first","11":"outofstock","12":"sale","13":"taxable","14":"shipping-taxable","15":"purchasable","16":"product-type-simple"},"_links":{"self":[{"href":"https:\/\/stylingagenten.com\/fi\/wp-json\/wp\/v2\/product\/144779","targetHints":{"allow":["GET"]}}],"collection":[{"href":"https:\/\/stylingagenten.com\/fi\/wp-json\/wp\/v2\/product"}],"about":[{"href":"https:\/\/stylingagenten.com\/fi\/wp-json\/wp\/v2\/types\/product"}],"replies":[{"embeddable":true,"href":"https:\/\/stylingagenten.com\/fi\/wp-json\/wp\/v2\/comments?post=144779"}],"version-history":[{"count":0,"href":"https:\/\/stylingagenten.com\/fi\/wp-json\/wp\/v2\/product\/144779\/revisions"}],"wp:featuredmedia":[{"embeddable":true,"href":"https:\/\/stylingagenten.com\/fi\/wp-json\/wp\/v2\/media\/144756"}],"wp:attachment":[{"href":"https:\/\/stylingagenten.com\/fi\/wp-json\/wp\/v2\/media?parent=144779"}],"wp:term":[{"taxonomy":"product_brand","embeddable":true,"href":"https:\/\/stylingagenten.com\/fi\/wp-json\/wp\/v2\/product_brand?post=144779"},{"taxonomy":"product_cat","embeddable":true,"href":"https:\/\/stylingagenten.com\/fi\/wp-json\/wp\/v2\/product_cat?post=144779"},{"taxonomy":"product_tag","embeddable":true,"href":"https:\/\/stylingagenten.com\/fi\/wp-json\/wp\/v2\/product_tag?post=144779"},{"taxonomy":"berocket_brand","embeddable":true,"href":"https:\/\/stylingagenten.com\/fi\/wp-json\/wp\/v2\/berocket_brand?post=144779"}],"curies":[{"name":"wp","href":"https:\/\/api.w.org\/{rel}","templated":true}]}}