{"id":144777,"date":"2025-05-18T23:32:01","date_gmt":"2025-05-18T23:32:01","guid":{"rendered":"https:\/\/staging2.stylingagenten.com\/fi\/produkt\/remington-bodyguard-bht-with-shaving-and-grooming-head-refresh\/"},"modified":"2026-03-11T22:00:15","modified_gmt":"2026-03-11T22:00:15","slug":"remington-bodyguard-bht-with-shaving-and-grooming-head-refresh","status":"publish","type":"product","link":"https:\/\/stylingagenten.com\/fi\/tuote\/remington-bodyguard-bht-with-shaving-and-grooming-head-refresh\/","title":{"rendered":"Remington Bodyguard &#8211; BHT with shaving and grooming head &#8211; refresh"},"content":{"rendered":"<p>Remington Bodyguard &#8211; BHT parranajo- ja hoitop\u00e4\u00e4ll\u00e4 &#8211; virkistys<br \/>Remington&#8217;s BHT2000A:ssa on 5 esiasetettua pituutta, jotka on helppo muuttaa zoomauspy\u00f6r\u00e4ll\u00e4 ja ikkunasta n\u00e4et helposti, mik\u00e4 pituusasetus sinulla on. Ter\u00e4t ovat itseteroittuvia ja titaanipinnoitettuja, joten ne ovat eritt\u00e4in kest\u00e4vi\u00e4. <br \/>K\u00e4yt\u00e4 miniparranajokonetta tasaisen tuloksen saamiseksi. Kiinte\u00e4ll\u00e4 ter\u00e4ll\u00e4 varustettu k\u00e4rki est\u00e4\u00e4 kolhuja ja viiltoja. Siin\u00e4 on irrotettava kampa tarkempaa trimmausta ja muotoilua varten. <br \/>Lataaminen kest\u00e4\u00e4 14-16 tuntia ja k\u00e4ytt\u00f6aika on jopa 40 minuuttia johdoton. Latausilmaisin n\u00e4ytt\u00e4\u00e4 helposti, kun se latautuu. <br \/>Se on 100 % vedenpit\u00e4v\u00e4 ja kahvassa olevan liukumista est\u00e4v\u00e4n otteen ansiosta olet hallinnassa ja saat tukevan otteen. <\/p>\n<p>\u2022Titaanilla p\u00e4\u00e4llystetyt ter\u00e4t<br \/>\u2022Itseteroittuvat ter\u00e4t<br \/>\u20225 esiasetettua pituutta<br \/>\u2022Miniparranajokone tasaiseen lopputulokseen<br \/>\u2022Irrotettava kampa tarkkaan leikkaamiseen ja muotoiluun <br \/>\u2022 Zoomauspy\u00f6r\u00e4 pituuden s\u00e4\u00e4t\u00f6\u00f6n<br \/>\u2022Kiinte\u00e4 ter\u00e4, joka est\u00e4\u00e4 viiltoja ja haavoja<br \/>\u2022T\u00e4ydellinen kampasuoja<br \/>\u2022N\u00e4kyv\u00e4 ikkuna n\u00e4ytt\u00e4\u00e4 pituuden s\u00e4\u00e4d\u00f6n<br \/>\u2022Ladattava<br \/>\u2022Jopa 40 minuutin k\u00e4ytt\u00f6aika<br \/> br&gt;\u202214\u201316 tunnin latausaika<br \/>\u2022 Merkkivalo<br \/>\u2022100 % vedenpit\u00e4v\u00e4<br \/>\u2022 Liukumaton ote<\/p>\n","protected":false},"excerpt":{"rendered":"<p>Remington Bodyguard &#8211; BHT parranajo- ja hoitop\u00e4\u00e4ll\u00e4 &#8211; virkistysRemington&#8217;s BHT2000A:ssa on 5 esiasetettua pituutta, jotka on helppo muuttaa zoomauspy\u00f6r\u00e4ll\u00e4 ja ikkunasta n\u00e4et helposti, mik\u00e4 pituusasetus sinulla on. Ter\u00e4t ovat itseteroittuvia ja titaanipinnoitettuja, joten ne ovat eritt\u00e4in kest\u00e4vi\u00e4. K\u00e4yt\u00e4 miniparranajokonetta tasaisen tuloksen saamiseksi. Kiinte\u00e4ll\u00e4 ter\u00e4ll\u00e4 varustettu k\u00e4rki est\u00e4\u00e4 kolhuja ja viiltoja. Siin\u00e4 on irrotettava kampa tarkempaa [&hellip;]<\/p>\n","protected":false},"featured_media":144757,"comment_status":"open","ping_status":"closed","template":"","meta":{"_trash_the_other_posts":false},"product_brand":[],"product_cat":[687],"product_tag":[],"berocket_brand":[1272],"class_list":{"0":"post-144777","1":"product","2":"type-product","3":"status-publish","4":"has-post-thumbnail","6":"product_cat-parta-tyokalu","7":"pa_brand-remington","8":"berocket_brand-remington","10":"first","11":"instock","12":"taxable","13":"shipping-taxable","14":"purchasable","15":"product-type-simple"},"_links":{"self":[{"href":"https:\/\/stylingagenten.com\/fi\/wp-json\/wp\/v2\/product\/144777","targetHints":{"allow":["GET"]}}],"collection":[{"href":"https:\/\/stylingagenten.com\/fi\/wp-json\/wp\/v2\/product"}],"about":[{"href":"https:\/\/stylingagenten.com\/fi\/wp-json\/wp\/v2\/types\/product"}],"replies":[{"embeddable":true,"href":"https:\/\/stylingagenten.com\/fi\/wp-json\/wp\/v2\/comments?post=144777"}],"version-history":[{"count":0,"href":"https:\/\/stylingagenten.com\/fi\/wp-json\/wp\/v2\/product\/144777\/revisions"}],"wp:featuredmedia":[{"embeddable":true,"href":"https:\/\/stylingagenten.com\/fi\/wp-json\/wp\/v2\/media\/144757"}],"wp:attachment":[{"href":"https:\/\/stylingagenten.com\/fi\/wp-json\/wp\/v2\/media?parent=144777"}],"wp:term":[{"taxonomy":"product_brand","embeddable":true,"href":"https:\/\/stylingagenten.com\/fi\/wp-json\/wp\/v2\/product_brand?post=144777"},{"taxonomy":"product_cat","embeddable":true,"href":"https:\/\/stylingagenten.com\/fi\/wp-json\/wp\/v2\/product_cat?post=144777"},{"taxonomy":"product_tag","embeddable":true,"href":"https:\/\/stylingagenten.com\/fi\/wp-json\/wp\/v2\/product_tag?post=144777"},{"taxonomy":"berocket_brand","embeddable":true,"href":"https:\/\/stylingagenten.com\/fi\/wp-json\/wp\/v2\/berocket_brand?post=144777"}],"curies":[{"name":"wp","href":"https:\/\/api.w.org\/{rel}","templated":true}]}}