{"id":144775,"date":"2025-05-18T23:32:01","date_gmt":"2025-05-18T23:32:01","guid":{"rendered":"https:\/\/staging2.stylingagenten.com\/fi\/produkt\/remington-delicates-body-hair-trimmer\/"},"modified":"2026-04-08T19:58:39","modified_gmt":"2026-04-08T19:58:39","slug":"remington-delicates-body-hair-trimmer","status":"publish","type":"product","link":"https:\/\/stylingagenten.com\/fi\/tuote\/remington-delicates-body-hair-trimmer\/","title":{"rendered":"Remington Delicates &amp; Body Hair Trimmer"},"content":{"rendered":"<p>Remington Delicates &amp; Body Hair Trimmer<br \/>Remington Delicates &amp; Body Hair Trimmer on suunniteltu erityisesti miehille, jotka haluavat kompaktin intiimin ratkaisun vartalon hiuksille vaivattomasti.<br \/>Leikkuri tarjoaa monipuolisuutta ja hallintaa kolmella eri kamman pituudella &#8211; 2 mm , 4 mm ja 6 mm ja tekev\u00e4t vartalokarvojen leikkaamisesta entist\u00e4 helpompaa. <br \/>Kapea suihkunkest\u00e4v\u00e4 pinta ja pest\u00e4v\u00e4 portti takaavat t\u00e4ydellisen hygienian hallinnan. Lis\u00e4ksi sinulla on litiumk\u00e4ytt\u00f6iset akut, joiden johdoton k\u00e4ytt\u00f6aika on 60 minuuttia, mik\u00e4 antaa sinulle kaiken tarvittavan ajan vartalon karvojen hallintaan.<\/p>\n<p>Ominaisuudet:<br \/>\u20223 kampaa (2, 4,6 mm)<br \/>\u2022TST-ter\u00e4: leikkaa 0,2 mm:iin asti \u2013 antaa ajetun ulkon\u00e4\u00f6n ilman \u00e4rsytyst\u00e4<br \/>\u2022Mukava k\u00e4rki ter\u00e4n ymp\u00e4rill\u00e4 \u2013 ehk\u00e4isee naarmuja ja viiltoja ihossa<br \/>\u2022Kompakti, kevyt muotoilu tarjoaa hyv\u00e4n k\u00e4sittely<br \/>\u2022Ruostumattomasta ter\u00e4ksest\u00e4 valmistettu ter\u00e4<br \/>\u2022Suihkuturvallinen varmistaa m\u00e4rk\u00e4- ja kuivak\u00e4yt\u00f6n<br \/>\u2022Litiumteho \u2013 60 minuutin k\u00e4ytt\u00f6aika<br \/>\u2022Pest\u00e4v\u00e4 portti helpottaa puhdistamista<br \/>\u20224 tunnin lataus<br \/> \u2022Johdoton<br \/>\u2022Ripustuslenkki<br \/> \u20223 vuoden takuu<\/p>\n","protected":false},"excerpt":{"rendered":"<p>Remington Delicates &amp; Body Hair TrimmerRemington Delicates &amp; Body Hair Trimmer on suunniteltu erityisesti miehille, jotka haluavat kompaktin intiimin ratkaisun vartalon hiuksille vaivattomasti.Leikkuri tarjoaa monipuolisuutta ja hallintaa kolmella eri kamman pituudella &#8211; 2 mm , 4 mm ja 6 mm ja tekev\u00e4t vartalokarvojen leikkaamisesta entist\u00e4 helpompaa. Kapea suihkunkest\u00e4v\u00e4 pinta ja pest\u00e4v\u00e4 portti takaavat t\u00e4ydellisen hygienian [&hellip;]<\/p>\n","protected":false},"featured_media":144759,"comment_status":"open","ping_status":"closed","template":"","meta":{"_trash_the_other_posts":false},"product_brand":[],"product_cat":[687],"product_tag":[],"berocket_brand":[1272],"class_list":{"0":"post-144775","1":"product","2":"type-product","3":"status-publish","4":"has-post-thumbnail","6":"product_cat-parta-tyokalu","7":"pa_brand-remington","8":"berocket_brand-remington","10":"first","11":"instock","12":"sale","13":"taxable","14":"shipping-taxable","15":"purchasable","16":"product-type-simple"},"_links":{"self":[{"href":"https:\/\/stylingagenten.com\/fi\/wp-json\/wp\/v2\/product\/144775","targetHints":{"allow":["GET"]}}],"collection":[{"href":"https:\/\/stylingagenten.com\/fi\/wp-json\/wp\/v2\/product"}],"about":[{"href":"https:\/\/stylingagenten.com\/fi\/wp-json\/wp\/v2\/types\/product"}],"replies":[{"embeddable":true,"href":"https:\/\/stylingagenten.com\/fi\/wp-json\/wp\/v2\/comments?post=144775"}],"version-history":[{"count":0,"href":"https:\/\/stylingagenten.com\/fi\/wp-json\/wp\/v2\/product\/144775\/revisions"}],"wp:featuredmedia":[{"embeddable":true,"href":"https:\/\/stylingagenten.com\/fi\/wp-json\/wp\/v2\/media\/144759"}],"wp:attachment":[{"href":"https:\/\/stylingagenten.com\/fi\/wp-json\/wp\/v2\/media?parent=144775"}],"wp:term":[{"taxonomy":"product_brand","embeddable":true,"href":"https:\/\/stylingagenten.com\/fi\/wp-json\/wp\/v2\/product_brand?post=144775"},{"taxonomy":"product_cat","embeddable":true,"href":"https:\/\/stylingagenten.com\/fi\/wp-json\/wp\/v2\/product_cat?post=144775"},{"taxonomy":"product_tag","embeddable":true,"href":"https:\/\/stylingagenten.com\/fi\/wp-json\/wp\/v2\/product_tag?post=144775"},{"taxonomy":"berocket_brand","embeddable":true,"href":"https:\/\/stylingagenten.com\/fi\/wp-json\/wp\/v2\/berocket_brand?post=144775"}],"curies":[{"name":"wp","href":"https:\/\/api.w.org\/{rel}","templated":true}]}}