{"id":144773,"date":"2025-05-18T23:32:01","date_gmt":"2025-05-18T23:32:01","guid":{"rendered":"https:\/\/staging2.stylingagenten.com\/fi\/produkt\/remington-rx7-ultimate-series-head-shaver\/"},"modified":"2026-03-20T14:01:28","modified_gmt":"2026-03-20T14:01:28","slug":"remington-rx7-ultimate-series-head-shaver","status":"publish","type":"product","link":"https:\/\/stylingagenten.com\/fi\/tuote\/remington-rx7-ultimate-series-head-shaver\/","title":{"rendered":"Remington RX7 Ultimate Series Head Shaver"},"content":{"rendered":"<p>Remington RX7 Ultimate Series -parranajokone <\/p>\n<p>Ultimate Series RX7 tarjoaa ihoa vasten 0,2 mm:n leikkaustehon ja sopii t\u00e4ydellisesti niille, jotka haluavat ajetun p\u00e4\u00e4n. T\u00e4ysi 60 minuutin lataus antaa sinulle kuukauden k\u00e4ytt\u00f6ajan, jos ajelee 3 minuuttia joka toinen p\u00e4iv\u00e4. <\/p>\n<p>P\u00e4\u00e4n parranajo on nopeaa ja helppoa 5 leikkuup\u00e4\u00e4n ansiosta. Peit\u00e4t 60 % suuremman alueen verrattuna perinteiseen parranajokoneeseen, jossa on 3 leikkausp\u00e4\u00e4t\u00e4, mik\u00e4 antaa sinulle nopeamman parranajokokemuksen. Voit k\u00e4ytt\u00e4\u00e4 sit\u00e4 sek\u00e4 ympyr\u00e4- ett\u00e4 lineaarisissa liikkeiss\u00e4 ja joustavien terien ja taipuisan p\u00e4\u00e4n avulla laite mukautuu p\u00e4\u00e4n muotoihin. Ponnahdusleikkurilla voit helposti leikata tai muotoilla ter\u00e4vi\u00e4 linjoja. <\/p>\n<p>Ultimate Series RX7 -parranajokone on 100 % vedenpit\u00e4v\u00e4, joten se on ihanteellinen sek\u00e4 m\u00e4rk\u00e4- ett\u00e4 kuivak\u00e4ytt\u00f6\u00f6n, ja sit\u00e4 voidaan k\u00e4ytt\u00e4\u00e4 sek\u00e4 parranajogeelin ett\u00e4 -vaahdon kanssa. Voit my\u00f6s irrottaa leikkuup\u00e4\u00e4n laitteesta puhdistamisen helpottamiseksi. <\/p>\n<p>LED-merkkivalo n\u00e4ytt\u00e4\u00e4 yksinkertaisesti kuinka paljon virtaa akussa on j\u00e4ljell\u00e4, ja t\u00e4yteen lataus kest\u00e4\u00e4 vain 4 tuntia. Hiustenleikkuukoneessa on my\u00f6s Turbo Speed \u200b\u200b\u200b\u200bFunction -toiminto, jonka aktivoit itse napin painalluksella ja joka antaa sinulle lis\u00e4tehoa k\u00e4sitell\u00e4 tihe\u00e4mp\u00e4\u00e4 hiuskasvua ja paksumpia s\u00e4ikeit\u00e4. Sen mukana tulee my\u00f6s kylpytuotepussi, jossa voit s\u00e4ilytt\u00e4\u00e4 leikkurin k\u00e4yt\u00f6n j\u00e4lkeen.<\/p>\n<p>Tuotteen ominaisuudet: <\/p>\n<p>\u20225 leikkuup\u00e4\u00e4t\u00e4, jotka ajavat koko p\u00e4\u00e4n alle kahdessa minuutissa *<br \/> \u202260 % enemm\u00e4n peitt\u00e4vyytt\u00e4 ** <br \/>\u2022Ihoa vasten 0,2 mm<br \/>\u2022Turbo-toiminto<br \/>\u2022Helppo puhdistaa<br \/>\u2022Jopa 60 minuutin k\u00e4ytt\u00f6aika 4 tunnin latauksella<br \/> \u2022100 % vedenpit\u00e4v\u00e4<br \/>\u2022Joustavat ter\u00e4t ja p\u00e4\u00e4<br \/>\u2022Pop-Up-leikkuri<br \/>\u2022LED-merkkivalo<br \/>\u2022USB-lataus<br \/>\u2022S\u00e4ilytyspussi<br \/>\u20222 vuoden + 1 vuoden takuu, kun rekister\u00f6i tuotteesi verkossa 28 p\u00e4iv\u00e4n sis\u00e4ll\u00e4 ***<\/p>\n","protected":false},"excerpt":{"rendered":"<p>Remington RX7 Ultimate Series -parranajokone Ultimate Series RX7 tarjoaa ihoa vasten 0,2 mm:n leikkaustehon ja sopii t\u00e4ydellisesti niille, jotka haluavat ajetun p\u00e4\u00e4n. T\u00e4ysi 60 minuutin lataus antaa sinulle kuukauden k\u00e4ytt\u00f6ajan, jos ajelee 3 minuuttia joka toinen p\u00e4iv\u00e4. P\u00e4\u00e4n parranajo on nopeaa ja helppoa 5 leikkuup\u00e4\u00e4n ansiosta. Peit\u00e4t 60 % suuremman alueen verrattuna perinteiseen parranajokoneeseen, jossa [&hellip;]<\/p>\n","protected":false},"featured_media":144760,"comment_status":"open","ping_status":"closed","template":"","meta":{"_trash_the_other_posts":false},"product_brand":[],"product_cat":[1003,687],"product_tag":[],"berocket_brand":[1272],"class_list":{"0":"post-144773","1":"product","2":"type-product","3":"status-publish","4":"has-post-thumbnail","6":"product_cat-myydyimmat","7":"product_cat-parta-tyokalu","8":"pa_brand-remington","9":"berocket_brand-remington","11":"first","12":"instock","13":"taxable","14":"shipping-taxable","15":"purchasable","16":"product-type-simple"},"_links":{"self":[{"href":"https:\/\/stylingagenten.com\/fi\/wp-json\/wp\/v2\/product\/144773","targetHints":{"allow":["GET"]}}],"collection":[{"href":"https:\/\/stylingagenten.com\/fi\/wp-json\/wp\/v2\/product"}],"about":[{"href":"https:\/\/stylingagenten.com\/fi\/wp-json\/wp\/v2\/types\/product"}],"replies":[{"embeddable":true,"href":"https:\/\/stylingagenten.com\/fi\/wp-json\/wp\/v2\/comments?post=144773"}],"version-history":[{"count":0,"href":"https:\/\/stylingagenten.com\/fi\/wp-json\/wp\/v2\/product\/144773\/revisions"}],"wp:featuredmedia":[{"embeddable":true,"href":"https:\/\/stylingagenten.com\/fi\/wp-json\/wp\/v2\/media\/144760"}],"wp:attachment":[{"href":"https:\/\/stylingagenten.com\/fi\/wp-json\/wp\/v2\/media?parent=144773"}],"wp:term":[{"taxonomy":"product_brand","embeddable":true,"href":"https:\/\/stylingagenten.com\/fi\/wp-json\/wp\/v2\/product_brand?post=144773"},{"taxonomy":"product_cat","embeddable":true,"href":"https:\/\/stylingagenten.com\/fi\/wp-json\/wp\/v2\/product_cat?post=144773"},{"taxonomy":"product_tag","embeddable":true,"href":"https:\/\/stylingagenten.com\/fi\/wp-json\/wp\/v2\/product_tag?post=144773"},{"taxonomy":"berocket_brand","embeddable":true,"href":"https:\/\/stylingagenten.com\/fi\/wp-json\/wp\/v2\/berocket_brand?post=144773"}],"curies":[{"name":"wp","href":"https:\/\/api.w.org\/{rel}","templated":true}]}}