{"id":144750,"date":"2025-05-18T23:31:57","date_gmt":"2025-05-18T23:31:57","guid":{"rendered":"https:\/\/staging2.stylingagenten.com\/fi\/produkt\/batiste-dry-shampoo-heavenly-volume-200ml\/"},"modified":"2026-03-11T21:42:27","modified_gmt":"2026-03-11T21:42:27","slug":"batiste-dry-shampoo-heavenly-volume-200ml","status":"publish","type":"product","link":"https:\/\/stylingagenten.com\/fi\/tuote\/batiste-dry-shampoo-heavenly-volume-200ml\/","title":{"rendered":"Batiste Dry Shampoo Heavenly Volume 200ml"},"content":{"rendered":"<p>Batiste kuivashampoo on t\u00e4ydellinen tuote, joka puhdistaa ja virkist\u00e4\u00e4 hiuksesi v\u00e4litt\u00f6m\u00e4sti pesujen v\u00e4lill\u00e4. Batiste-kuivashampoota on saatavana useissa eri muodoissa ja se on helppo levitt\u00e4\u00e4.<\/p>\n","protected":false},"excerpt":{"rendered":"<p>Batiste kuivashampoo on t\u00e4ydellinen tuote, joka puhdistaa ja virkist\u00e4\u00e4 hiuksesi v\u00e4litt\u00f6m\u00e4sti pesujen v\u00e4lill\u00e4. Batiste-kuivashampoota on saatavana useissa eri muodoissa ja se on helppo levitt\u00e4\u00e4.<\/p>\n","protected":false},"featured_media":144749,"comment_status":"open","ping_status":"closed","template":"","meta":{"_trash_the_other_posts":false},"product_brand":[],"product_cat":[575],"product_tag":[],"berocket_brand":[1136],"class_list":{"0":"post-144750","1":"product","2":"type-product","3":"status-publish","4":"has-post-thumbnail","6":"product_cat-kuivashampoo","7":"pa_brand-batiste","8":"berocket_brand-batiste","10":"first","11":"instock","12":"sale","13":"taxable","14":"shipping-taxable","15":"purchasable","16":"product-type-simple"},"_links":{"self":[{"href":"https:\/\/stylingagenten.com\/fi\/wp-json\/wp\/v2\/product\/144750","targetHints":{"allow":["GET"]}}],"collection":[{"href":"https:\/\/stylingagenten.com\/fi\/wp-json\/wp\/v2\/product"}],"about":[{"href":"https:\/\/stylingagenten.com\/fi\/wp-json\/wp\/v2\/types\/product"}],"replies":[{"embeddable":true,"href":"https:\/\/stylingagenten.com\/fi\/wp-json\/wp\/v2\/comments?post=144750"}],"version-history":[{"count":0,"href":"https:\/\/stylingagenten.com\/fi\/wp-json\/wp\/v2\/product\/144750\/revisions"}],"wp:featuredmedia":[{"embeddable":true,"href":"https:\/\/stylingagenten.com\/fi\/wp-json\/wp\/v2\/media\/144749"}],"wp:attachment":[{"href":"https:\/\/stylingagenten.com\/fi\/wp-json\/wp\/v2\/media?parent=144750"}],"wp:term":[{"taxonomy":"product_brand","embeddable":true,"href":"https:\/\/stylingagenten.com\/fi\/wp-json\/wp\/v2\/product_brand?post=144750"},{"taxonomy":"product_cat","embeddable":true,"href":"https:\/\/stylingagenten.com\/fi\/wp-json\/wp\/v2\/product_cat?post=144750"},{"taxonomy":"product_tag","embeddable":true,"href":"https:\/\/stylingagenten.com\/fi\/wp-json\/wp\/v2\/product_tag?post=144750"},{"taxonomy":"berocket_brand","embeddable":true,"href":"https:\/\/stylingagenten.com\/fi\/wp-json\/wp\/v2\/berocket_brand?post=144750"}],"curies":[{"name":"wp","href":"https:\/\/api.w.org\/{rel}","templated":true}]}}