{"id":144737,"date":"2025-05-18T23:31:55","date_gmt":"2025-05-18T23:31:55","guid":{"rendered":"https:\/\/staging2.stylingagenten.com\/fi\/produkt\/paul-mitchell-express-dry-wash-252ml\/"},"modified":"2026-03-11T21:51:06","modified_gmt":"2026-03-11T21:51:06","slug":"paul-mitchell-express-dry-wash-252ml","status":"publish","type":"product","link":"https:\/\/stylingagenten.com\/fi\/tuote\/paul-mitchell-express-dry-wash-252ml\/","title":{"rendered":"Paul Mitchell Express Dry Wash 300ml"},"content":{"rendered":"<p>Paul Mitchell Express Dry Dry Wash Hairspray -hiuslakalla on kuiva koostumus, joka j\u00e4tt\u00e4\u00e4 hiuksiin v\u00e4litt\u00f6m\u00e4sti raikkaan tuntuisen ja puhtaan tuoksun.<br \/>T\u00e4m\u00e4 kuivashampoo ei j\u00e4t\u00e4 j\u00e4\u00e4mi\u00e4 ja sopii kaikille hiustyypeille ja hiustyypeille. . Saat raikkaan ilmeen ja tuntuman hiuksillesi!<\/p>\n","protected":false},"excerpt":{"rendered":"<p>Paul Mitchell Express Dry Dry Wash Hairspray -hiuslakalla on kuiva koostumus, joka j\u00e4tt\u00e4\u00e4 hiuksiin v\u00e4litt\u00f6m\u00e4sti raikkaan tuntuisen ja puhtaan tuoksun.T\u00e4m\u00e4 kuivashampoo ei j\u00e4t\u00e4 j\u00e4\u00e4mi\u00e4 ja sopii kaikille hiustyypeille ja hiustyypeille. . Saat raikkaan ilmeen ja tuntuman hiuksillesi!<\/p>\n","protected":false},"featured_media":439985,"comment_status":"open","ping_status":"closed","template":"","meta":{"_trash_the_other_posts":false},"product_brand":[],"product_cat":[575],"product_tag":[],"berocket_brand":[1053],"class_list":{"0":"post-144737","1":"product","2":"type-product","3":"status-publish","4":"has-post-thumbnail","6":"product_cat-kuivashampoo","7":"pa_brand-paul-mitchell","8":"berocket_brand-paul-mitchell","10":"first","11":"instock","12":"sale","13":"taxable","14":"shipping-taxable","15":"purchasable","16":"product-type-simple"},"_links":{"self":[{"href":"https:\/\/stylingagenten.com\/fi\/wp-json\/wp\/v2\/product\/144737","targetHints":{"allow":["GET"]}}],"collection":[{"href":"https:\/\/stylingagenten.com\/fi\/wp-json\/wp\/v2\/product"}],"about":[{"href":"https:\/\/stylingagenten.com\/fi\/wp-json\/wp\/v2\/types\/product"}],"replies":[{"embeddable":true,"href":"https:\/\/stylingagenten.com\/fi\/wp-json\/wp\/v2\/comments?post=144737"}],"version-history":[{"count":0,"href":"https:\/\/stylingagenten.com\/fi\/wp-json\/wp\/v2\/product\/144737\/revisions"}],"wp:featuredmedia":[{"embeddable":true,"href":"https:\/\/stylingagenten.com\/fi\/wp-json\/wp\/v2\/media\/439985"}],"wp:attachment":[{"href":"https:\/\/stylingagenten.com\/fi\/wp-json\/wp\/v2\/media?parent=144737"}],"wp:term":[{"taxonomy":"product_brand","embeddable":true,"href":"https:\/\/stylingagenten.com\/fi\/wp-json\/wp\/v2\/product_brand?post=144737"},{"taxonomy":"product_cat","embeddable":true,"href":"https:\/\/stylingagenten.com\/fi\/wp-json\/wp\/v2\/product_cat?post=144737"},{"taxonomy":"product_tag","embeddable":true,"href":"https:\/\/stylingagenten.com\/fi\/wp-json\/wp\/v2\/product_tag?post=144737"},{"taxonomy":"berocket_brand","embeddable":true,"href":"https:\/\/stylingagenten.com\/fi\/wp-json\/wp\/v2\/berocket_brand?post=144737"}],"curies":[{"name":"wp","href":"https:\/\/api.w.org\/{rel}","templated":true}]}}